{"id":100,"date":"2021-02-24T15:31:15","date_gmt":"2021-02-24T14:31:15","guid":{"rendered":"http:\/\/ilfop.be\/?page_id=100"},"modified":"2025-04-24T10:47:23","modified_gmt":"2025-04-24T08:47:23","slug":"bachelier-en-tourisme","status":"publish","type":"page","link":"https:\/\/ilfop.be\/index.php\/76-2\/bachelier-en-tourisme\/","title":{"rendered":"Bachelier en Tourisme et Loisirs"},"content":{"rendered":"\n<div class=\"wp-block-columns is-layout-flex wp-container-core-columns-is-layout-9d6595d7 wp-block-columns-is-layout-flex\">\n<div class=\"wp-block-column is-layout-flow wp-block-column-is-layout-flow\" style=\"flex-basis:33.33%\">\n<figure class=\"wp-block-image size-large\"><img loading=\"lazy\" decoding=\"async\" width=\"1024\" height=\"768\" src=\"https:\/\/ilfop.be\/wp-content\/uploads\/2025\/04\/y-jXNG4C-1024x768.jpg\" alt=\"\" class=\"wp-image-2053\" srcset=\"https:\/\/ilfop.be\/wp-content\/uploads\/2025\/04\/y-jXNG4C-1024x768.jpg 1024w, https:\/\/ilfop.be\/wp-content\/uploads\/2025\/04\/y-jXNG4C-300x225.jpg 300w, https:\/\/ilfop.be\/wp-content\/uploads\/2025\/04\/y-jXNG4C-768x576.jpg 768w, https:\/\/ilfop.be\/wp-content\/uploads\/2025\/04\/y-jXNG4C-1536x1152.jpg 1536w, https:\/\/ilfop.be\/wp-content\/uploads\/2025\/04\/y-jXNG4C.jpg 2048w\" sizes=\"auto, (max-width: 1024px) 100vw, 1024px\" \/><\/figure>\n<\/div>\n\n\n\n<div class=\"wp-block-column is-layout-flow wp-block-column-is-layout-flow\" style=\"flex-basis:66.66%\">\n<p>Organis\u00e9 en partenariat avec l\u2019<a rel=\"noreferrer noopener\" href=\"https:\/\/esa-namur.be\/\" target=\"_blank\">ESA Namur<\/a><\/p>\n\n\n\n<p>Le bachelier en Management du Tourisme et des Loisirs, organis\u00e9 par l\u2019ILFoP  et l&#8217;ESA, propose un enseignement pour adultes complet permettant d\u2019obtenir un dipl\u00f4me sup\u00e9rieur reconnu par la Communaut\u00e9 fran\u00e7aise.<\/p>\n\n\n\n<p>Le bachelier en tourisme et loisirs <strong>con\u00e7oit<\/strong>, <strong>d\u00e9veloppe<\/strong>, <strong>organise<\/strong>, <strong>promeut<\/strong>, <strong>g\u00e8re des projets<\/strong>, des produits et des <strong>services touristiques<\/strong> ou de loisirs, y compris dans leurs aspects \u00e9conomiques et budg\u00e9taires.<\/p>\n\n\n\n<p>Il vend des produits touristiques (tant en agence, en office du tourisme ou en attraction touristique que sur le net), conseille la client\u00e8le, \u00e9tablit les devis et assure la tenue des dossiers clients.&nbsp;Il participe \u00e0 la cr\u00e9ation et \u00e0 la mise en \u0153uvre d\u2019\u00e9v\u00e9nements promotionnant et\/ou mettant en valeur les p\u00f4les et activit\u00e9s touristiques r\u00e9gionaux et locaux.<\/p>\n\n\n\n<p>Il contribue \u00e0 <strong>l\u2019am\u00e9nagement et \u00e0 la gestion de sites<\/strong> et d\u2019infrastructures touristiques et de loisirs.<\/p>\n\n\n\n<p>Il noue et entretient des partenariats avec des acteurs du <strong>monde \u00e9conomique<\/strong>, <strong>culturel<\/strong> et <strong>politique<\/strong>.<\/p>\n\n\n\n<p>Notre bachelier, organis\u00e9 en minimum 4 ans pr\u00e9voit \u00e9galement la r\u00e9alisation de trois stages qui vous permettront d\u2019obtenir une exp\u00e9rience professionnelle, entre autres, dans le milieu des agences de voyages ainsi que dans le milieu r\u00e9ceptif du tourisme. <\/p>\n<\/div>\n<\/div>\n\n\n\n<div style=\"height:28px\" aria-hidden=\"true\" class=\"wp-block-spacer\"><\/div>\n\n\n\n<div class=\"wp-block-file\"><a id=\"wp-block-file--media-bd505a0c-785e-424c-964a-a10afe539093\" href=\"http:\/\/ilfop.be\/wp-content\/uploads\/2022\/04\/sc-management-du-tourisme-et-de-loisirs-D11.pdf\" target=\"_blank\" rel=\"noreferrer noopener\">Organigramme de la section<\/a><a href=\"http:\/\/ilfop.be\/wp-content\/uploads\/2022\/04\/sc-management-du-tourisme-et-de-loisirs-D11.pdf\" class=\"wp-block-file__button\" download aria-describedby=\"wp-block-file--media-bd505a0c-785e-424c-964a-a10afe539093\">T\u00e9l\u00e9charger<\/a><\/div>\n\n\n\n<div style=\"height:29px\" aria-hidden=\"true\" class=\"wp-block-spacer\"><\/div>\n\n\n\n<div class=\"wp-block-columns is-layout-flex wp-container-core-columns-is-layout-9d6595d7 wp-block-columns-is-layout-flex\">\n<div class=\"wp-block-column is-layout-flow wp-block-column-is-layout-flow\">\n<h4 class=\"has-pale-pink-color has-text-color wp-block-heading\">Horaire 2025-2026<\/h4>\n\n\n\n<p style=\"font-size:18px\">Lundi en journ\u00e9e de 13h \u00e0 21h<\/p>\n\n\n\n<p>+ Mardi et Mercredi, de 18h \u00e0 21h et samedi de 08h30 \u00e0 13h<\/p>\n<\/div>\n\n\n\n<div class=\"wp-block-column is-layout-flow wp-block-column-is-layout-flow\">\n<h4 class=\"has-pale-pink-color has-text-color wp-block-heading\">Conditions d&#8217;admission<\/h4>\n\n\n\n<p>Titulaire d&#8217;un CESS<\/p>\n\n\n\n<p>Test d&#8217;admission<\/p>\n<\/div>\n\n\n\n<div class=\"wp-block-column is-layout-flow wp-block-column-is-layout-flow\">\n<h4 class=\"has-pale-pink-color has-text-color wp-block-heading\">Prix de la formation<\/h4>\n\n\n\n<p>389 \u20ac ou 168 \u20ac sous certaines conditions d&#8217;exemption<\/p>\n\n\n\n<p>+ inscription \u00e0 l&#8217;ESA<\/p>\n<\/div>\n<\/div>\n\n\n\n<h4 class=\"has-pale-pink-color has-text-color wp-block-heading\">D\u00e9bouch\u00e9s<\/h4>\n\n\n\n<p>Structures d\u2019h\u00e9bergement<\/p>\n\n\n\n<p>Sites touristiques, stations touristiques, parcs de loisirs, mus\u00e9es \u2026<\/p>\n\n\n\n<p>Agences de voyages, tours-op\u00e9rateurs<\/p>\n\n\n\n<p>Maisons de tourisme, services d\u2019information de tourisme et loisirs<\/p>\n\n\n\n<p>Transport touristique (ferroviaire, routier, a\u00e9rien, maritime, fluvial \u2026),<\/p>\n\n\n\n<p>Organismes publics ou priv\u00e9s dont des activit\u00e9s sont li\u00e9es aux secteurs du tourisme et des loisirs<\/p>\n\n\n\n<p>Secteur MICE<\/p>\n\n\n\n<div class=\"wp-block-columns is-layout-flex wp-container-core-columns-is-layout-9d6595d7 wp-block-columns-is-layout-flex\">\n<div class=\"wp-block-column is-layout-flow wp-block-column-is-layout-flow\"><\/div>\n\n\n\n<div class=\"wp-block-column is-layout-flow wp-block-column-is-layout-flow\"><\/div>\n\n\n\n<div class=\"wp-block-column is-layout-flow wp-block-column-is-layout-flow\"><\/div>\n<\/div>\n\n\n\n<div style=\"height:23px\" aria-hidden=\"true\" class=\"wp-block-spacer\"><\/div>\n\n\n\n<div class=\"wp-block-media-text alignwide is-stacked-on-mobile\"><figure class=\"wp-block-media-text__media\"><img loading=\"lazy\" decoding=\"async\" width=\"1024\" height=\"683\" src=\"http:\/\/ilfop.be\/wp-content\/uploads\/2021\/03\/BAC-7-1024x683-1.jpg\" alt=\"\" class=\"wp-image-341 size-full\" srcset=\"https:\/\/ilfop.be\/wp-content\/uploads\/2021\/03\/BAC-7-1024x683-1.jpg 1024w, https:\/\/ilfop.be\/wp-content\/uploads\/2021\/03\/BAC-7-1024x683-1-300x200.jpg 300w, https:\/\/ilfop.be\/wp-content\/uploads\/2021\/03\/BAC-7-1024x683-1-768x512.jpg 768w\" sizes=\"auto, (max-width: 1024px) 100vw, 1024px\" \/><\/figure><div class=\"wp-block-media-text__content\">\n<blockquote class=\"wp-block-quote is-layout-flow wp-block-quote-is-layout-flow\"><p>Rester, c\u2019est exister. Voyager, c\u2019est vivre.<\/p><cite>Gustave Nadaud<\/cite><\/blockquote>\n<\/div><\/div>\n\n\n\n<div style=\"height:31px\" aria-hidden=\"true\" class=\"wp-block-spacer\"><\/div>\n\n\n\n<figure class=\"wp-block-gallery has-nested-images columns-5 is-cropped wp-block-gallery-1 is-layout-flex wp-block-gallery-is-layout-flex\">\n<figure class=\"wp-block-image size-large\"><a href=\"http:\/\/ilfop.be\/wp-content\/uploads\/2022\/04\/20190329_122024-scaled.jpg\"><img loading=\"lazy\" decoding=\"async\" width=\"1024\" height=\"768\" data-id=\"896\" src=\"http:\/\/ilfop.be\/wp-content\/uploads\/2022\/04\/20190329_122024-1024x768.jpg\" alt=\"\" class=\"wp-image-896\" srcset=\"https:\/\/ilfop.be\/wp-content\/uploads\/2022\/04\/20190329_122024-1024x768.jpg 1024w, https:\/\/ilfop.be\/wp-content\/uploads\/2022\/04\/20190329_122024-300x225.jpg 300w, https:\/\/ilfop.be\/wp-content\/uploads\/2022\/04\/20190329_122024-768x576.jpg 768w, https:\/\/ilfop.be\/wp-content\/uploads\/2022\/04\/20190329_122024-1536x1152.jpg 1536w, https:\/\/ilfop.be\/wp-content\/uploads\/2022\/04\/20190329_122024-2048x1536.jpg 2048w\" sizes=\"auto, (max-width: 1024px) 100vw, 1024px\" \/><\/a><\/figure>\n\n\n\n<figure class=\"wp-block-image size-large\"><a href=\"http:\/\/ilfop.be\/wp-content\/uploads\/2022\/04\/BAC-6-1024x683-1.jpg\"><img loading=\"lazy\" decoding=\"async\" width=\"1024\" height=\"683\" data-id=\"888\" src=\"http:\/\/ilfop.be\/wp-content\/uploads\/2022\/04\/BAC-6-1024x683-1.jpg\" alt=\"\" class=\"wp-image-888\" srcset=\"https:\/\/ilfop.be\/wp-content\/uploads\/2022\/04\/BAC-6-1024x683-1.jpg 1024w, https:\/\/ilfop.be\/wp-content\/uploads\/2022\/04\/BAC-6-1024x683-1-300x200.jpg 300w, https:\/\/ilfop.be\/wp-content\/uploads\/2022\/04\/BAC-6-1024x683-1-768x512.jpg 768w\" sizes=\"auto, (max-width: 1024px) 100vw, 1024px\" \/><\/a><\/figure>\n\n\n\n<figure class=\"wp-block-image size-large\"><a href=\"http:\/\/ilfop.be\/wp-content\/uploads\/2022\/04\/43880012_744646649205219_2214445731492659200_n.jpg\"><img loading=\"lazy\" decoding=\"async\" width=\"1024\" height=\"768\" data-id=\"891\" src=\"http:\/\/ilfop.be\/wp-content\/uploads\/2022\/04\/43880012_744646649205219_2214445731492659200_n-1024x768.jpg\" alt=\"\" class=\"wp-image-891\" srcset=\"https:\/\/ilfop.be\/wp-content\/uploads\/2022\/04\/43880012_744646649205219_2214445731492659200_n-1024x768.jpg 1024w, https:\/\/ilfop.be\/wp-content\/uploads\/2022\/04\/43880012_744646649205219_2214445731492659200_n-300x225.jpg 300w, https:\/\/ilfop.be\/wp-content\/uploads\/2022\/04\/43880012_744646649205219_2214445731492659200_n-768x576.jpg 768w, https:\/\/ilfop.be\/wp-content\/uploads\/2022\/04\/43880012_744646649205219_2214445731492659200_n-1536x1152.jpg 1536w, https:\/\/ilfop.be\/wp-content\/uploads\/2022\/04\/43880012_744646649205219_2214445731492659200_n.jpg 1600w\" sizes=\"auto, (max-width: 1024px) 100vw, 1024px\" \/><\/a><\/figure>\n\n\n\n<figure class=\"wp-block-image size-large\"><a href=\"http:\/\/ilfop.be\/wp-content\/uploads\/2022\/04\/52956291_2508989192507017_243027825341235200_n.jpg\"><img loading=\"lazy\" decoding=\"async\" width=\"960\" height=\"720\" data-id=\"890\" src=\"http:\/\/ilfop.be\/wp-content\/uploads\/2022\/04\/52956291_2508989192507017_243027825341235200_n.jpg\" alt=\"\" class=\"wp-image-890\" srcset=\"https:\/\/ilfop.be\/wp-content\/uploads\/2022\/04\/52956291_2508989192507017_243027825341235200_n.jpg 960w, https:\/\/ilfop.be\/wp-content\/uploads\/2022\/04\/52956291_2508989192507017_243027825341235200_n-300x225.jpg 300w, https:\/\/ilfop.be\/wp-content\/uploads\/2022\/04\/52956291_2508989192507017_243027825341235200_n-768x576.jpg 768w\" sizes=\"auto, (max-width: 960px) 100vw, 960px\" \/><\/a><\/figure>\n\n\n\n<figure class=\"wp-block-image size-large\"><a href=\"http:\/\/ilfop.be\/wp-content\/uploads\/2022\/04\/IMG-20190331-WA0122.jpg\"><img loading=\"lazy\" decoding=\"async\" width=\"1024\" height=\"768\" data-id=\"893\" src=\"http:\/\/ilfop.be\/wp-content\/uploads\/2022\/04\/IMG-20190331-WA0122-1024x768.jpg\" alt=\"\" class=\"wp-image-893\" srcset=\"https:\/\/ilfop.be\/wp-content\/uploads\/2022\/04\/IMG-20190331-WA0122-1024x768.jpg 1024w, https:\/\/ilfop.be\/wp-content\/uploads\/2022\/04\/IMG-20190331-WA0122-300x225.jpg 300w, https:\/\/ilfop.be\/wp-content\/uploads\/2022\/04\/IMG-20190331-WA0122-768x576.jpg 768w, https:\/\/ilfop.be\/wp-content\/uploads\/2022\/04\/IMG-20190331-WA0122-1536x1152.jpg 1536w, https:\/\/ilfop.be\/wp-content\/uploads\/2022\/04\/IMG-20190331-WA0122.jpg 1600w\" sizes=\"auto, (max-width: 1024px) 100vw, 1024px\" \/><\/a><\/figure>\n\n\n\n<figure class=\"wp-block-image size-large\"><a href=\"http:\/\/ilfop.be\/wp-content\/uploads\/2022\/04\/BAC-9-1024x682-1.jpg\"><img loading=\"lazy\" decoding=\"async\" width=\"1024\" height=\"682\" data-id=\"889\" src=\"http:\/\/ilfop.be\/wp-content\/uploads\/2022\/04\/BAC-9-1024x682-1.jpg\" alt=\"\" class=\"wp-image-889\" srcset=\"https:\/\/ilfop.be\/wp-content\/uploads\/2022\/04\/BAC-9-1024x682-1.jpg 1024w, https:\/\/ilfop.be\/wp-content\/uploads\/2022\/04\/BAC-9-1024x682-1-300x200.jpg 300w, https:\/\/ilfop.be\/wp-content\/uploads\/2022\/04\/BAC-9-1024x682-1-768x512.jpg 768w\" sizes=\"auto, (max-width: 1024px) 100vw, 1024px\" \/><\/a><\/figure>\n\n\n\n<figure class=\"wp-block-image size-large\"><a href=\"http:\/\/ilfop.be\/wp-content\/uploads\/2022\/04\/20190330_111800-scaled.jpg\"><img loading=\"lazy\" decoding=\"async\" width=\"1024\" height=\"768\" data-id=\"895\" src=\"http:\/\/ilfop.be\/wp-content\/uploads\/2022\/04\/20190330_111800-1024x768.jpg\" alt=\"\" class=\"wp-image-895\" srcset=\"https:\/\/ilfop.be\/wp-content\/uploads\/2022\/04\/20190330_111800-1024x768.jpg 1024w, https:\/\/ilfop.be\/wp-content\/uploads\/2022\/04\/20190330_111800-300x225.jpg 300w, https:\/\/ilfop.be\/wp-content\/uploads\/2022\/04\/20190330_111800-768x576.jpg 768w, https:\/\/ilfop.be\/wp-content\/uploads\/2022\/04\/20190330_111800-1536x1152.jpg 1536w, https:\/\/ilfop.be\/wp-content\/uploads\/2022\/04\/20190330_111800-2048x1536.jpg 2048w\" sizes=\"auto, (max-width: 1024px) 100vw, 1024px\" \/><\/a><\/figure>\n\n\n\n<figure class=\"wp-block-image size-large\"><a href=\"http:\/\/ilfop.be\/wp-content\/uploads\/2022\/04\/IMG-20190331-WA0026.jpg\"><img loading=\"lazy\" decoding=\"async\" width=\"1024\" height=\"768\" data-id=\"892\" src=\"http:\/\/ilfop.be\/wp-content\/uploads\/2022\/04\/IMG-20190331-WA0026-1024x768.jpg\" alt=\"\" class=\"wp-image-892\" srcset=\"https:\/\/ilfop.be\/wp-content\/uploads\/2022\/04\/IMG-20190331-WA0026-1024x768.jpg 1024w, https:\/\/ilfop.be\/wp-content\/uploads\/2022\/04\/IMG-20190331-WA0026-300x225.jpg 300w, https:\/\/ilfop.be\/wp-content\/uploads\/2022\/04\/IMG-20190331-WA0026-768x576.jpg 768w, https:\/\/ilfop.be\/wp-content\/uploads\/2022\/04\/IMG-20190331-WA0026-1536x1152.jpg 1536w, https:\/\/ilfop.be\/wp-content\/uploads\/2022\/04\/IMG-20190331-WA0026.jpg 1600w\" sizes=\"auto, (max-width: 1024px) 100vw, 1024px\" \/><\/a><\/figure>\n\n\n\n<figure class=\"wp-block-image size-large\"><a href=\"http:\/\/ilfop.be\/wp-content\/uploads\/2022\/04\/IMG-20210301-WA0005.jpg\"><img loading=\"lazy\" decoding=\"async\" width=\"1024\" height=\"768\" data-id=\"894\" src=\"http:\/\/ilfop.be\/wp-content\/uploads\/2022\/04\/IMG-20210301-WA0005-1024x768.jpg\" alt=\"\" class=\"wp-image-894\" srcset=\"https:\/\/ilfop.be\/wp-content\/uploads\/2022\/04\/IMG-20210301-WA0005-1024x768.jpg 1024w, https:\/\/ilfop.be\/wp-content\/uploads\/2022\/04\/IMG-20210301-WA0005-300x225.jpg 300w, https:\/\/ilfop.be\/wp-content\/uploads\/2022\/04\/IMG-20210301-WA0005-768x576.jpg 768w, https:\/\/ilfop.be\/wp-content\/uploads\/2022\/04\/IMG-20210301-WA0005-1536x1152.jpg 1536w, https:\/\/ilfop.be\/wp-content\/uploads\/2022\/04\/IMG-20210301-WA0005.jpg 1920w\" sizes=\"auto, (max-width: 1024px) 100vw, 1024px\" \/><\/a><\/figure>\n<\/figure>\n","protected":false},"excerpt":{"rendered":"<p>Organis\u00e9 en partenariat avec l\u2019ESA Namur Le bachelier en Management du Tourisme et des Loisirs, organis\u00e9 par l\u2019ILFoP et l&#8217;ESA, propose un enseignement pour adultes complet permettant d\u2019obtenir un dipl\u00f4me sup\u00e9rieur reconnu par la Communaut\u00e9 fran\u00e7aise. Le bachelier en tourisme et loisirs con\u00e7oit, d\u00e9veloppe, organise, promeut, g\u00e8re des projets, des produits et des services touristiques [&hellip;]<\/p>\n","protected":false},"author":1,"featured_media":0,"parent":76,"menu_order":0,"comment_status":"closed","ping_status":"closed","template":"","meta":{"footnotes":""},"class_list":["post-100","page","type-page","status-publish","hentry"],"_links":{"self":[{"href":"https:\/\/ilfop.be\/index.php\/wp-json\/wp\/v2\/pages\/100","targetHints":{"allow":["GET"]}}],"collection":[{"href":"https:\/\/ilfop.be\/index.php\/wp-json\/wp\/v2\/pages"}],"about":[{"href":"https:\/\/ilfop.be\/index.php\/wp-json\/wp\/v2\/types\/page"}],"author":[{"embeddable":true,"href":"https:\/\/ilfop.be\/index.php\/wp-json\/wp\/v2\/users\/1"}],"replies":[{"embeddable":true,"href":"https:\/\/ilfop.be\/index.php\/wp-json\/wp\/v2\/comments?post=100"}],"version-history":[{"count":28,"href":"https:\/\/ilfop.be\/index.php\/wp-json\/wp\/v2\/pages\/100\/revisions"}],"predecessor-version":[{"id":2056,"href":"https:\/\/ilfop.be\/index.php\/wp-json\/wp\/v2\/pages\/100\/revisions\/2056"}],"up":[{"embeddable":true,"href":"https:\/\/ilfop.be\/index.php\/wp-json\/wp\/v2\/pages\/76"}],"wp:attachment":[{"href":"https:\/\/ilfop.be\/index.php\/wp-json\/wp\/v2\/media?parent=100"}],"curies":[{"name":"wp","href":"https:\/\/api.w.org\/{rel}","templated":true}]}}