{"id":103,"date":"2021-02-24T15:33:43","date_gmt":"2021-02-24T14:33:43","guid":{"rendered":"http:\/\/ilfop.be\/?page_id=103"},"modified":"2025-08-21T12:25:46","modified_gmt":"2025-08-21T10:25:46","slug":"cvr-2","status":"publish","type":"page","link":"https:\/\/ilfop.be\/index.php\/76-2\/cvr-2\/","title":{"rendered":"CVR"},"content":{"rendered":"\n<div class=\"wp-block-columns is-layout-flex wp-container-core-columns-is-layout-9d6595d7 wp-block-columns-is-layout-flex\">\n<div class=\"wp-block-column is-layout-flow wp-block-column-is-layout-flow\" style=\"flex-basis:33.33%\">\n<figure class=\"wp-block-image size-large\"><img loading=\"lazy\" decoding=\"async\" width=\"1024\" height=\"683\" src=\"https:\/\/ilfop.be\/wp-content\/uploads\/2025\/08\/clark-street-mercantile-P3pI6xzovu0-unsplash-1024x683.jpg\" alt=\"\" class=\"wp-image-2211\" srcset=\"https:\/\/ilfop.be\/wp-content\/uploads\/2025\/08\/clark-street-mercantile-P3pI6xzovu0-unsplash-1024x683.jpg 1024w, https:\/\/ilfop.be\/wp-content\/uploads\/2025\/08\/clark-street-mercantile-P3pI6xzovu0-unsplash-300x200.jpg 300w, https:\/\/ilfop.be\/wp-content\/uploads\/2025\/08\/clark-street-mercantile-P3pI6xzovu0-unsplash-768x513.jpg 768w, https:\/\/ilfop.be\/wp-content\/uploads\/2025\/08\/clark-street-mercantile-P3pI6xzovu0-unsplash-1536x1025.jpg 1536w, https:\/\/ilfop.be\/wp-content\/uploads\/2025\/08\/clark-street-mercantile-P3pI6xzovu0-unsplash-2048x1367.jpg 2048w\" sizes=\"auto, (max-width: 1024px) 100vw, 1024px\" \/><\/figure>\n<\/div>\n\n\n\n<div class=\"wp-block-column is-layout-flow wp-block-column-is-layout-flow\" style=\"flex-basis:66.66%\">\n<p>Tu souhaites travailler dans la vente ? Tu as le contact facile et l\u2019envie de trouver le bon article pour chaque client ? Tu veux apprendre avec des enseignants et professionnels de la vente ?&nbsp;<\/p>\n\n\n\n<p>La formation de caissier-vendeur-r\u00e9assortisseur est une option rapide pour acqu\u00e9rir et ma\u00eetriser les techniques de vente et de communication au travers de cours pratiques, de visites de magasins et d\u2019un stage en entreprise.<\/p>\n<\/div>\n<\/div>\n\n\n\n<p><\/p>\n\n\n\n<div class=\"wp-block-file\"><a id=\"wp-block-file--media-29466c89-c85b-4c27-80b9-e52413c2e1fd\" href=\"http:\/\/ilfop.be\/wp-content\/uploads\/2022\/05\/CVR.pdf\" target=\"_blank\" rel=\"noreferrer noopener\">Organigramme de la section<\/a><a href=\"http:\/\/ilfop.be\/wp-content\/uploads\/2022\/05\/CVR.pdf\" class=\"wp-block-file__button\" download aria-describedby=\"wp-block-file--media-29466c89-c85b-4c27-80b9-e52413c2e1fd\">T\u00e9l\u00e9charger<\/a><\/div>\n\n\n\n<div style=\"height:40px\" aria-hidden=\"true\" class=\"wp-block-spacer\"><\/div>\n\n\n\n<div class=\"wp-block-group\"><div class=\"wp-block-group__inner-container is-layout-flow wp-block-group-is-layout-flow\">\n<div class=\"wp-block-columns is-layout-flex wp-container-core-columns-is-layout-9d6595d7 wp-block-columns-is-layout-flex\">\n<div class=\"wp-block-column is-layout-flow wp-block-column-is-layout-flow\">\n<h4 class=\"has-pale-pink-color has-text-color wp-block-heading\">Horaires 2025-2026<\/h4>\n\n\n\n<p>Lundi, mardi et jeudi, de 09h \u00e0 16h20 pendant 5 mois de septembre \u00e0 janvier ou de f\u00e9vrier \u00e0 juin. <\/p>\n<\/div>\n\n\n\n<div class=\"wp-block-column is-layout-flow wp-block-column-is-layout-flow\">\n<h4 class=\"has-pale-pink-color has-text-color wp-block-heading\">Conditions d&#8217;admissions<\/h4>\n\n\n\n<p>CEB ou test d\u2019admission en expression orale fran\u00e7aise<\/p>\n<\/div>\n\n\n\n<div class=\"wp-block-column is-layout-flow wp-block-column-is-layout-flow\">\n<h4 class=\"has-pale-pink-color has-text-color wp-block-heading\">Prix de la formation<\/h4>\n\n\n\n<p>212,90 \u20ac ou 81,20 \u20ac sous certaines conditions d&#8217;exemption<\/p>\n<\/div>\n<\/div>\n<\/div><\/div>\n\n\n\n<div class=\"wp-block-columns is-layout-flex wp-container-core-columns-is-layout-9d6595d7 wp-block-columns-is-layout-flex\">\n<div class=\"wp-block-column is-layout-flow wp-block-column-is-layout-flow\">\n<h4 class=\"has-pale-pink-color has-text-color wp-block-heading\">D\u00e9bouch\u00e9s<\/h4>\n\n\n\n<p>Caissier, vente, r\u00e9assort dans les grandes surfaces, magasins de proximit\u00e9, textiles, etc&#8230;<\/p>\n<\/div>\n\n\n\n<div class=\"wp-block-column is-layout-flow wp-block-column-is-layout-flow\"><\/div>\n\n\n\n<div class=\"wp-block-column is-layout-flow wp-block-column-is-layout-flow\"><\/div>\n<\/div>\n\n\n\n<div style=\"height:40px\" aria-hidden=\"true\" class=\"wp-block-spacer\"><\/div>\n\n\n\n<div class=\"wp-block-media-text alignwide is-stacked-on-mobile\"><figure class=\"wp-block-media-text__media\"><img loading=\"lazy\" decoding=\"async\" width=\"1024\" height=\"683\" src=\"http:\/\/ilfop.be\/wp-content\/uploads\/2021\/03\/rob-maxwell-6Xb0-zJM_lU-unsplash-1024x683.jpg\" alt=\"\" class=\"wp-image-348 size-full\" srcset=\"https:\/\/ilfop.be\/wp-content\/uploads\/2021\/03\/rob-maxwell-6Xb0-zJM_lU-unsplash-1024x683.jpg 1024w, https:\/\/ilfop.be\/wp-content\/uploads\/2021\/03\/rob-maxwell-6Xb0-zJM_lU-unsplash-300x200.jpg 300w, https:\/\/ilfop.be\/wp-content\/uploads\/2021\/03\/rob-maxwell-6Xb0-zJM_lU-unsplash-768x512.jpg 768w, https:\/\/ilfop.be\/wp-content\/uploads\/2021\/03\/rob-maxwell-6Xb0-zJM_lU-unsplash-1536x1024.jpg 1536w, https:\/\/ilfop.be\/wp-content\/uploads\/2021\/03\/rob-maxwell-6Xb0-zJM_lU-unsplash-2048x1365.jpg 2048w\" sizes=\"auto, (max-width: 1024px) 100vw, 1024px\" \/><\/figure><div class=\"wp-block-media-text__content\">\n<blockquote class=\"wp-block-quote is-layout-flow wp-block-quote-is-layout-flow\"><p>Les bons conseillers ne manquent pas de clients.<\/p><cite>William Shakespeare<\/cite><\/blockquote>\n<\/div><\/div>\n","protected":false},"excerpt":{"rendered":"<p>Tu souhaites travailler dans la vente ? Tu as le contact facile et l\u2019envie de trouver le bon article pour chaque client ? Tu veux apprendre avec des enseignants et professionnels de la vente ?&nbsp; La formation de caissier-vendeur-r\u00e9assortisseur est une option rapide pour acqu\u00e9rir et ma\u00eetriser les techniques de vente et de communication au [&hellip;]<\/p>\n","protected":false},"author":1,"featured_media":0,"parent":76,"menu_order":0,"comment_status":"closed","ping_status":"closed","template":"","meta":{"footnotes":""},"class_list":["post-103","page","type-page","status-publish","hentry"],"_links":{"self":[{"href":"https:\/\/ilfop.be\/index.php\/wp-json\/wp\/v2\/pages\/103","targetHints":{"allow":["GET"]}}],"collection":[{"href":"https:\/\/ilfop.be\/index.php\/wp-json\/wp\/v2\/pages"}],"about":[{"href":"https:\/\/ilfop.be\/index.php\/wp-json\/wp\/v2\/types\/page"}],"author":[{"embeddable":true,"href":"https:\/\/ilfop.be\/index.php\/wp-json\/wp\/v2\/users\/1"}],"replies":[{"embeddable":true,"href":"https:\/\/ilfop.be\/index.php\/wp-json\/wp\/v2\/comments?post=103"}],"version-history":[{"count":40,"href":"https:\/\/ilfop.be\/index.php\/wp-json\/wp\/v2\/pages\/103\/revisions"}],"predecessor-version":[{"id":2213,"href":"https:\/\/ilfop.be\/index.php\/wp-json\/wp\/v2\/pages\/103\/revisions\/2213"}],"up":[{"embeddable":true,"href":"https:\/\/ilfop.be\/index.php\/wp-json\/wp\/v2\/pages\/76"}],"wp:attachment":[{"href":"https:\/\/ilfop.be\/index.php\/wp-json\/wp\/v2\/media?parent=103"}],"curies":[{"name":"wp","href":"https:\/\/api.w.org\/{rel}","templated":true}]}}