{"id":1044,"date":"2022-06-01T14:57:55","date_gmt":"2022-06-01T12:57:55","guid":{"rendered":"http:\/\/ilfop.be\/?page_id=1044"},"modified":"2023-09-12T11:12:44","modified_gmt":"2023-09-12T09:12:44","slug":"coiffure","status":"publish","type":"page","link":"https:\/\/ilfop.be\/index.php\/formations-namur\/coiffure\/","title":{"rendered":"Agent en Accueil &#038; Tourisme"},"content":{"rendered":"\n<p>Nouvelle formation 2023-2024<\/p>\n\n\n\n<div style=\"height:30px\" aria-hidden=\"true\" class=\"wp-block-spacer\"><\/div>\n\n\n\n<p>Une formation qui te permettra de d\u00e9velopper des comp\u00e9tences techniques, pratiques et stylistiques qui feront de toi un coiffeur\/une coiffeuse, un m\u00e9tier cr\u00e9atif, un m\u00e9tier de contact, un m\u00e9tier plein de <\/p>\n\n\n\n<p>L&#8217;agent en accueil et tourisme est avant tout une personne de communication.<\/p>\n\n\n\n<p>L\u2019agent d\u2019accueil et de tourisme poss\u00e9dera une bonne formation culturelle, pourra \u00e9tablir des contacts sociaux positifs et ma\u00eetriser certaines techniques de communication, de gestion de donn\u00e9es afin de r\u00e9pondre correctement aux exigences du secteur public et priv\u00e9 pour notamment accueillir et informer le public, encadrer diverses manifestations, participer \u00e0 des actions de relations publiques et occuper des fonctions de t\u00e9l\u00e9phoniste au sein d\u2019une entreprise.<\/p>\n\n\n\n<p>Toutes ces qualit\u00e9s doivent \u00eatre accompagn\u00e9es d\u2019une bonne connaissance des langues, et d\u2019une culture g\u00e9n\u00e9rale la plus large possible.<\/p>\n\n\n\n<p>La section vise \u00e9galement \u00e0 permettre \u00e0 l\u2019\u00e9tudiant d\u2019acqu\u00e9rir des connaissances et des aptitudes li\u00e9es au traitement informatis\u00e9 de l\u2019information.<\/p>\n\n\n\n<p>La formation est en collaboration avec <strong>l&#8217;EAFC Cadets <\/strong>et <strong>l&#8217;EAFC Dinant<\/strong> <\/p>\n\n\n\n<p>Tous les cours sont donn\u00e9s dans les locaux de l&#8217;EAFC Cadets. <\/p>\n\n\n\n<div style=\"height:40px\" aria-hidden=\"true\" class=\"wp-block-spacer\"><\/div>\n\n\n\n<p>&nbsp;<\/p>\n\n\n\n<div class=\"wp-block-columns is-layout-flex wp-container-core-columns-is-layout-9d6595d7 wp-block-columns-is-layout-flex\">\n<div class=\"wp-block-column is-layout-flow wp-block-column-is-layout-flow\">\n<h5 class=\"has-pale-pink-color has-text-color wp-block-heading\">Horaire<\/h5>\n\n\n\n<p>2 apr\u00e8s-midi\/soir\u00e9es par semaine<\/p>\n\n\n\n<p><\/p>\n<\/div>\n\n\n\n<div class=\"wp-block-column is-layout-flow wp-block-column-is-layout-flow\">\n<h5 class=\"has-pale-pink-color has-text-color wp-block-heading\">Conditions d&#8217;admission<\/h5>\n\n\n\n<p>\u00catre porteur du certificat de l\u2019enseignement secondaire inf\u00e9rieur (CESI ou C2D) ou pr\u00e9senter un test d\u2019admission en fran\u00e7ais et math\u00e9matique de niveau inf\u00e9rieur.<\/p>\n<\/div>\n\n\n\n<div class=\"wp-block-column is-layout-flow wp-block-column-is-layout-flow\">\n<h5 class=\"has-pale-pink-color has-text-color wp-block-heading\">D\u00e9bouch\u00e9s<\/h5>\n\n\n\n<p>Services d\u2019accueil d\u2019entreprises, organismes, services publics, r\u00e9ceptions d\u2019h\u00f4tels, villages de vacances, sites touristiques, offices du tourisme, agences de voyage ou tours op\u00e9rateurs .<\/p>\n\n\n\n<p>Le compl\u00e9ment CESS est accessible pour Agent en accueil et tourisme (avec langues). Vous pouvez suivre celui-ci en m\u00eame temps, mais vous ne pourrez passer l&#8217;\u00e9preuve int\u00e9gr\u00e9e du compl\u00e9ment CESS (en septembre) que lorsque vous serez dipl\u00f4m\u00e9 de la formation.<\/p>\n<\/div>\n<\/div>\n\n\n\n<div style=\"height:40px\" aria-hidden=\"true\" class=\"wp-block-spacer\"><\/div>\n\n\n\n<div class=\"wp-block-media-text alignwide is-stacked-on-mobile\"><figure class=\"wp-block-media-text__media\"><img loading=\"lazy\" decoding=\"async\" width=\"1024\" height=\"1024\" src=\"http:\/\/ilfop.be\/wp-content\/uploads\/2022\/06\/anne-marie-pos-Tt_6cNzTDUk-unsplash-1024x1024.jpg\" alt=\"\" class=\"wp-image-1031 size-full\" srcset=\"https:\/\/ilfop.be\/wp-content\/uploads\/2022\/06\/anne-marie-pos-Tt_6cNzTDUk-unsplash-1024x1024.jpg 1024w, https:\/\/ilfop.be\/wp-content\/uploads\/2022\/06\/anne-marie-pos-Tt_6cNzTDUk-unsplash-300x300.jpg 300w, https:\/\/ilfop.be\/wp-content\/uploads\/2022\/06\/anne-marie-pos-Tt_6cNzTDUk-unsplash-150x150.jpg 150w, https:\/\/ilfop.be\/wp-content\/uploads\/2022\/06\/anne-marie-pos-Tt_6cNzTDUk-unsplash-768x768.jpg 768w, https:\/\/ilfop.be\/wp-content\/uploads\/2022\/06\/anne-marie-pos-Tt_6cNzTDUk-unsplash-1536x1536.jpg 1536w, https:\/\/ilfop.be\/wp-content\/uploads\/2022\/06\/anne-marie-pos-Tt_6cNzTDUk-unsplash-2048x2048.jpg 2048w\" sizes=\"auto, (max-width: 1024px) 100vw, 1024px\" \/><\/figure><div class=\"wp-block-media-text__content\">\n<blockquote class=\"wp-block-quote is-layout-flow wp-block-quote-is-layout-flow\"><p>Le bon accueil est le meilleur plat. <\/p><cite>Proverbe Anglais<\/cite><\/blockquote>\n\n\n\n<p><\/p>\n<\/div><\/div>\n\n\n\n<p><\/p>\n","protected":false},"excerpt":{"rendered":"<p>Nouvelle formation 2023-2024 Une formation qui te permettra de d\u00e9velopper des comp\u00e9tences techniques, pratiques et stylistiques qui feront de toi un coiffeur\/une coiffeuse, un m\u00e9tier cr\u00e9atif, un m\u00e9tier de contact, un m\u00e9tier plein de L&#8217;agent en accueil et tourisme est avant tout une personne de communication. L\u2019agent d\u2019accueil et de tourisme poss\u00e9dera une bonne formation [&hellip;]<\/p>\n","protected":false},"author":1,"featured_media":0,"parent":722,"menu_order":0,"comment_status":"closed","ping_status":"closed","template":"","meta":{"footnotes":""},"class_list":["post-1044","page","type-page","status-publish","hentry"],"_links":{"self":[{"href":"https:\/\/ilfop.be\/index.php\/wp-json\/wp\/v2\/pages\/1044","targetHints":{"allow":["GET"]}}],"collection":[{"href":"https:\/\/ilfop.be\/index.php\/wp-json\/wp\/v2\/pages"}],"about":[{"href":"https:\/\/ilfop.be\/index.php\/wp-json\/wp\/v2\/types\/page"}],"author":[{"embeddable":true,"href":"https:\/\/ilfop.be\/index.php\/wp-json\/wp\/v2\/users\/1"}],"replies":[{"embeddable":true,"href":"https:\/\/ilfop.be\/index.php\/wp-json\/wp\/v2\/comments?post=1044"}],"version-history":[{"count":8,"href":"https:\/\/ilfop.be\/index.php\/wp-json\/wp\/v2\/pages\/1044\/revisions"}],"predecessor-version":[{"id":1567,"href":"https:\/\/ilfop.be\/index.php\/wp-json\/wp\/v2\/pages\/1044\/revisions\/1567"}],"up":[{"embeddable":true,"href":"https:\/\/ilfop.be\/index.php\/wp-json\/wp\/v2\/pages\/722"}],"wp:attachment":[{"href":"https:\/\/ilfop.be\/index.php\/wp-json\/wp\/v2\/media?parent=1044"}],"curies":[{"name":"wp","href":"https:\/\/api.w.org\/{rel}","templated":true}]}}