{"id":107,"date":"2021-02-24T15:35:11","date_gmt":"2021-02-24T14:35:11","guid":{"rendered":"http:\/\/ilfop.be\/?page_id=107"},"modified":"2025-04-24T10:52:05","modified_gmt":"2025-04-24T08:52:05","slug":"complement-cess","status":"publish","type":"page","link":"https:\/\/ilfop.be\/index.php\/76-2\/complement-cess\/","title":{"rendered":"Compl\u00e9ment CESS"},"content":{"rendered":"\n<p>Organis\u00e9 en collaboration avec l&#8217;<a href=\"https:\/\/www.itn-epa.be\/\">ITN Namur<\/a> et l&#8217;<a href=\"https:\/\/www.namur-cadets.be\/\">EAFC Cadets<\/a>.<\/p>\n\n\n\n<div class=\"wp-block-columns is-layout-flex wp-container-core-columns-is-layout-9d6595d7 wp-block-columns-is-layout-flex\">\n<div class=\"wp-block-column is-layout-flow wp-block-column-is-layout-flow\">\n<figure class=\"wp-block-image size-large\"><img loading=\"lazy\" decoding=\"async\" width=\"1024\" height=\"1024\" src=\"http:\/\/ilfop.be\/wp-content\/uploads\/2024\/06\/ITN-2-1024x1024.jpg\" alt=\"\" class=\"wp-image-1857\" srcset=\"https:\/\/ilfop.be\/wp-content\/uploads\/2024\/06\/ITN-2-1024x1024.jpg 1024w, https:\/\/ilfop.be\/wp-content\/uploads\/2024\/06\/ITN-2-300x300.jpg 300w, https:\/\/ilfop.be\/wp-content\/uploads\/2024\/06\/ITN-2-150x150.jpg 150w, https:\/\/ilfop.be\/wp-content\/uploads\/2024\/06\/ITN-2-768x768.jpg 768w, https:\/\/ilfop.be\/wp-content\/uploads\/2024\/06\/ITN-2-1536x1536.jpg 1536w, https:\/\/ilfop.be\/wp-content\/uploads\/2024\/06\/ITN-2-2048x2048.jpg 2048w\" sizes=\"auto, (max-width: 1024px) 100vw, 1024px\" \/><\/figure>\n<\/div>\n\n\n\n<div class=\"wp-block-column is-layout-flow wp-block-column-is-layout-flow\">\n<figure class=\"wp-block-image size-large\"><img loading=\"lazy\" decoding=\"async\" width=\"1024\" height=\"1024\" src=\"http:\/\/ilfop.be\/wp-content\/uploads\/2024\/06\/EAFC-Cadets-1-1024x1024.jpg\" alt=\"\" class=\"wp-image-1832\" srcset=\"https:\/\/ilfop.be\/wp-content\/uploads\/2024\/06\/EAFC-Cadets-1-1024x1024.jpg 1024w, https:\/\/ilfop.be\/wp-content\/uploads\/2024\/06\/EAFC-Cadets-1-300x300.jpg 300w, https:\/\/ilfop.be\/wp-content\/uploads\/2024\/06\/EAFC-Cadets-1-150x150.jpg 150w, https:\/\/ilfop.be\/wp-content\/uploads\/2024\/06\/EAFC-Cadets-1-768x768.jpg 768w, https:\/\/ilfop.be\/wp-content\/uploads\/2024\/06\/EAFC-Cadets-1-1536x1536.jpg 1536w, https:\/\/ilfop.be\/wp-content\/uploads\/2024\/06\/EAFC-Cadets-1-2048x2048.jpg 2048w\" sizes=\"auto, (max-width: 1024px) 100vw, 1024px\" \/><\/figure>\n<\/div>\n\n\n\n<div class=\"wp-block-column is-layout-flow wp-block-column-is-layout-flow\">\n<figure class=\"wp-block-image size-large\"><img loading=\"lazy\" decoding=\"async\" width=\"1024\" height=\"1024\" src=\"http:\/\/ilfop.be\/wp-content\/uploads\/2024\/06\/ILFoP-1024x1024.png\" alt=\"\" class=\"wp-image-1859\" srcset=\"https:\/\/ilfop.be\/wp-content\/uploads\/2024\/06\/ILFoP-1024x1024.png 1024w, https:\/\/ilfop.be\/wp-content\/uploads\/2024\/06\/ILFoP-300x300.png 300w, https:\/\/ilfop.be\/wp-content\/uploads\/2024\/06\/ILFoP-150x150.png 150w, https:\/\/ilfop.be\/wp-content\/uploads\/2024\/06\/ILFoP-768x768.png 768w, https:\/\/ilfop.be\/wp-content\/uploads\/2024\/06\/ILFoP-1536x1536.png 1536w, https:\/\/ilfop.be\/wp-content\/uploads\/2024\/06\/ILFoP-2048x2048.png 2048w\" sizes=\"auto, (max-width: 1024px) 100vw, 1024px\" \/><\/figure>\n<\/div>\n\n\n\n<div class=\"wp-block-column is-layout-flow wp-block-column-is-layout-flow\"><\/div>\n\n\n\n<div class=\"wp-block-column is-layout-flow wp-block-column-is-layout-flow\"><\/div>\n\n\n\n<div class=\"wp-block-column is-layout-flow wp-block-column-is-layout-flow\"><\/div>\n\n\n\n<div class=\"wp-block-column is-layout-flow wp-block-column-is-layout-flow\"><\/div>\n<\/div>\n\n\n\n<div class=\"wp-block-columns is-layout-flex wp-container-core-columns-is-layout-9d6595d7 wp-block-columns-is-layout-flex\">\n<div class=\"wp-block-column is-layout-flow wp-block-column-is-layout-flow\" style=\"flex-basis:33.33%\">\n<figure class=\"wp-block-image size-large\"><img loading=\"lazy\" decoding=\"async\" width=\"1024\" height=\"683\" src=\"https:\/\/ilfop.be\/wp-content\/uploads\/2025\/04\/pexels-fauxels-3184418-1024x683.jpg\" alt=\"\" class=\"wp-image-2058\" srcset=\"https:\/\/ilfop.be\/wp-content\/uploads\/2025\/04\/pexels-fauxels-3184418-1024x683.jpg 1024w, https:\/\/ilfop.be\/wp-content\/uploads\/2025\/04\/pexels-fauxels-3184418-300x200.jpg 300w, https:\/\/ilfop.be\/wp-content\/uploads\/2025\/04\/pexels-fauxels-3184418-768x512.jpg 768w, https:\/\/ilfop.be\/wp-content\/uploads\/2025\/04\/pexels-fauxels-3184418-1536x1024.jpg 1536w, https:\/\/ilfop.be\/wp-content\/uploads\/2025\/04\/pexels-fauxels-3184418-2048x1365.jpg 2048w\" sizes=\"auto, (max-width: 1024px) 100vw, 1024px\" \/><\/figure>\n<\/div>\n\n\n\n<div class=\"wp-block-column is-layout-flow wp-block-column-is-layout-flow\" style=\"flex-basis:66.66%\">\n<p>Le CESS est un dipl\u00f4me important et souvent requis. Que ce soit pour des raisons personnelles, des choix de carri\u00e8re, une erreur de parcours ou un malaise dans l\u2019enseignement traditionnel, tu souhaites peut-\u00eatre terminer cet accomplissement que tu as d\u00fb mettre de c\u00f4t\u00e9 par le pass\u00e9?<\/p>\n\n\n\n<p>L\u2019ILFoP t\u2019offre la possibilit\u00e9 de l\u2019obtenir en un an, en cours du soir, si tu poss\u00e8des d\u00e9j\u00e0 un Certificat de Qualification.<\/p>\n\n\n\n<p>Inscriptions sur RDV &#8211; 081\/22.19.98 ou info@ilfop.be<\/p>\n<\/div>\n<\/div>\n\n\n\n<div style=\"height:40px\" aria-hidden=\"true\" class=\"wp-block-spacer\"><\/div>\n\n\n\n<div class=\"wp-block-columns is-layout-flex wp-container-core-columns-is-layout-9d6595d7 wp-block-columns-is-layout-flex\">\n<div class=\"wp-block-column is-layout-flow wp-block-column-is-layout-flow\">\n<h4 class=\"has-pale-pink-color has-text-color wp-block-heading\">Horaires 2025-2026<\/h4>\n\n\n\n<p>Lundi, mercredi et vendredi, de 18h \u00e0 21h30 durant un an, ainsi que 5 samedis matins sur l\u2019ann\u00e9e<\/p>\n<\/div>\n\n\n\n<div class=\"wp-block-column is-layout-flow wp-block-column-is-layout-flow\">\n<h4 class=\"has-pale-pink-color has-text-color wp-block-heading\">Conditions d&#8217;admissions<\/h4>\n\n\n\n<p>Avoir obtenu un Certificat de Qualification (CQ6) dans l\u2019enseignement secondaire \u201ctraditionnel\u201d, en promotion sociale ou en IFAPME (sous r\u00e9serve d\u2019acceptation)<\/p>\n\n\n\n<p>Attention, suite \u00e0 une nouvelle l\u00e9gislation de 2021, certains \u00e9tudiants ont l\u2019obligation de suivre ou valoriser deux modules de langue en fonction de leur dipl\u00f4me initial.<\/p>\n<\/div>\n\n\n\n<div class=\"wp-block-column is-layout-flow wp-block-column-is-layout-flow\">\n<h4 class=\"has-pale-pink-color has-text-color wp-block-heading\">Prix de la formation<\/h4>\n\n\n\n<p>292,20 \u20ac ou 120 \u20ac sous certaines conditions d&#8217;exemption<\/p>\n<\/div>\n<\/div>\n\n\n\n<div class=\"wp-block-columns is-layout-flex wp-container-core-columns-is-layout-9d6595d7 wp-block-columns-is-layout-flex\">\n<div class=\"wp-block-column is-layout-flow wp-block-column-is-layout-flow\">\n<h4 class=\"has-pale-pink-color has-text-color wp-block-heading\">D\u00e9bouch\u00e9s<\/h4>\n\n\n\n<p>Acc\u00e8s \u00e0 l\u2019enseignement sup\u00e9rieur (Bachelier, Universit\u00e9), acc\u00e8s \u00e0 certains emplois (fonction publique, police, etc), revalorisation salariale, r\u00e9gularisation d\u2019une situation professionnelle,&#8230;<\/p>\n<\/div>\n\n\n\n<div class=\"wp-block-column is-layout-flow wp-block-column-is-layout-flow\"><\/div>\n\n\n\n<div class=\"wp-block-column is-layout-flow wp-block-column-is-layout-flow\"><\/div>\n<\/div>\n\n\n\n<div style=\"height:40px\" aria-hidden=\"true\" class=\"wp-block-spacer\"><\/div>\n\n\n\n<div class=\"wp-block-file\"><a id=\"wp-block-file--media-c121d036-7a34-4a39-b77d-5127bb843781\" href=\"http:\/\/ilfop.be\/wp-content\/uploads\/2022\/05\/041704S20D1-5.pdf\">Organigramme de la section<\/a><a href=\"http:\/\/ilfop.be\/wp-content\/uploads\/2022\/05\/041704S20D1-5.pdf\" class=\"wp-block-file__button\" download aria-describedby=\"wp-block-file--media-c121d036-7a34-4a39-b77d-5127bb843781\">T\u00e9l\u00e9charger<\/a><\/div>\n\n\n\n<div style=\"height:40px\" aria-hidden=\"true\" class=\"wp-block-spacer\"><\/div>\n\n\n\n<div class=\"wp-block-image\"><figure class=\"alignleft size-large\"><img loading=\"lazy\" decoding=\"async\" width=\"800\" height=\"450\" src=\"http:\/\/ilfop.be\/wp-content\/uploads\/2021\/02\/cess-1.jpg\" alt=\"\" class=\"wp-image-108\" srcset=\"https:\/\/ilfop.be\/wp-content\/uploads\/2021\/02\/cess-1.jpg 800w, https:\/\/ilfop.be\/wp-content\/uploads\/2021\/02\/cess-1-300x169.jpg 300w, https:\/\/ilfop.be\/wp-content\/uploads\/2021\/02\/cess-1-768x432.jpg 768w\" sizes=\"auto, (max-width: 800px) 100vw, 800px\" \/><\/figure><\/div>\n\n\n\n<div class=\"wp-block-columns is-layout-flex wp-container-core-columns-is-layout-9d6595d7 wp-block-columns-is-layout-flex\"><\/div>\n","protected":false},"excerpt":{"rendered":"<p>Organis\u00e9 en collaboration avec l&#8217;ITN Namur et l&#8217;EAFC Cadets. Le CESS est un dipl\u00f4me important et souvent requis. Que ce soit pour des raisons personnelles, des choix de carri\u00e8re, une erreur de parcours ou un malaise dans l\u2019enseignement traditionnel, tu souhaites peut-\u00eatre terminer cet accomplissement que tu as d\u00fb mettre de c\u00f4t\u00e9 par le pass\u00e9? [&hellip;]<\/p>\n","protected":false},"author":1,"featured_media":0,"parent":76,"menu_order":0,"comment_status":"closed","ping_status":"closed","template":"","meta":{"footnotes":""},"class_list":["post-107","page","type-page","status-publish","hentry"],"_links":{"self":[{"href":"https:\/\/ilfop.be\/index.php\/wp-json\/wp\/v2\/pages\/107","targetHints":{"allow":["GET"]}}],"collection":[{"href":"https:\/\/ilfop.be\/index.php\/wp-json\/wp\/v2\/pages"}],"about":[{"href":"https:\/\/ilfop.be\/index.php\/wp-json\/wp\/v2\/types\/page"}],"author":[{"embeddable":true,"href":"https:\/\/ilfop.be\/index.php\/wp-json\/wp\/v2\/users\/1"}],"replies":[{"embeddable":true,"href":"https:\/\/ilfop.be\/index.php\/wp-json\/wp\/v2\/comments?post=107"}],"version-history":[{"count":28,"href":"https:\/\/ilfop.be\/index.php\/wp-json\/wp\/v2\/pages\/107\/revisions"}],"predecessor-version":[{"id":2061,"href":"https:\/\/ilfop.be\/index.php\/wp-json\/wp\/v2\/pages\/107\/revisions\/2061"}],"up":[{"embeddable":true,"href":"https:\/\/ilfop.be\/index.php\/wp-json\/wp\/v2\/pages\/76"}],"wp:attachment":[{"href":"https:\/\/ilfop.be\/index.php\/wp-json\/wp\/v2\/media?parent=107"}],"curies":[{"name":"wp","href":"https:\/\/api.w.org\/{rel}","templated":true}]}}