{"id":110,"date":"2021-02-24T15:36:20","date_gmt":"2021-02-24T14:36:20","guid":{"rendered":"http:\/\/ilfop.be\/?page_id=110"},"modified":"2025-06-27T09:51:23","modified_gmt":"2025-06-27T07:51:23","slug":"fle-2","status":"publish","type":"page","link":"https:\/\/ilfop.be\/index.php\/76-2\/fle-2\/","title":{"rendered":"FLE"},"content":{"rendered":"\n<p class=\"has-vivid-red-color has-text-color has-medium-font-size\"><strong>FRAN\u00c7AIS LANGUE \u00c9TRANGERE \/ JOURN\u00c9E D&#8217;INSCRIPTION &#8211; JEUDI 28\/08 de 9h \u00e0 13h \u00e0 l&#8217;ILFoP<\/strong> <\/p>\n\n\n\n<div style=\"height:50px\" aria-hidden=\"true\" class=\"wp-block-spacer\"><\/div>\n\n\n\n<div class=\"wp-block-columns is-layout-flex wp-container-core-columns-is-layout-9d6595d7 wp-block-columns-is-layout-flex\">\n<div class=\"wp-block-column is-layout-flow wp-block-column-is-layout-flow\" style=\"flex-basis:33.33%\">\n<figure class=\"wp-block-image size-large\"><img loading=\"lazy\" decoding=\"async\" width=\"1024\" height=\"683\" src=\"http:\/\/ilfop.be\/wp-content\/uploads\/2023\/06\/pexels-mariana-kurnyk-17750391-1024x683.jpg\" alt=\"\" class=\"wp-image-1429\" srcset=\"https:\/\/ilfop.be\/wp-content\/uploads\/2023\/06\/pexels-mariana-kurnyk-17750391-1024x683.jpg 1024w, https:\/\/ilfop.be\/wp-content\/uploads\/2023\/06\/pexels-mariana-kurnyk-17750391-300x200.jpg 300w, https:\/\/ilfop.be\/wp-content\/uploads\/2023\/06\/pexels-mariana-kurnyk-17750391-768x512.jpg 768w, https:\/\/ilfop.be\/wp-content\/uploads\/2023\/06\/pexels-mariana-kurnyk-17750391-1536x1024.jpg 1536w, https:\/\/ilfop.be\/wp-content\/uploads\/2023\/06\/pexels-mariana-kurnyk-17750391.jpg 1920w\" sizes=\"auto, (max-width: 1024px) 100vw, 1024px\" \/><\/figure>\n<\/div>\n\n\n\n<div class=\"wp-block-column is-layout-flow wp-block-column-is-layout-flow\" style=\"flex-basis:66.66%\">\n<p>Dans notre \u00e9cole, tu pourras suivre des cours de fran\u00e7ais en journ\u00e9e (programme intensif: 4 ou 5 demi-journ\u00e9es par semaine) dans une ambiance familiale et conviviale. Tu r\u00e9aliseras un test pour int\u00e9grer le niveau qui te correspond le mieux et ainsi suivre un enseignement adapt\u00e9 \u00e0 ton niveau.<\/p>\n\n\n\n<p>Notre \u00e9cole fait partie de l\u2019enseignement de promotion sociale. Tu recevras une attestation de r\u00e9ussite (ou un dipl\u00f4me) reconnue par la Communaut\u00e9 Fran\u00e7aise (niveaux A1, A2 et B1 du cadre europ\u00e9en)!<\/p>\n\n\n\n<p>De plus, nos enseignants sont qualifi\u00e9s et exp\u00e9riment\u00e9s, ce sont de vrais professionnels qui t\u2019accompagneront dans ton parcours d\u2019apprentissage.<\/p>\n\n\n\n<p>Alors, n\u2019attends plus et viens perfectionner ton fran\u00e7ais. Nous serons ravis de t\u2019accueillir parmi nous !<\/p>\n<\/div>\n<\/div>\n\n\n\n<div style=\"height:40px\" aria-hidden=\"true\" class=\"wp-block-spacer\"><\/div>\n\n\n\n<div class=\"wp-block-columns is-layout-flex wp-container-core-columns-is-layout-9d6595d7 wp-block-columns-is-layout-flex\">\n<div class=\"wp-block-column has-pale-pink-color has-text-color is-layout-flow wp-block-column-is-layout-flow\">\n<h4 class=\"has-pale-pink-color has-text-color wp-block-heading\">Horaires Namur 2025-2026<\/h4>\n\n\n\n<p class=\"has-black-color has-text-color\">Les cours s\u2019organisent 4 jours\/semaine, le matin et\/ou l\u2019apr\u00e8s-midi.<\/p>\n\n\n\n<div data-wp-interactive=\"core\/file\" class=\"wp-block-file\"><object data-wp-bind--hidden=\"!state.hasPdfPreview\" hidden class=\"wp-block-file__embed\" data=\"http:\/\/ilfop.be\/wp-content\/uploads\/2025\/06\/FLE-25-26-pdf.pdf\" type=\"application\/pdf\" style=\"width:100%;height:600px\" aria-label=\"Embed of Embed of Horaire\/Schedule..\"><\/object><a id=\"wp-block-file--media-9b878733-53ad-4b8c-a7e2-bbae081f159f\" href=\"http:\/\/ilfop.be\/wp-content\/uploads\/2025\/06\/FLE-25-26-pdf.pdf\">Horaire\/Schedule<\/a><a href=\"http:\/\/ilfop.be\/wp-content\/uploads\/2025\/06\/FLE-25-26-pdf.pdf\" class=\"wp-block-file__button\" download aria-describedby=\"wp-block-file--media-9b878733-53ad-4b8c-a7e2-bbae081f159f\">T\u00e9l\u00e9charger<\/a><\/div>\n<\/div>\n\n\n\n<div class=\"wp-block-column is-layout-flow wp-block-column-is-layout-flow\">\n<h4 class=\"has-pale-pink-color has-text-color wp-block-heading\">Horaires Hannut 2025-2026<\/h4>\n\n\n\n<p>Les cours s\u2019organisent 3 jours\/semaine, le matin et\/ou l\u2019apr\u00e8s-midi.<\/p>\n<\/div>\n\n\n\n<div class=\"wp-block-column is-layout-flow wp-block-column-is-layout-flow\">\n<h4 class=\"has-pale-pink-color has-text-color wp-block-heading\">Prix de la formation<\/h4>\n\n\n\n<p>25 \u20ac pour les niveaux 1 et 2<\/p>\n\n\n\n<p>92,80 \u20ac pour les niveaux 3, 4 et 5 (ou 25\u20ac sous certaines conditions d&#8217;exemption)<\/p>\n<\/div>\n<\/div>\n\n\n\n<div class=\"wp-block-columns is-layout-flex wp-container-core-columns-is-layout-9d6595d7 wp-block-columns-is-layout-flex\">\n<div class=\"wp-block-column is-layout-flow wp-block-column-is-layout-flow\">\n<h4 class=\"has-pale-pink-color has-text-color wp-block-heading\">Conditions d&#8217;admission <\/h4>\n\n\n\n<p>Les cours s\u2019organisent 3 jours\/Toute personne souhaitant apprendre le fran\u00e7ais<\/p>\n<\/div>\n\n\n\n<div class=\"wp-block-column is-layout-flow wp-block-column-is-layout-flow\"><\/div>\n\n\n\n<div class=\"wp-block-column is-layout-flow wp-block-column-is-layout-flow\"><\/div>\n<\/div>\n\n\n\n<div style=\"height:40px\" aria-hidden=\"true\" class=\"wp-block-spacer\"><\/div>\n\n\n\n<p>Plus d&#8217;infos : <a rel=\"noreferrer noopener\" href=\"http:\/\/ilfop.be\/index.php\/cours-de-francais\/\" target=\"_blank\">Cliquez ici<\/a><\/p>\n\n\n\n<p>More infos : <a rel=\"noreferrer noopener\" href=\"http:\/\/ilfop.be\/index.php\/cours-de-francais\/\" target=\"_blank\">Click here<\/a><\/p>\n\n\n\n<div style=\"height:40px\" aria-hidden=\"true\" class=\"wp-block-spacer\"><\/div>\n\n\n\n<div class=\"wp-block-media-text alignwide is-stacked-on-mobile\"><figure class=\"wp-block-media-text__media\"><img loading=\"lazy\" decoding=\"async\" width=\"675\" height=\"450\" src=\"http:\/\/ilfop.be\/wp-content\/uploads\/2021\/03\/fle-1.jpg\" alt=\"\" class=\"wp-image-352 size-full\" srcset=\"https:\/\/ilfop.be\/wp-content\/uploads\/2021\/03\/fle-1.jpg 675w, https:\/\/ilfop.be\/wp-content\/uploads\/2021\/03\/fle-1-300x200.jpg 300w\" sizes=\"auto, (max-width: 675px) 100vw, 675px\" \/><\/figure><div class=\"wp-block-media-text__content\">\n<blockquote class=\"wp-block-quote is-layout-flow wp-block-quote-is-layout-flow\"><p>Une langue diff\u00e9rente est une vision diff\u00e9rente de la vie.<\/p><cite>Federico Fellini<\/cite><\/blockquote>\n<\/div><\/div>\n","protected":false},"excerpt":{"rendered":"<p>FRAN\u00c7AIS LANGUE \u00c9TRANGERE \/ JOURN\u00c9E D&#8217;INSCRIPTION &#8211; JEUDI 28\/08 de 9h \u00e0 13h \u00e0 l&#8217;ILFoP Dans notre \u00e9cole, tu pourras suivre des cours de fran\u00e7ais en journ\u00e9e (programme intensif: 4 ou 5 demi-journ\u00e9es par semaine) dans une ambiance familiale et conviviale. Tu r\u00e9aliseras un test pour int\u00e9grer le niveau qui te correspond le mieux et [&hellip;]<\/p>\n","protected":false},"author":1,"featured_media":0,"parent":76,"menu_order":0,"comment_status":"closed","ping_status":"closed","template":"","meta":{"footnotes":""},"class_list":["post-110","page","type-page","status-publish","hentry"],"_links":{"self":[{"href":"https:\/\/ilfop.be\/index.php\/wp-json\/wp\/v2\/pages\/110","targetHints":{"allow":["GET"]}}],"collection":[{"href":"https:\/\/ilfop.be\/index.php\/wp-json\/wp\/v2\/pages"}],"about":[{"href":"https:\/\/ilfop.be\/index.php\/wp-json\/wp\/v2\/types\/page"}],"author":[{"embeddable":true,"href":"https:\/\/ilfop.be\/index.php\/wp-json\/wp\/v2\/users\/1"}],"replies":[{"embeddable":true,"href":"https:\/\/ilfop.be\/index.php\/wp-json\/wp\/v2\/comments?post=110"}],"version-history":[{"count":35,"href":"https:\/\/ilfop.be\/index.php\/wp-json\/wp\/v2\/pages\/110\/revisions"}],"predecessor-version":[{"id":2192,"href":"https:\/\/ilfop.be\/index.php\/wp-json\/wp\/v2\/pages\/110\/revisions\/2192"}],"up":[{"embeddable":true,"href":"https:\/\/ilfop.be\/index.php\/wp-json\/wp\/v2\/pages\/76"}],"wp:attachment":[{"href":"https:\/\/ilfop.be\/index.php\/wp-json\/wp\/v2\/media?parent=110"}],"curies":[{"name":"wp","href":"https:\/\/api.w.org\/{rel}","templated":true}]}}