{"id":113,"date":"2021-02-24T15:37:51","date_gmt":"2021-02-24T14:37:51","guid":{"rendered":"http:\/\/ilfop.be\/?page_id=113"},"modified":"2025-09-29T14:13:20","modified_gmt":"2025-09-29T12:13:20","slug":"habillement","status":"publish","type":"page","link":"https:\/\/ilfop.be\/index.php\/76-2\/habillement\/","title":{"rendered":"Habillement"},"content":{"rendered":"\n<p><\/p>\n\n\n\n<div class=\"wp-block-columns is-layout-flex wp-container-core-columns-is-layout-9d6595d7 wp-block-columns-is-layout-flex\">\n<div class=\"wp-block-column is-layout-flow wp-block-column-is-layout-flow\" style=\"flex-basis:33.33%\">\n<figure class=\"wp-block-image size-large\"><img loading=\"lazy\" decoding=\"async\" width=\"1024\" height=\"682\" src=\"http:\/\/ilfop.be\/wp-content\/uploads\/2023\/06\/thumbnail_Neige-blue-1-1024x682.jpg\" alt=\"\" class=\"wp-image-1404\" srcset=\"https:\/\/ilfop.be\/wp-content\/uploads\/2023\/06\/thumbnail_Neige-blue-1-1024x682.jpg 1024w, https:\/\/ilfop.be\/wp-content\/uploads\/2023\/06\/thumbnail_Neige-blue-1-300x200.jpg 300w, https:\/\/ilfop.be\/wp-content\/uploads\/2023\/06\/thumbnail_Neige-blue-1-768x512.jpg 768w, https:\/\/ilfop.be\/wp-content\/uploads\/2023\/06\/thumbnail_Neige-blue-1-1536x1023.jpg 1536w, https:\/\/ilfop.be\/wp-content\/uploads\/2023\/06\/thumbnail_Neige-blue-1.jpg 1920w\" sizes=\"auto, (max-width: 1024px) 100vw, 1024px\" \/><\/figure>\n\n\n\n<figure class=\"wp-block-image size-large\"><img loading=\"lazy\" decoding=\"async\" width=\"1024\" height=\"731\" src=\"http:\/\/ilfop.be\/wp-content\/uploads\/2023\/06\/thumbnail_Dos-1-1024x731.jpg\" alt=\"\" class=\"wp-image-1407\" srcset=\"https:\/\/ilfop.be\/wp-content\/uploads\/2023\/06\/thumbnail_Dos-1-1024x731.jpg 1024w, https:\/\/ilfop.be\/wp-content\/uploads\/2023\/06\/thumbnail_Dos-1-300x214.jpg 300w, https:\/\/ilfop.be\/wp-content\/uploads\/2023\/06\/thumbnail_Dos-1-768x548.jpg 768w, https:\/\/ilfop.be\/wp-content\/uploads\/2023\/06\/thumbnail_Dos-1-1536x1096.jpg 1536w, https:\/\/ilfop.be\/wp-content\/uploads\/2023\/06\/thumbnail_Dos-1.jpg 1920w\" sizes=\"auto, (max-width: 1024px) 100vw, 1024px\" \/><\/figure>\n<\/div>\n\n\n\n<div class=\"wp-block-column is-layout-flow wp-block-column-is-layout-flow\" style=\"flex-basis:66.66%\">\n<p>Tu as envie de coudre, d\u2019apprendre ou d\u2019approfondir.<\/p>\n\n\n\n<p>Tu veux d\u00e9couvrir et ma\u00eetriser le geste et les techniques sous l\u2019\u0153il d\u2019un professeur qui partagera avec toi son exp\u00e9rience et qui te guidera \u00e9tape par \u00e9tape.Tu r\u00eaves de manipuler les \u00e9toffes, d\u2019en tirer tes propres cr\u00e9ations en te nourrissant de la diversit\u00e9 des id\u00e9es, des connaissances et facult\u00e9s des autres \u00e9l\u00e8ves. Tu voudrais t\u2019habiller d\u2019une mani\u00e8re \u00e9thique avec les moyens que tu as. Et d\u00e9j\u00e0, tu te r\u00e9jouis de choisir un tissu de qualit\u00e9, une couleur, un motif, un m\u00e8tre ou deux de tissu tout plat dont tu sortiras une pi\u00e8ce. Une pi\u00e8ce unique. Tu esp\u00e8res m\u00eame arriver \u00e0 te d\u00e9brouiller lors de r\u00e9alisations plus complexes. Et tu te dis : Pourquoi ne pas le faire avec mes mains ?<\/p>\n\n\n\n<p>Te voil\u00e0 inscrit(e) au cursus Habillement \u00e0 l\u2019ILFoP. Tes attentes et toi, vous vous asseyez derri\u00e8re une machine \u00e0 coudre. Les cours y r\u00e9pondent et tu enfiles les ann\u00e9es : premi\u00e8re, deuxi\u00e8me, troisi\u00e8me, \u2026<\/p>\n\n\n\n<p>Il t\u2019arrive pourtant de perdre et le fil, et les p\u00e9dales. Il y a ce jour o\u00f9 tes compagnes te disent : Tu tires une dr\u00f4le de bobine. C\u2019est vrai qu\u2019en cet instant pr\u00e9cis, tu penses que tu n\u2019as pas l\u2019\u00e9toffe d\u2019une couturi\u00e8re, que tu es l\u00e0 \u00e0 t\u2019acharner sur une pi\u00e8ce technique quand, chez toi, une pile de linge sale t\u2019attend. Les copines rient avec toi de vos difficult\u00e9s devant l\u2019exercice, le prof t\u2019encourage, te rend une explication. La bienveillance et l\u2019ambiance chaleureuse du groupe te rendent confiance. Te voil\u00e0 repartie dans le droit fil et remise d\u2019\u00e9querre. Tu te sens bien et la pile de linge, tu t\u2019en fiches! <\/p>\n\n\n\n<p>Un jour, comme un aimant les \u00e9pingles, tu attires les regards. \u00ab On croirait que ton pantalon a \u00e9t\u00e9 cousu sur toi ! \u00bb Et tu es fi\u00e8re de ce pantalon sorti de tes mains. Tes mains qui deviennent sacr\u00e9ment habiles, mine de rien. C\u2019est ainsi que, de fil en aiguille, tu poursuis le cursus.<\/p>\n\n\n\n<p>Et, tandis que tu d\u00e9files sous les applaudissements lors du d\u00e9fil\u00e9 bi-annuel organis\u00e9 par l\u2019\u00e9cole, tu te dis que cette inscription \u00e0 l\u2019ILFoP, en section Habillement, est la meilleure id\u00e9e que tu aies jamais eue. \u00bb<\/p>\n<\/div>\n<\/div>\n\n\n\n<div class=\"wp-block-columns is-layout-flex wp-container-core-columns-is-layout-9d6595d7 wp-block-columns-is-layout-flex\">\n<div class=\"wp-block-column is-layout-flow wp-block-column-is-layout-flow\">\n<h4 class=\"has-pale-pink-color has-text-color wp-block-heading\">Horaire <\/h4>\n\n\n\n<div class=\"wp-block-file\"><a id=\"wp-block-file--media-c9799228-67a9-41de-9fdb-e9284b192384\" href=\"https:\/\/ilfop.be\/wp-content\/uploads\/2025\/09\/Habillement-2025-2026.pdf\">Habillement-2025-2026<\/a><a href=\"https:\/\/ilfop.be\/wp-content\/uploads\/2025\/09\/Habillement-2025-2026.pdf\" class=\"wp-block-file__button\" download aria-describedby=\"wp-block-file--media-c9799228-67a9-41de-9fdb-e9284b192384\">T\u00e9l\u00e9charger<\/a><\/div>\n<\/div>\n\n\n\n<div class=\"wp-block-column is-layout-flow wp-block-column-is-layout-flow\">\n<h4 class=\"has-pale-pink-color has-text-color wp-block-heading\">Conditions d&#8217;admission<\/h4>\n\n\n\n<p>CEB ou test d&#8217;admission<\/p>\n<\/div>\n\n\n\n<div class=\"wp-block-column is-layout-flow wp-block-column-is-layout-flow\">\n<h4 class=\"has-pale-pink-color has-text-color wp-block-heading\">Prix d&#8217;un cours<\/h4>\n\n\n\n<p>198,60 \u20ac ou 96 \u20ac sous certaines conditions d&#8217;exemption<\/p>\n<\/div>\n<\/div>\n\n\n\n<div class=\"wp-block-columns is-layout-flex wp-container-core-columns-is-layout-9d6595d7 wp-block-columns-is-layout-flex\">\n<div class=\"wp-block-column is-layout-flow wp-block-column-is-layout-flow\">\n<h4 class=\"has-pale-pink-color has-text-color wp-block-heading\">D\u00e9bouch\u00e9s<\/h4>\n\n\n\n<p>Couturi\u00e8re, retoucheuse, atelier de stylisme, technicienne en habillement, &#8230;<\/p>\n<\/div>\n\n\n\n<div class=\"wp-block-column is-layout-flow wp-block-column-is-layout-flow\"><\/div>\n\n\n\n<div class=\"wp-block-column is-layout-flow wp-block-column-is-layout-flow\"><\/div>\n<\/div>\n\n\n\n<div style=\"height:40px\" aria-hidden=\"true\" class=\"wp-block-spacer\"><\/div>\n\n\n\n<h5 class=\"has-pale-pink-color has-text-color wp-block-heading\">Organisation de la section<\/h5>\n\n\n\n<div class=\"wp-block-file\"><a id=\"wp-block-file--media-471d21ef-1f2b-4162-96cc-8c817b04099e\" href=\"http:\/\/ilfop.be\/wp-content\/uploads\/2024\/04\/Habillement-Organigramme-3.pdf\">Habillement &#8211; Organigramme<\/a><a href=\"http:\/\/ilfop.be\/wp-content\/uploads\/2024\/04\/Habillement-Organigramme-3.pdf\" class=\"wp-block-file__button\" download aria-describedby=\"wp-block-file--media-471d21ef-1f2b-4162-96cc-8c817b04099e\">T\u00e9l\u00e9charger<\/a><\/div>\n\n\n\n<div style=\"height:40px\" aria-hidden=\"true\" class=\"wp-block-spacer\"><\/div>\n\n\n\n<div class=\"wp-block-media-text alignwide is-stacked-on-mobile\"><figure class=\"wp-block-media-text__media\"><img loading=\"lazy\" decoding=\"async\" width=\"1024\" height=\"683\" src=\"http:\/\/ilfop.be\/wp-content\/uploads\/2021\/03\/DSCF0400-1024x683.jpg\" alt=\"\" class=\"wp-image-354 size-full\" srcset=\"https:\/\/ilfop.be\/wp-content\/uploads\/2021\/03\/DSCF0400-1024x683.jpg 1024w, https:\/\/ilfop.be\/wp-content\/uploads\/2021\/03\/DSCF0400-300x200.jpg 300w, https:\/\/ilfop.be\/wp-content\/uploads\/2021\/03\/DSCF0400-768x512.jpg 768w, https:\/\/ilfop.be\/wp-content\/uploads\/2021\/03\/DSCF0400-1536x1024.jpg 1536w, https:\/\/ilfop.be\/wp-content\/uploads\/2021\/03\/DSCF0400-2048x1365.jpg 2048w\" sizes=\"auto, (max-width: 1024px) 100vw, 1024px\" \/><\/figure><div class=\"wp-block-media-text__content\">\n<blockquote class=\"wp-block-quote is-layout-flow wp-block-quote-is-layout-flow\"><p>S\u2019habiller est un mode de vie.<\/p><cite>Yves Saint-Laurent<\/cite><\/blockquote>\n<\/div><\/div>\n\n\n\n<div style=\"height:50px\" aria-hidden=\"true\" class=\"wp-block-spacer\"><\/div>\n\n\n\n<p><\/p>\n","protected":false},"excerpt":{"rendered":"<p>Tu as envie de coudre, d\u2019apprendre ou d\u2019approfondir. Tu veux d\u00e9couvrir et ma\u00eetriser le geste et les techniques sous l\u2019\u0153il d\u2019un professeur qui partagera avec toi son exp\u00e9rience et qui te guidera \u00e9tape par \u00e9tape.Tu r\u00eaves de manipuler les \u00e9toffes, d\u2019en tirer tes propres cr\u00e9ations en te nourrissant de la diversit\u00e9 des id\u00e9es, des connaissances [&hellip;]<\/p>\n","protected":false},"author":1,"featured_media":0,"parent":76,"menu_order":0,"comment_status":"closed","ping_status":"closed","template":"","meta":{"footnotes":""},"class_list":["post-113","page","type-page","status-publish","hentry"],"_links":{"self":[{"href":"https:\/\/ilfop.be\/index.php\/wp-json\/wp\/v2\/pages\/113","targetHints":{"allow":["GET"]}}],"collection":[{"href":"https:\/\/ilfop.be\/index.php\/wp-json\/wp\/v2\/pages"}],"about":[{"href":"https:\/\/ilfop.be\/index.php\/wp-json\/wp\/v2\/types\/page"}],"author":[{"embeddable":true,"href":"https:\/\/ilfop.be\/index.php\/wp-json\/wp\/v2\/users\/1"}],"replies":[{"embeddable":true,"href":"https:\/\/ilfop.be\/index.php\/wp-json\/wp\/v2\/comments?post=113"}],"version-history":[{"count":28,"href":"https:\/\/ilfop.be\/index.php\/wp-json\/wp\/v2\/pages\/113\/revisions"}],"predecessor-version":[{"id":2229,"href":"https:\/\/ilfop.be\/index.php\/wp-json\/wp\/v2\/pages\/113\/revisions\/2229"}],"up":[{"embeddable":true,"href":"https:\/\/ilfop.be\/index.php\/wp-json\/wp\/v2\/pages\/76"}],"wp:attachment":[{"href":"https:\/\/ilfop.be\/index.php\/wp-json\/wp\/v2\/media?parent=113"}],"curies":[{"name":"wp","href":"https:\/\/api.w.org\/{rel}","templated":true}]}}