{"id":1158,"date":"2022-06-23T15:29:42","date_gmt":"2022-06-23T13:29:42","guid":{"rendered":"http:\/\/ilfop.be\/?page_id=1158"},"modified":"2025-04-23T14:50:58","modified_gmt":"2025-04-23T12:50:58","slug":"neerlandais","status":"publish","type":"page","link":"https:\/\/ilfop.be\/index.php\/neerlandais\/","title":{"rendered":"N\u00e9erlandais"},"content":{"rendered":"\n<div class=\"wp-block-columns is-layout-flex wp-container-core-columns-is-layout-9d6595d7 wp-block-columns-is-layout-flex\">\n<div class=\"wp-block-column is-layout-flow wp-block-column-is-layout-flow\" style=\"flex-basis:33.33%\">\n<figure class=\"wp-block-image size-large\"><img loading=\"lazy\" decoding=\"async\" width=\"1024\" height=\"683\" src=\"http:\/\/ilfop.be\/wp-content\/uploads\/2023\/06\/pexels-tom-swinnen-9526321-1024x683.jpg\" alt=\"\" class=\"wp-image-1441\" srcset=\"https:\/\/ilfop.be\/wp-content\/uploads\/2023\/06\/pexels-tom-swinnen-9526321-1024x683.jpg 1024w, https:\/\/ilfop.be\/wp-content\/uploads\/2023\/06\/pexels-tom-swinnen-9526321-300x200.jpg 300w, https:\/\/ilfop.be\/wp-content\/uploads\/2023\/06\/pexels-tom-swinnen-9526321-768x512.jpg 768w, https:\/\/ilfop.be\/wp-content\/uploads\/2023\/06\/pexels-tom-swinnen-9526321-1536x1024.jpg 1536w, https:\/\/ilfop.be\/wp-content\/uploads\/2023\/06\/pexels-tom-swinnen-9526321-2048x1365.jpg 2048w\" sizes=\"auto, (max-width: 1024px) 100vw, 1024px\" \/><\/figure>\n<\/div>\n\n\n\n<div class=\"wp-block-column is-layout-flow wp-block-column-is-layout-flow\" style=\"flex-basis:66.66%\">\n<p>Le n\u00e9erlandais, c\u2019est la cl\u00e9 pour d\u00e9couvrir nos voisins du nord autrement : une langue vive, ancr\u00e9e dans une culture moderne, dynamique et ouverte sur le monde. Que ce soit pour le travail, les voyages, ou par simple curiosit\u00e9, apprendre le n\u00e9erlandais, c\u2019est cr\u00e9er des ponts, comprendre l\u2019autre, et enrichir son quotidien. Nos cours du soir pour adultes vous accueillent dans une ambiance d\u00e9tendue et motivante, o\u00f9 chacun avance \u00e0 son rythme. Pr\u00eat \u00e0 relever le d\u00e9fi ? Le n\u00e9erlandais vous attend !<\/p>\n<\/div>\n<\/div>\n\n\n\n<div class=\"wp-block-columns is-layout-flex wp-container-core-columns-is-layout-9d6595d7 wp-block-columns-is-layout-flex\">\n<div class=\"wp-block-column is-layout-flow wp-block-column-is-layout-flow\">\n<h4 class=\"has-pale-pink-color has-text-color wp-block-heading\">Horaire 2025-2026<\/h4>\n\n\n\n<p>UE 1: Lundi de 18h \u00e0 20h50<\/p>\n\n\n\n<p>UE 2 : Non organis\u00e9<\/p>\n\n\n\n<p>UE 3 : Jeudi de 18h \u00e0 20h50<\/p>\n\n\n\n<p><\/p>\n<\/div>\n\n\n\n<div class=\"wp-block-column is-layout-flow wp-block-column-is-layout-flow\">\n<h4 class=\"has-pale-pink-color has-text-color wp-block-heading\">Conditions d&#8217;admission<\/h4>\n\n\n\n<p>CEB ou test d\u2019admission.<\/p>\n<\/div>\n\n\n\n<div class=\"wp-block-column is-layout-flow wp-block-column-is-layout-flow\">\n<h4 class=\"has-pale-pink-color has-text-color wp-block-heading\">Prix de la formation<\/h4>\n\n\n\n<p>115,80 \u20ac ou 48 \u20ac sous certaines conditions d&#8217;exemption<\/p>\n<\/div>\n<\/div>\n\n\n\n<div style=\"height:40px\" aria-hidden=\"true\" class=\"wp-block-spacer\"><\/div>\n\n\n\n<div class=\"wp-block-media-text alignwide is-stacked-on-mobile\"><figure class=\"wp-block-media-text__media\"><img loading=\"lazy\" decoding=\"async\" width=\"1024\" height=\"683\" src=\"http:\/\/ilfop.be\/wp-content\/uploads\/2022\/06\/azamat-esmurziyev-LdJ3qFJQj_g-unsplash-1024x683.jpg\" alt=\"\" class=\"wp-image-1159 size-full\" srcset=\"https:\/\/ilfop.be\/wp-content\/uploads\/2022\/06\/azamat-esmurziyev-LdJ3qFJQj_g-unsplash-1024x683.jpg 1024w, https:\/\/ilfop.be\/wp-content\/uploads\/2022\/06\/azamat-esmurziyev-LdJ3qFJQj_g-unsplash-300x200.jpg 300w, https:\/\/ilfop.be\/wp-content\/uploads\/2022\/06\/azamat-esmurziyev-LdJ3qFJQj_g-unsplash-768x512.jpg 768w, https:\/\/ilfop.be\/wp-content\/uploads\/2022\/06\/azamat-esmurziyev-LdJ3qFJQj_g-unsplash-1536x1024.jpg 1536w, https:\/\/ilfop.be\/wp-content\/uploads\/2022\/06\/azamat-esmurziyev-LdJ3qFJQj_g-unsplash-2048x1365.jpg 2048w\" sizes=\"auto, (max-width: 1024px) 100vw, 1024px\" \/><\/figure><div class=\"wp-block-media-text__content\">\n<blockquote class=\"wp-block-quote is-layout-flow wp-block-quote-is-layout-flow\"><p>Kleine dingen goed doen is een stap om grote dingen beter te doen.<\/p><cite>Vincent Van Gogh<\/cite><\/blockquote>\n<\/div><\/div>\n\n\n\n<div style=\"height:75px\" aria-hidden=\"true\" class=\"wp-block-spacer\"><\/div>\n\n\n\n<figure class=\"wp-block-gallery has-nested-images columns-default is-cropped wp-block-gallery-1 is-layout-flex wp-block-gallery-is-layout-flex\">\n<figure class=\"wp-block-image size-large\"><img loading=\"lazy\" decoding=\"async\" width=\"1280\" height=\"854\" data-id=\"1893\" src=\"http:\/\/ilfop.be\/wp-content\/uploads\/2024\/06\/houses-5432876_1280.jpg\" alt=\"\" class=\"wp-image-1893\" srcset=\"https:\/\/ilfop.be\/wp-content\/uploads\/2024\/06\/houses-5432876_1280.jpg 1280w, https:\/\/ilfop.be\/wp-content\/uploads\/2024\/06\/houses-5432876_1280-300x200.jpg 300w, https:\/\/ilfop.be\/wp-content\/uploads\/2024\/06\/houses-5432876_1280-1024x683.jpg 1024w, https:\/\/ilfop.be\/wp-content\/uploads\/2024\/06\/houses-5432876_1280-768x512.jpg 768w\" sizes=\"auto, (max-width: 1280px) 100vw, 1280px\" \/><\/figure>\n\n\n\n<figure class=\"wp-block-image size-large\"><img loading=\"lazy\" decoding=\"async\" width=\"1280\" height=\"719\" data-id=\"1892\" src=\"http:\/\/ilfop.be\/wp-content\/uploads\/2024\/06\/tulip-2787292_1280.jpg\" alt=\"\" class=\"wp-image-1892\" srcset=\"https:\/\/ilfop.be\/wp-content\/uploads\/2024\/06\/tulip-2787292_1280.jpg 1280w, https:\/\/ilfop.be\/wp-content\/uploads\/2024\/06\/tulip-2787292_1280-300x169.jpg 300w, https:\/\/ilfop.be\/wp-content\/uploads\/2024\/06\/tulip-2787292_1280-1024x575.jpg 1024w, https:\/\/ilfop.be\/wp-content\/uploads\/2024\/06\/tulip-2787292_1280-768x431.jpg 768w\" sizes=\"auto, (max-width: 1280px) 100vw, 1280px\" \/><\/figure>\n\n\n\n<figure class=\"wp-block-image size-large\"><img loading=\"lazy\" decoding=\"async\" width=\"1024\" height=\"680\" data-id=\"1895\" src=\"https:\/\/ilfop.be\/wp-content\/uploads\/2024\/06\/bruges-1288281_1280-1024x680.jpg\" alt=\"\" class=\"wp-image-1895\" srcset=\"https:\/\/ilfop.be\/wp-content\/uploads\/2024\/06\/bruges-1288281_1280-1024x680.jpg 1024w, https:\/\/ilfop.be\/wp-content\/uploads\/2024\/06\/bruges-1288281_1280-300x199.jpg 300w, https:\/\/ilfop.be\/wp-content\/uploads\/2024\/06\/bruges-1288281_1280-768x510.jpg 768w, https:\/\/ilfop.be\/wp-content\/uploads\/2024\/06\/bruges-1288281_1280.jpg 1280w\" sizes=\"auto, (max-width: 1024px) 100vw, 1024px\" \/><\/figure>\n<\/figure>\n","protected":false},"excerpt":{"rendered":"<p>Le n\u00e9erlandais, c\u2019est la cl\u00e9 pour d\u00e9couvrir nos voisins du nord autrement : une langue vive, ancr\u00e9e dans une culture moderne, dynamique et ouverte sur le monde. Que ce soit pour le travail, les voyages, ou par simple curiosit\u00e9, apprendre le n\u00e9erlandais, c\u2019est cr\u00e9er des ponts, comprendre l\u2019autre, et enrichir son quotidien. Nos cours du [&hellip;]<\/p>\n","protected":false},"author":1,"featured_media":0,"parent":0,"menu_order":0,"comment_status":"closed","ping_status":"closed","template":"","meta":{"footnotes":""},"class_list":["post-1158","page","type-page","status-publish","hentry"],"_links":{"self":[{"href":"https:\/\/ilfop.be\/index.php\/wp-json\/wp\/v2\/pages\/1158","targetHints":{"allow":["GET"]}}],"collection":[{"href":"https:\/\/ilfop.be\/index.php\/wp-json\/wp\/v2\/pages"}],"about":[{"href":"https:\/\/ilfop.be\/index.php\/wp-json\/wp\/v2\/types\/page"}],"author":[{"embeddable":true,"href":"https:\/\/ilfop.be\/index.php\/wp-json\/wp\/v2\/users\/1"}],"replies":[{"embeddable":true,"href":"https:\/\/ilfop.be\/index.php\/wp-json\/wp\/v2\/comments?post=1158"}],"version-history":[{"count":11,"href":"https:\/\/ilfop.be\/index.php\/wp-json\/wp\/v2\/pages\/1158\/revisions"}],"predecessor-version":[{"id":2017,"href":"https:\/\/ilfop.be\/index.php\/wp-json\/wp\/v2\/pages\/1158\/revisions\/2017"}],"wp:attachment":[{"href":"https:\/\/ilfop.be\/index.php\/wp-json\/wp\/v2\/media?parent=1158"}],"curies":[{"name":"wp","href":"https:\/\/api.w.org\/{rel}","templated":true}]}}