{"id":116,"date":"2021-02-24T15:38:51","date_gmt":"2021-02-24T14:38:51","guid":{"rendered":"http:\/\/ilfop.be\/?page_id=116"},"modified":"2025-04-23T12:13:41","modified_gmt":"2025-04-23T10:13:41","slug":"informatique","status":"publish","type":"page","link":"https:\/\/ilfop.be\/index.php\/76-2\/informatique\/","title":{"rendered":"Informatique"},"content":{"rendered":"\n<p>Vous voulez \u00eatre plus \u00e0 l\u2019aise avec l\u2019ordinateur, votre tablette ou portable ? Vous souhaitez perfectionner vos connaissances en bureautique ? Vous faites partie d\u2019une asbl, \u00eates ind\u00e9pendant et avez l\u2019envie de cr\u00e9er un site internet simple pour servir de vitrine \u00e0 vos activit\u00e9s ?<\/p>\n\n\n\n<p>Avec plus d\u2019une dizaine de modules de cours accessibles \u00e0 tout public, sans limite d\u2019\u00e2ge ou de connaissance, l\u2019ILFoP vous invite \u00e0 d\u00e9couvrir l\u2019informatique et \u00e0 vous rendre le plus autonome possible dans les domaines suivants :<\/p>\n\n\n\n<ul class=\"wp-block-list\"><li>D\u00e9couverte de l\u2019ordinateur<\/li><li>Word niveau de base ou avanc\u00e9<\/li><li>Excel niveau de base ou avanc\u00e9<\/li><li>PowerPoint niveau de base ou avanc\u00e9<\/li><li>D\u00e9couverte du r\u00e9seau internet, cr\u00e9ation de page web<\/li><li>Utilisation de tablette\/smartphone<\/li><li>Maintenance informatique<\/li><\/ul>\n\n\n\n<div style=\"height:40px\" aria-hidden=\"true\" class=\"wp-block-spacer\"><\/div>\n\n\n\n<div class=\"wp-block-columns is-layout-flex wp-container-core-columns-is-layout-9d6595d7 wp-block-columns-is-layout-flex\">\n<div class=\"wp-block-column is-layout-flow wp-block-column-is-layout-flow\">\n<h4 class=\"has-pale-pink-color has-text-color wp-block-heading\">Horaires 2025-2026<\/h4>\n\n\n\n<p>En fonction des modules suivis :<\/p>\n\n\n\n<p>Lundi ou mardi, de 08h40 \u00e0 12h<\/p>\n\n\n\n<p>Lundi, mardi ou jeudi, de 17h40 \u00e0 21h<\/p>\n\n\n\n<p>1 \u00e0 2 fois\/semaine en fonction des modules<\/p>\n<\/div>\n\n\n\n<div class=\"wp-block-column is-layout-flow wp-block-column-is-layout-flow\">\n<h4 class=\"has-pale-pink-color has-text-color wp-block-heading\">Conditions d&#8217;admission<\/h4>\n\n\n\n<p>CEB ou test d\u2019admission<\/p>\n<\/div>\n\n\n\n<div class=\"wp-block-column is-layout-flow wp-block-column-is-layout-flow\">\n<h4 class=\"has-pale-pink-color has-text-color wp-block-heading\">Prix de la formation<\/h4>\n\n\n\n<p>A voir avec le secr\u00e9tariat en fonction du nombre de modules et d&#8217;heures de cours<\/p>\n<\/div>\n<\/div>\n\n\n\n<figure class=\"wp-block-gallery has-nested-images columns-default is-cropped wp-block-gallery-1 is-layout-flex wp-block-gallery-is-layout-flex\">\n<figure class=\"wp-block-image size-large\"><img loading=\"lazy\" decoding=\"async\" width=\"675\" height=\"450\" data-id=\"117\" src=\"http:\/\/ilfop.be\/wp-content\/uploads\/2021\/02\/informa-1.jpg\" alt=\"\" class=\"wp-image-117\" srcset=\"https:\/\/ilfop.be\/wp-content\/uploads\/2021\/02\/informa-1.jpg 675w, https:\/\/ilfop.be\/wp-content\/uploads\/2021\/02\/informa-1-300x200.jpg 300w\" sizes=\"auto, (max-width: 675px) 100vw, 675px\" \/><\/figure>\n<\/figure>\n\n\n\n<p><br><\/p>\n","protected":false},"excerpt":{"rendered":"<p>Vous voulez \u00eatre plus \u00e0 l\u2019aise avec l\u2019ordinateur, votre tablette ou portable ? Vous souhaitez perfectionner vos connaissances en bureautique ? Vous faites partie d\u2019une asbl, \u00eates ind\u00e9pendant et avez l\u2019envie de cr\u00e9er un site internet simple pour servir de vitrine \u00e0 vos activit\u00e9s ? Avec plus d\u2019une dizaine de modules de cours accessibles \u00e0 [&hellip;]<\/p>\n","protected":false},"author":1,"featured_media":0,"parent":76,"menu_order":0,"comment_status":"closed","ping_status":"closed","template":"","meta":{"footnotes":""},"class_list":["post-116","page","type-page","status-publish","hentry"],"_links":{"self":[{"href":"https:\/\/ilfop.be\/index.php\/wp-json\/wp\/v2\/pages\/116","targetHints":{"allow":["GET"]}}],"collection":[{"href":"https:\/\/ilfop.be\/index.php\/wp-json\/wp\/v2\/pages"}],"about":[{"href":"https:\/\/ilfop.be\/index.php\/wp-json\/wp\/v2\/types\/page"}],"author":[{"embeddable":true,"href":"https:\/\/ilfop.be\/index.php\/wp-json\/wp\/v2\/users\/1"}],"replies":[{"embeddable":true,"href":"https:\/\/ilfop.be\/index.php\/wp-json\/wp\/v2\/comments?post=116"}],"version-history":[{"count":10,"href":"https:\/\/ilfop.be\/index.php\/wp-json\/wp\/v2\/pages\/116\/revisions"}],"predecessor-version":[{"id":2013,"href":"https:\/\/ilfop.be\/index.php\/wp-json\/wp\/v2\/pages\/116\/revisions\/2013"}],"up":[{"embeddable":true,"href":"https:\/\/ilfop.be\/index.php\/wp-json\/wp\/v2\/pages\/76"}],"wp:attachment":[{"href":"https:\/\/ilfop.be\/index.php\/wp-json\/wp\/v2\/media?parent=116"}],"curies":[{"name":"wp","href":"https:\/\/api.w.org\/{rel}","templated":true}]}}