{"id":308,"date":"2021-02-26T10:43:22","date_gmt":"2021-02-26T09:43:22","guid":{"rendered":"http:\/\/ilfop.be\/?page_id=308"},"modified":"2022-06-08T15:57:08","modified_gmt":"2022-06-08T13:57:08","slug":"guide-touristique","status":"publish","type":"page","link":"https:\/\/ilfop.be\/index.php\/76-2\/guide-touristique\/","title":{"rendered":"Guide Touristique"},"content":{"rendered":"\n<p>Vous avez un sens inn\u00e9 du contact ? Vous aimez vous promener le long des rives de la Sambre, go\u00fbter une bi\u00e8re locale, arpenter les chemins de la Citadelle, faire d\u00e9couvrir le tr\u00e9sor d\u2019Hugo d\u2019Oignies ou l\u2019\u0153uvre de F\u00e9licien Rops et vous d\u00e9tendre dans le jardin de l\u2019h\u00f4tel de Groesbeeck ? Accueillir et guider des visiteurs \u00e0 Namur vous plairait ?<\/p>\n\n\n\n<p>Partagez vos coups de c\u0153ur, vos connaissances et votre exp\u00e9rience de la ville et de ses quartiers et faites d\u00e9couvrir Namur et son patrimoine aux visiteurs gr\u00e2ce \u00e0 une formation qualifiante organis\u00e9e par l\u2019ILFoP.<\/p>\n\n\n\n<div style=\"height:40px\" aria-hidden=\"true\" class=\"wp-block-spacer\"><\/div>\n\n\n\n<div class=\"wp-block-columns is-layout-flex wp-container-core-columns-is-layout-9d6595d7 wp-block-columns-is-layout-flex\">\n<div class=\"wp-block-column is-layout-flow wp-block-column-is-layout-flow\">\n<h5 class=\"has-pale-pink-color has-text-color wp-block-heading\">Horaire<\/h5>\n\n\n\n<p>A d\u00e9terminer <\/p>\n<\/div>\n\n\n\n<div class=\"wp-block-column is-layout-flow wp-block-column-is-layout-flow\">\n<h5 class=\"has-pale-pink-color has-text-color wp-block-heading\">Conditions d&#8217;admission<\/h5>\n\n\n\n<p>C2D ou test d&#8217;admission<\/p>\n<\/div>\n\n\n\n<div class=\"wp-block-column is-layout-flow wp-block-column-is-layout-flow\"><\/div>\n<\/div>\n\n\n\n<div style=\"height:40px\" aria-hidden=\"true\" class=\"wp-block-spacer\"><\/div>\n\n\n\n<div class=\"wp-block-media-text alignwide is-stacked-on-mobile\"><figure class=\"wp-block-media-text__media\"><img loading=\"lazy\" decoding=\"async\" width=\"678\" height=\"450\" src=\"http:\/\/ilfop.be\/wp-content\/uploads\/2021\/02\/GUI-1-TOP-678x450-1.jpg\" alt=\"\" class=\"wp-image-309 size-full\" srcset=\"https:\/\/ilfop.be\/wp-content\/uploads\/2021\/02\/GUI-1-TOP-678x450-1.jpg 678w, https:\/\/ilfop.be\/wp-content\/uploads\/2021\/02\/GUI-1-TOP-678x450-1-300x199.jpg 300w\" sizes=\"auto, (max-width: 678px) 100vw, 678px\" \/><\/figure><div class=\"wp-block-media-text__content\">\n<blockquote class=\"wp-block-quote is-layout-flow wp-block-quote-is-layout-flow\"><p>La culture, c\u2019est un peu comme le bonheur, \u00e7a se partage.<\/p><cite>Nicolas Sarkozy<\/cite><\/blockquote>\n<\/div><\/div>\n\n\n\n<div style=\"height:30px\" aria-hidden=\"true\" class=\"wp-block-spacer\"><\/div>\n\n\n\n<p><br><\/p>\n","protected":false},"excerpt":{"rendered":"<p>Vous avez un sens inn\u00e9 du contact ? Vous aimez vous promener le long des rives de la Sambre, go\u00fbter une bi\u00e8re locale, arpenter les chemins de la Citadelle, faire d\u00e9couvrir le tr\u00e9sor d\u2019Hugo d\u2019Oignies ou l\u2019\u0153uvre de F\u00e9licien Rops et vous d\u00e9tendre dans le jardin de l\u2019h\u00f4tel de Groesbeeck ? Accueillir et guider des [&hellip;]<\/p>\n","protected":false},"author":1,"featured_media":0,"parent":76,"menu_order":0,"comment_status":"closed","ping_status":"closed","template":"","meta":{"footnotes":""},"class_list":["post-308","page","type-page","status-publish","hentry"],"_links":{"self":[{"href":"https:\/\/ilfop.be\/index.php\/wp-json\/wp\/v2\/pages\/308","targetHints":{"allow":["GET"]}}],"collection":[{"href":"https:\/\/ilfop.be\/index.php\/wp-json\/wp\/v2\/pages"}],"about":[{"href":"https:\/\/ilfop.be\/index.php\/wp-json\/wp\/v2\/types\/page"}],"author":[{"embeddable":true,"href":"https:\/\/ilfop.be\/index.php\/wp-json\/wp\/v2\/users\/1"}],"replies":[{"embeddable":true,"href":"https:\/\/ilfop.be\/index.php\/wp-json\/wp\/v2\/comments?post=308"}],"version-history":[{"count":7,"href":"https:\/\/ilfop.be\/index.php\/wp-json\/wp\/v2\/pages\/308\/revisions"}],"predecessor-version":[{"id":1116,"href":"https:\/\/ilfop.be\/index.php\/wp-json\/wp\/v2\/pages\/308\/revisions\/1116"}],"up":[{"embeddable":true,"href":"https:\/\/ilfop.be\/index.php\/wp-json\/wp\/v2\/pages\/76"}],"wp:attachment":[{"href":"https:\/\/ilfop.be\/index.php\/wp-json\/wp\/v2\/media?parent=308"}],"curies":[{"name":"wp","href":"https:\/\/api.w.org\/{rel}","templated":true}]}}