{"id":33,"date":"2021-02-24T12:33:32","date_gmt":"2021-02-24T11:33:32","guid":{"rendered":"http:\/\/ilfop.be\/?page_id=33"},"modified":"2026-04-13T15:49:16","modified_gmt":"2026-04-13T13:49:16","slug":"lilfop-un-tremplin-concret-vers-lemploi","status":"publish","type":"page","link":"https:\/\/ilfop.be\/","title":{"rendered":"ILFoP &#8211; Enseignement pour Adultes"},"content":{"rendered":"\n<p><\/p>\n\n\n\n<div class=\"wp-block-media-text alignwide is-stacked-on-mobile\"><figure class=\"wp-block-media-text__media\"><img loading=\"lazy\" decoding=\"async\" width=\"1024\" height=\"683\" src=\"https:\/\/ilfop.be\/wp-content\/uploads\/2025\/08\/towfiqu-barbhuiya-jOeh3Lv88xA-unsplash-1024x683.jpg\" alt=\"\" class=\"wp-image-2202 size-full\" srcset=\"https:\/\/ilfop.be\/wp-content\/uploads\/2025\/08\/towfiqu-barbhuiya-jOeh3Lv88xA-unsplash-1024x683.jpg 1024w, https:\/\/ilfop.be\/wp-content\/uploads\/2025\/08\/towfiqu-barbhuiya-jOeh3Lv88xA-unsplash-300x200.jpg 300w, https:\/\/ilfop.be\/wp-content\/uploads\/2025\/08\/towfiqu-barbhuiya-jOeh3Lv88xA-unsplash-768x512.jpg 768w, https:\/\/ilfop.be\/wp-content\/uploads\/2025\/08\/towfiqu-barbhuiya-jOeh3Lv88xA-unsplash-1536x1025.jpg 1536w, https:\/\/ilfop.be\/wp-content\/uploads\/2025\/08\/towfiqu-barbhuiya-jOeh3Lv88xA-unsplash-2048x1367.jpg 2048w\" sizes=\"auto, (max-width: 1024px) 100vw, 1024px\" \/><\/figure><div class=\"wp-block-media-text__content\">\n<p class=\"has-medium-font-size\"><strong>Prochaines inscriptions <\/strong><\/p>\n\n\n\n<p>FLE &#8211; Namur : 17 Avril 2026 \u00e0 10h<\/p>\n\n\n\n<p>Inscriptions pour l&#8217;ensemble des cours &#8211; A partir du 18 Mai 2026<\/p>\n\n\n\n<p>Semaine de Cours ouverts &#8211; du 18 au 22 Mai 2026 <\/p>\n\n\n\n<div style=\"height:24px\" aria-hidden=\"true\" class=\"wp-block-spacer\"><\/div>\n<\/div><\/div>\n\n\n\n<div style=\"height:78px\" aria-hidden=\"true\" class=\"wp-block-spacer\"><\/div>\n\n\n\n<h2 class=\"wp-block-heading has-pale-pink-color has-text-color\">A la recherche d&#8217;une formation? C&#8217;est ici que \u00e7a se passe!<\/h2>\n\n\n\n<div class=\"wp-block-columns is-layout-flex wp-container-core-columns-is-layout-9d6595d7 wp-block-columns-is-layout-flex\"><\/div>\n\n\n\n<p><strong>L&#8217;ILFoP, un tremplin concret vers tous tes projets!<\/strong><\/p>\n\n\n\n<div class=\"wp-block-columns is-layout-flex wp-container-core-columns-is-layout-9d6595d7 wp-block-columns-is-layout-flex\">\n<div class=\"wp-block-column is-layout-flow wp-block-column-is-layout-flow\">\n<p>Pousser les portes de l\u2019ILFoP, ce n\u2019est pas seulement d\u00e9couvrir une \u00e9cole, des classes et des formations mais bien partir \u00e0 la d\u00e9couverte d\u2019un lieu de vie et d\u2019apprentissage o\u00f9 nous nous effor\u00e7ons au quotidien de mettre tout en \u0153uvre pour atteindre notre objectif premier : Amener nos \u00e9tudiants \u00e0 se <strong>former<\/strong>, <strong>acqu\u00e9rir <\/strong>des savoirs, <strong>apprendre <\/strong>un m\u00e9tier et <strong>participer <\/strong>au mieux \u00e0 leur <strong>\u00e9panouissement <\/strong>personnel.<\/p>\n\n\n\n<p>Proposant des formations de niveaux et de secteurs d\u2019activit\u00e9s tr\u00e8s vari\u00e9s, l\u2019ILFoP se veut un tremplin dynamique vers l\u2019emploi et l\u2019accomplissement personnel. Afin d\u2019y arriver, les cours sont ax\u00e9s le plus possible vers la mise en application de cas concrets issus du monde professionnel.<\/p>\n<\/div>\n\n\n\n<div class=\"wp-block-column is-layout-flow wp-block-column-is-layout-flow\">\n<p>Tout au long de son cursus, l\u2019\u00e9tudiant est plong\u00e9 au centre de son apprentissage. Depuis son inscription jusqu\u2019\u00e0 sa certification ou diplomation, l\u2019\u00e9tudiant sera en effet invit\u00e9 \u00e0 acqu\u00e9rir des comp\u00e9tences et des connaissances propres \u00e0 un m\u00e9tier par le biais de cours th\u00e9oriques, de diff\u00e9rentes travaux pratiques, de stages ainsi que dans certains cas, d\u2019une \u00e9preuve int\u00e9gr\u00e9e consistant en la r\u00e9alisation d\u2019une mise en situation reprenant l\u2019enti\u00e8ret\u00e9 des comp\u00e9tences acquises.<\/p>\n\n\n\n<p>Pousser les portes de l\u2019ILFoP, c\u2019est plus que simplement s\u2019inscrire dans une \u00e9cole, c\u2019est clairement faire le choix de <strong>devenir acteur de son propre avenir.<\/strong><\/p>\n<\/div>\n<\/div>\n\n\n\n<div style=\"height:50px\" aria-hidden=\"true\" class=\"wp-block-spacer\"><\/div>\n\n\n\n<h1 class=\"wp-block-heading has-pale-pink-color has-text-color\" style=\"font-style:normal;font-weight:700\">Disponibles en 2025-2026<\/h1>\n\n\n\n<div class=\"wp-block-columns is-layout-flex wp-container-core-columns-is-layout-9d6595d7 wp-block-columns-is-layout-flex\">\n<div class=\"wp-block-column is-layout-flow wp-block-column-is-layout-flow\">\n<figure class=\"wp-block-image size-large\"><img loading=\"lazy\" decoding=\"async\" width=\"724\" height=\"1024\" src=\"https:\/\/ilfop.be\/wp-content\/uploads\/2025\/09\/545412261_1215899900560262_5790531260856170738_n-724x1024.jpg\" alt=\"\" class=\"wp-image-2223\" srcset=\"https:\/\/ilfop.be\/wp-content\/uploads\/2025\/09\/545412261_1215899900560262_5790531260856170738_n-724x1024.jpg 724w, https:\/\/ilfop.be\/wp-content\/uploads\/2025\/09\/545412261_1215899900560262_5790531260856170738_n-212x300.jpg 212w, https:\/\/ilfop.be\/wp-content\/uploads\/2025\/09\/545412261_1215899900560262_5790531260856170738_n-768x1086.jpg 768w, https:\/\/ilfop.be\/wp-content\/uploads\/2025\/09\/545412261_1215899900560262_5790531260856170738_n-1086x1536.jpg 1086w, https:\/\/ilfop.be\/wp-content\/uploads\/2025\/09\/545412261_1215899900560262_5790531260856170738_n.jpg 1448w\" sizes=\"auto, (max-width: 724px) 100vw, 724px\" \/><\/figure>\n<\/div>\n\n\n\n<div class=\"wp-block-column is-layout-flow wp-block-column-is-layout-flow\">\n<figure class=\"wp-block-image size-large\"><a href=\"https:\/\/ilfop.be\/index.php\/76-2\/art-floral\/\"><img loading=\"lazy\" decoding=\"async\" width=\"724\" height=\"1024\" src=\"https:\/\/ilfop.be\/wp-content\/uploads\/2025\/06\/Fleuriste-2024-724x1024.jpg\" alt=\"\" class=\"wp-image-2162\" srcset=\"https:\/\/ilfop.be\/wp-content\/uploads\/2025\/06\/Fleuriste-2024-724x1024.jpg 724w, https:\/\/ilfop.be\/wp-content\/uploads\/2025\/06\/Fleuriste-2024-212x300.jpg 212w, https:\/\/ilfop.be\/wp-content\/uploads\/2025\/06\/Fleuriste-2024-768x1086.jpg 768w, https:\/\/ilfop.be\/wp-content\/uploads\/2025\/06\/Fleuriste-2024-1086x1536.jpg 1086w, https:\/\/ilfop.be\/wp-content\/uploads\/2025\/06\/Fleuriste-2024-1448x2048.jpg 1448w, https:\/\/ilfop.be\/wp-content\/uploads\/2025\/06\/Fleuriste-2024.jpg 1754w\" sizes=\"auto, (max-width: 724px) 100vw, 724px\" \/><\/a><\/figure>\n<\/div>\n\n\n\n<div class=\"wp-block-column is-layout-flow wp-block-column-is-layout-flow\">\n<figure class=\"wp-block-image size-large\"><a href=\"http:\/\/ilfop.be\/index.php\/76-2\/bachelier-en-tourisme\/\"><img loading=\"lazy\" decoding=\"async\" width=\"724\" height=\"1024\" src=\"http:\/\/ilfop.be\/wp-content\/uploads\/2024\/06\/Bac.Tourisme-2024-724x1024.jpg\" alt=\"\" class=\"wp-image-1822\" srcset=\"https:\/\/ilfop.be\/wp-content\/uploads\/2024\/06\/Bac.Tourisme-2024-724x1024.jpg 724w, https:\/\/ilfop.be\/wp-content\/uploads\/2024\/06\/Bac.Tourisme-2024-212x300.jpg 212w, https:\/\/ilfop.be\/wp-content\/uploads\/2024\/06\/Bac.Tourisme-2024-768x1086.jpg 768w, https:\/\/ilfop.be\/wp-content\/uploads\/2024\/06\/Bac.Tourisme-2024-1086x1536.jpg 1086w, https:\/\/ilfop.be\/wp-content\/uploads\/2024\/06\/Bac.Tourisme-2024-1448x2048.jpg 1448w, https:\/\/ilfop.be\/wp-content\/uploads\/2024\/06\/Bac.Tourisme-2024.jpg 1754w\" sizes=\"auto, (max-width: 724px) 100vw, 724px\" \/><\/a><\/figure>\n<\/div>\n\n\n\n<div class=\"wp-block-column is-layout-flow wp-block-column-is-layout-flow\">\n<figure class=\"wp-block-image size-large\"><a href=\"http:\/\/ilfop.be\/index.php\/76-2\/cvr-2\/\"><img loading=\"lazy\" decoding=\"async\" width=\"724\" height=\"1024\" src=\"http:\/\/ilfop.be\/wp-content\/uploads\/2024\/06\/CVR-724x1024.jpg\" alt=\"\" class=\"wp-image-1843\" srcset=\"https:\/\/ilfop.be\/wp-content\/uploads\/2024\/06\/CVR-724x1024.jpg 724w, https:\/\/ilfop.be\/wp-content\/uploads\/2024\/06\/CVR-212x300.jpg 212w, https:\/\/ilfop.be\/wp-content\/uploads\/2024\/06\/CVR-768x1086.jpg 768w, https:\/\/ilfop.be\/wp-content\/uploads\/2024\/06\/CVR-1086x1536.jpg 1086w, https:\/\/ilfop.be\/wp-content\/uploads\/2024\/06\/CVR-1448x2048.jpg 1448w, https:\/\/ilfop.be\/wp-content\/uploads\/2024\/06\/CVR.jpg 1754w\" sizes=\"auto, (max-width: 724px) 100vw, 724px\" \/><\/a><\/figure>\n<\/div>\n\n\n\n<div class=\"wp-block-column is-layout-flow wp-block-column-is-layout-flow\">\n<figure class=\"wp-block-image size-large\"><a href=\"http:\/\/ilfop.be\/index.php\/76-2\/habillement\/\"><img loading=\"lazy\" decoding=\"async\" width=\"724\" height=\"1024\" src=\"http:\/\/ilfop.be\/wp-content\/uploads\/2024\/06\/Habillement-2024-724x1024.jpg\" alt=\"\" class=\"wp-image-1821\" srcset=\"https:\/\/ilfop.be\/wp-content\/uploads\/2024\/06\/Habillement-2024-724x1024.jpg 724w, https:\/\/ilfop.be\/wp-content\/uploads\/2024\/06\/Habillement-2024-212x300.jpg 212w, https:\/\/ilfop.be\/wp-content\/uploads\/2024\/06\/Habillement-2024-768x1086.jpg 768w, https:\/\/ilfop.be\/wp-content\/uploads\/2024\/06\/Habillement-2024-1086x1536.jpg 1086w, https:\/\/ilfop.be\/wp-content\/uploads\/2024\/06\/Habillement-2024-1448x2048.jpg 1448w, https:\/\/ilfop.be\/wp-content\/uploads\/2024\/06\/Habillement-2024-scaled.jpg 1810w\" sizes=\"auto, (max-width: 724px) 100vw, 724px\" \/><\/a><\/figure>\n<\/div>\n<\/div>\n\n\n\n<div class=\"wp-block-columns is-layout-flex wp-container-core-columns-is-layout-9d6595d7 wp-block-columns-is-layout-flex\">\n<div class=\"wp-block-column is-layout-flow wp-block-column-is-layout-flow\">\n<figure class=\"wp-block-image size-large\"><a href=\"http:\/\/ilfop.be\/index.php\/dessinateur-en-construction\/\"><img loading=\"lazy\" decoding=\"async\" width=\"724\" height=\"1024\" src=\"http:\/\/ilfop.be\/wp-content\/uploads\/2024\/06\/DAO-2024-Recto-724x1024.jpg\" alt=\"\" class=\"wp-image-1847\" srcset=\"https:\/\/ilfop.be\/wp-content\/uploads\/2024\/06\/DAO-2024-Recto-724x1024.jpg 724w, https:\/\/ilfop.be\/wp-content\/uploads\/2024\/06\/DAO-2024-Recto-212x300.jpg 212w, https:\/\/ilfop.be\/wp-content\/uploads\/2024\/06\/DAO-2024-Recto-768x1086.jpg 768w, https:\/\/ilfop.be\/wp-content\/uploads\/2024\/06\/DAO-2024-Recto-1086x1536.jpg 1086w, https:\/\/ilfop.be\/wp-content\/uploads\/2024\/06\/DAO-2024-Recto-1448x2048.jpg 1448w, https:\/\/ilfop.be\/wp-content\/uploads\/2024\/06\/DAO-2024-Recto-scaled.jpg 1810w\" sizes=\"auto, (max-width: 724px) 100vw, 724px\" \/><\/a><\/figure>\n<\/div>\n\n\n\n<div class=\"wp-block-column is-layout-flow wp-block-column-is-layout-flow\">\n<figure class=\"wp-block-image size-large\"><a href=\"http:\/\/ilfop.be\/index.php\/76-2\/complement-cess\/\"><img loading=\"lazy\" decoding=\"async\" width=\"724\" height=\"1024\" src=\"http:\/\/ilfop.be\/wp-content\/uploads\/2024\/06\/Compl.-CESS-724x1024.jpg\" alt=\"\" class=\"wp-image-1849\" srcset=\"https:\/\/ilfop.be\/wp-content\/uploads\/2024\/06\/Compl.-CESS-724x1024.jpg 724w, https:\/\/ilfop.be\/wp-content\/uploads\/2024\/06\/Compl.-CESS-212x300.jpg 212w, https:\/\/ilfop.be\/wp-content\/uploads\/2024\/06\/Compl.-CESS-768x1086.jpg 768w, https:\/\/ilfop.be\/wp-content\/uploads\/2024\/06\/Compl.-CESS-1086x1536.jpg 1086w, https:\/\/ilfop.be\/wp-content\/uploads\/2024\/06\/Compl.-CESS-1448x2048.jpg 1448w, https:\/\/ilfop.be\/wp-content\/uploads\/2024\/06\/Compl.-CESS.jpg 1754w\" sizes=\"auto, (max-width: 724px) 100vw, 724px\" \/><\/a><\/figure>\n<\/div>\n\n\n\n<div class=\"wp-block-column is-layout-flow wp-block-column-is-layout-flow\">\n<figure class=\"wp-block-image size-large\"><a href=\"https:\/\/ilfop.be\/index.php\/76-2\/espagnol-2\/\"><img loading=\"lazy\" decoding=\"async\" width=\"724\" height=\"1024\" src=\"https:\/\/ilfop.be\/wp-content\/uploads\/2025\/06\/Espagnol-2024-724x1024.jpg\" alt=\"\" class=\"wp-image-2164\" srcset=\"https:\/\/ilfop.be\/wp-content\/uploads\/2025\/06\/Espagnol-2024-724x1024.jpg 724w, https:\/\/ilfop.be\/wp-content\/uploads\/2025\/06\/Espagnol-2024-212x300.jpg 212w, https:\/\/ilfop.be\/wp-content\/uploads\/2025\/06\/Espagnol-2024-768x1086.jpg 768w, https:\/\/ilfop.be\/wp-content\/uploads\/2025\/06\/Espagnol-2024-1086x1536.jpg 1086w, https:\/\/ilfop.be\/wp-content\/uploads\/2025\/06\/Espagnol-2024-1448x2048.jpg 1448w, https:\/\/ilfop.be\/wp-content\/uploads\/2025\/06\/Espagnol-2024.jpg 1754w\" sizes=\"auto, (max-width: 724px) 100vw, 724px\" \/><\/a><\/figure>\n<\/div>\n\n\n\n<div class=\"wp-block-column is-layout-flow wp-block-column-is-layout-flow\">\n<figure class=\"wp-block-image size-large\"><a href=\"https:\/\/ilfop.be\/index.php\/italien-initiation\/\"><img loading=\"lazy\" decoding=\"async\" width=\"724\" height=\"1024\" src=\"https:\/\/ilfop.be\/wp-content\/uploads\/2025\/06\/Italien-2024-724x1024.jpg\" alt=\"\" class=\"wp-image-2165\" srcset=\"https:\/\/ilfop.be\/wp-content\/uploads\/2025\/06\/Italien-2024-724x1024.jpg 724w, https:\/\/ilfop.be\/wp-content\/uploads\/2025\/06\/Italien-2024-212x300.jpg 212w, https:\/\/ilfop.be\/wp-content\/uploads\/2025\/06\/Italien-2024-768x1086.jpg 768w, https:\/\/ilfop.be\/wp-content\/uploads\/2025\/06\/Italien-2024-1086x1536.jpg 1086w, https:\/\/ilfop.be\/wp-content\/uploads\/2025\/06\/Italien-2024-1448x2048.jpg 1448w, https:\/\/ilfop.be\/wp-content\/uploads\/2025\/06\/Italien-2024.jpg 1754w\" sizes=\"auto, (max-width: 724px) 100vw, 724px\" \/><\/a><\/figure>\n<\/div>\n\n\n\n<div class=\"wp-block-column is-layout-flow wp-block-column-is-layout-flow\">\n<figure class=\"wp-block-image size-large\"><a href=\"http:\/\/ilfop.be\/index.php\/neerlandais\/\"><img loading=\"lazy\" decoding=\"async\" width=\"724\" height=\"1024\" src=\"http:\/\/ilfop.be\/wp-content\/uploads\/2024\/09\/Ndls-2024-724x1024.jpg\" alt=\"\" class=\"wp-image-1918\" srcset=\"https:\/\/ilfop.be\/wp-content\/uploads\/2024\/09\/Ndls-2024-724x1024.jpg 724w, https:\/\/ilfop.be\/wp-content\/uploads\/2024\/09\/Ndls-2024-212x300.jpg 212w, https:\/\/ilfop.be\/wp-content\/uploads\/2024\/09\/Ndls-2024-768x1086.jpg 768w, https:\/\/ilfop.be\/wp-content\/uploads\/2024\/09\/Ndls-2024-1086x1536.jpg 1086w, https:\/\/ilfop.be\/wp-content\/uploads\/2024\/09\/Ndls-2024-1448x2048.jpg 1448w, https:\/\/ilfop.be\/wp-content\/uploads\/2024\/09\/Ndls-2024.jpg 1754w\" sizes=\"auto, (max-width: 724px) 100vw, 724px\" \/><\/a><\/figure>\n<\/div>\n<\/div>\n\n\n\n<div style=\"height:50px\" aria-hidden=\"true\" class=\"wp-block-spacer\"><\/div>\n\n\n\n<h4 class=\"wp-block-heading has-pale-pink-color has-text-color\">L&#8217;ILFoP en quelques photos&#8230;<\/h4>\n\n\n\n<figure class=\"wp-block-gallery has-nested-images columns-default is-cropped wp-block-gallery-1 is-layout-flex wp-block-gallery-is-layout-flex\">\n<figure class=\"wp-block-image size-large\"><a href=\"https:\/\/ilfop.be\/wp-content\/uploads\/2025\/06\/508623633_1150190040464582_8501389713035207339_n.jpg\"><img loading=\"lazy\" decoding=\"async\" width=\"1024\" height=\"682\" data-id=\"2175\" src=\"https:\/\/ilfop.be\/wp-content\/uploads\/2025\/06\/508623633_1150190040464582_8501389713035207339_n-1024x682.jpg\" alt=\"\" class=\"wp-image-2175\" srcset=\"https:\/\/ilfop.be\/wp-content\/uploads\/2025\/06\/508623633_1150190040464582_8501389713035207339_n-1024x682.jpg 1024w, https:\/\/ilfop.be\/wp-content\/uploads\/2025\/06\/508623633_1150190040464582_8501389713035207339_n-300x200.jpg 300w, https:\/\/ilfop.be\/wp-content\/uploads\/2025\/06\/508623633_1150190040464582_8501389713035207339_n-768x512.jpg 768w, https:\/\/ilfop.be\/wp-content\/uploads\/2025\/06\/508623633_1150190040464582_8501389713035207339_n-1536x1023.jpg 1536w, https:\/\/ilfop.be\/wp-content\/uploads\/2025\/06\/508623633_1150190040464582_8501389713035207339_n.jpg 2048w\" sizes=\"auto, (max-width: 1024px) 100vw, 1024px\" \/><\/a><\/figure>\n\n\n\n<figure class=\"wp-block-image size-large\"><a href=\"http:\/\/ilfop.be\/wp-content\/uploads\/2021\/08\/Sans-titre-1.jpg\"><img loading=\"lazy\" decoding=\"async\" width=\"640\" height=\"960\" data-id=\"577\" src=\"http:\/\/ilfop.be\/wp-content\/uploads\/2021\/08\/Sans-titre-1.jpg\" alt=\"\" class=\"wp-image-577\" srcset=\"https:\/\/ilfop.be\/wp-content\/uploads\/2021\/08\/Sans-titre-1.jpg 640w, https:\/\/ilfop.be\/wp-content\/uploads\/2021\/08\/Sans-titre-1-200x300.jpg 200w\" sizes=\"auto, (max-width: 640px) 100vw, 640px\" \/><\/a><\/figure>\n\n\n\n<figure class=\"wp-block-image size-large\"><a href=\"https:\/\/ilfop.be\/wp-content\/uploads\/2025\/06\/482240764_1077152557768331_8496737145674895059_n.jpg\"><img loading=\"lazy\" decoding=\"async\" width=\"768\" height=\"1024\" data-id=\"2173\" src=\"https:\/\/ilfop.be\/wp-content\/uploads\/2025\/06\/482240764_1077152557768331_8496737145674895059_n-768x1024.jpg\" alt=\"\" class=\"wp-image-2173\" srcset=\"https:\/\/ilfop.be\/wp-content\/uploads\/2025\/06\/482240764_1077152557768331_8496737145674895059_n-768x1024.jpg 768w, https:\/\/ilfop.be\/wp-content\/uploads\/2025\/06\/482240764_1077152557768331_8496737145674895059_n-225x300.jpg 225w, https:\/\/ilfop.be\/wp-content\/uploads\/2025\/06\/482240764_1077152557768331_8496737145674895059_n-1152x1536.jpg 1152w, https:\/\/ilfop.be\/wp-content\/uploads\/2025\/06\/482240764_1077152557768331_8496737145674895059_n.jpg 1536w\" sizes=\"auto, (max-width: 768px) 100vw, 768px\" \/><\/a><\/figure>\n\n\n\n<figure class=\"wp-block-image size-large\"><a href=\"https:\/\/ilfop.be\/wp-content\/uploads\/2025\/06\/DSC0455-scaled.jpg\"><img loading=\"lazy\" decoding=\"async\" width=\"1024\" height=\"678\" data-id=\"2174\" src=\"https:\/\/ilfop.be\/wp-content\/uploads\/2025\/06\/DSC0455-1024x678.jpg\" alt=\"\" class=\"wp-image-2174\" srcset=\"https:\/\/ilfop.be\/wp-content\/uploads\/2025\/06\/DSC0455-1024x678.jpg 1024w, https:\/\/ilfop.be\/wp-content\/uploads\/2025\/06\/DSC0455-300x199.jpg 300w, https:\/\/ilfop.be\/wp-content\/uploads\/2025\/06\/DSC0455-768x509.jpg 768w, https:\/\/ilfop.be\/wp-content\/uploads\/2025\/06\/DSC0455-1536x1017.jpg 1536w, https:\/\/ilfop.be\/wp-content\/uploads\/2025\/06\/DSC0455-2048x1356.jpg 2048w\" sizes=\"auto, (max-width: 1024px) 100vw, 1024px\" \/><\/a><\/figure>\n\n\n\n<figure class=\"wp-block-image size-large\"><a href=\"https:\/\/ilfop.be\/wp-content\/uploads\/2025\/06\/Z639245-scaled.jpg\"><img loading=\"lazy\" decoding=\"async\" width=\"1024\" height=\"683\" data-id=\"2172\" src=\"https:\/\/ilfop.be\/wp-content\/uploads\/2025\/06\/Z639245-1024x683.jpg\" alt=\"\" class=\"wp-image-2172\" srcset=\"https:\/\/ilfop.be\/wp-content\/uploads\/2025\/06\/Z639245-1024x683.jpg 1024w, https:\/\/ilfop.be\/wp-content\/uploads\/2025\/06\/Z639245-300x200.jpg 300w, https:\/\/ilfop.be\/wp-content\/uploads\/2025\/06\/Z639245-768x512.jpg 768w, https:\/\/ilfop.be\/wp-content\/uploads\/2025\/06\/Z639245-1536x1024.jpg 1536w, https:\/\/ilfop.be\/wp-content\/uploads\/2025\/06\/Z639245-2048x1365.jpg 2048w\" sizes=\"auto, (max-width: 1024px) 100vw, 1024px\" \/><\/a><\/figure>\n<\/figure>\n\n\n\n<div style=\"height:40px\" aria-hidden=\"true\" class=\"wp-block-spacer\"><\/div>\n\n\n\n<div style=\"height:40px\" aria-hidden=\"true\" class=\"wp-block-spacer\"><\/div>\n\n\n\n<p>Nos partenaires : <\/p>\n\n\n\n<div class=\"wp-block-columns is-layout-flex wp-container-core-columns-is-layout-9d6595d7 wp-block-columns-is-layout-flex\">\n<div class=\"wp-block-column is-layout-flow wp-block-column-is-layout-flow\">\n<figure class=\"wp-block-image size-medium\"><a href=\"https:\/\/esa-namur.be\/\"><img loading=\"lazy\" decoding=\"async\" width=\"300\" height=\"300\" src=\"https:\/\/ilfop.be\/wp-content\/uploads\/2021\/03\/ESA-300x300.jpg\" alt=\"\" class=\"wp-image-400\" srcset=\"https:\/\/ilfop.be\/wp-content\/uploads\/2021\/03\/ESA-300x300.jpg 300w, https:\/\/ilfop.be\/wp-content\/uploads\/2021\/03\/ESA-150x150.jpg 150w, https:\/\/ilfop.be\/wp-content\/uploads\/2021\/03\/ESA.jpg 500w\" sizes=\"auto, (max-width: 300px) 100vw, 300px\" \/><\/a><\/figure>\n<\/div>\n\n\n\n<div class=\"wp-block-column is-layout-flow wp-block-column-is-layout-flow\">\n<figure class=\"wp-block-image size-large\"><img loading=\"lazy\" decoding=\"async\" width=\"1024\" height=\"1024\" src=\"https:\/\/ilfop.be\/wp-content\/uploads\/2024\/03\/432152559_953669089543307_946621820275419346_n-1024x1024.jpg\" alt=\"\" class=\"wp-image-1712\" srcset=\"https:\/\/ilfop.be\/wp-content\/uploads\/2024\/03\/432152559_953669089543307_946621820275419346_n-1024x1024.jpg 1024w, https:\/\/ilfop.be\/wp-content\/uploads\/2024\/03\/432152559_953669089543307_946621820275419346_n-300x300.jpg 300w, https:\/\/ilfop.be\/wp-content\/uploads\/2024\/03\/432152559_953669089543307_946621820275419346_n-150x150.jpg 150w, https:\/\/ilfop.be\/wp-content\/uploads\/2024\/03\/432152559_953669089543307_946621820275419346_n-768x768.jpg 768w, https:\/\/ilfop.be\/wp-content\/uploads\/2024\/03\/432152559_953669089543307_946621820275419346_n-1536x1536.jpg 1536w, https:\/\/ilfop.be\/wp-content\/uploads\/2024\/03\/432152559_953669089543307_946621820275419346_n.jpg 2048w\" sizes=\"auto, (max-width: 1024px) 100vw, 1024px\" \/><\/figure>\n<\/div>\n\n\n\n<div class=\"wp-block-column is-layout-flow wp-block-column-is-layout-flow\">\n<figure class=\"wp-block-image size-medium\"><a href=\"https:\/\/www.poledenamur.be\/\"><img loading=\"lazy\" decoding=\"async\" width=\"300\" height=\"300\" src=\"https:\/\/ilfop.be\/wp-content\/uploads\/2021\/03\/PAN-300x300.jpg\" alt=\"\" class=\"wp-image-402\" srcset=\"https:\/\/ilfop.be\/wp-content\/uploads\/2021\/03\/PAN-300x300.jpg 300w, https:\/\/ilfop.be\/wp-content\/uploads\/2021\/03\/PAN-150x150.jpg 150w, https:\/\/ilfop.be\/wp-content\/uploads\/2021\/03\/PAN.jpg 500w\" sizes=\"auto, (max-width: 300px) 100vw, 300px\" \/><\/a><\/figure>\n<\/div>\n\n\n\n<div class=\"wp-block-column is-layout-flow wp-block-column-is-layout-flow\">\n<figure class=\"wp-block-image size-full\"><a href=\"https:\/\/www.iata.be\/\"><img loading=\"lazy\" decoding=\"async\" width=\"304\" height=\"304\" src=\"http:\/\/ilfop.be\/wp-content\/uploads\/2023\/06\/iata2.jpg\" alt=\"\" class=\"wp-image-1506\" srcset=\"https:\/\/ilfop.be\/wp-content\/uploads\/2023\/06\/iata2.jpg 304w, https:\/\/ilfop.be\/wp-content\/uploads\/2023\/06\/iata2-300x300.jpg 300w, https:\/\/ilfop.be\/wp-content\/uploads\/2023\/06\/iata2-150x150.jpg 150w\" sizes=\"auto, (max-width: 304px) 100vw, 304px\" \/><\/a><\/figure>\n<\/div>\n\n\n\n<div class=\"wp-block-column is-layout-flow wp-block-column-is-layout-flow\">\n<figure class=\"wp-block-image size-full\"><a href=\"https:\/\/www.arjambes.be\/\"><img loading=\"lazy\" decoding=\"async\" width=\"304\" height=\"304\" src=\"http:\/\/ilfop.be\/wp-content\/uploads\/2023\/06\/athenee.jpg\" alt=\"\" class=\"wp-image-1507\" srcset=\"https:\/\/ilfop.be\/wp-content\/uploads\/2023\/06\/athenee.jpg 304w, https:\/\/ilfop.be\/wp-content\/uploads\/2023\/06\/athenee-300x300.jpg 300w, https:\/\/ilfop.be\/wp-content\/uploads\/2023\/06\/athenee-150x150.jpg 150w\" sizes=\"auto, (max-width: 304px) 100vw, 304px\" \/><\/a><\/figure>\n<\/div>\n\n\n\n<div class=\"wp-block-column is-layout-flow wp-block-column-is-layout-flow\">\n<figure class=\"wp-block-image size-full\"><img loading=\"lazy\" decoding=\"async\" width=\"591\" height=\"591\" src=\"https:\/\/ilfop.be\/wp-content\/uploads\/2025\/07\/Logos_ISJJ-CMJN-300dpi.png\" alt=\"\" class=\"wp-image-2194\" srcset=\"https:\/\/ilfop.be\/wp-content\/uploads\/2025\/07\/Logos_ISJJ-CMJN-300dpi.png 591w, https:\/\/ilfop.be\/wp-content\/uploads\/2025\/07\/Logos_ISJJ-CMJN-300dpi-300x300.png 300w, https:\/\/ilfop.be\/wp-content\/uploads\/2025\/07\/Logos_ISJJ-CMJN-300dpi-150x150.png 150w\" sizes=\"auto, (max-width: 591px) 100vw, 591px\" \/><\/figure>\n<\/div>\n\n\n\n<div class=\"wp-block-column is-layout-flow wp-block-column-is-layout-flow\">\n<figure class=\"wp-block-image size-large\"><a href=\"https:\/\/www.namur-cadets.be\/\"><img loading=\"lazy\" decoding=\"async\" width=\"1024\" height=\"1024\" src=\"http:\/\/ilfop.be\/wp-content\/uploads\/2024\/06\/EAFC-Cadets-1024x1024.jpg\" alt=\"\" class=\"wp-image-1815\" srcset=\"https:\/\/ilfop.be\/wp-content\/uploads\/2024\/06\/EAFC-Cadets-1024x1024.jpg 1024w, https:\/\/ilfop.be\/wp-content\/uploads\/2024\/06\/EAFC-Cadets-300x300.jpg 300w, https:\/\/ilfop.be\/wp-content\/uploads\/2024\/06\/EAFC-Cadets-150x150.jpg 150w, https:\/\/ilfop.be\/wp-content\/uploads\/2024\/06\/EAFC-Cadets-768x768.jpg 768w, https:\/\/ilfop.be\/wp-content\/uploads\/2024\/06\/EAFC-Cadets-1536x1536.jpg 1536w, https:\/\/ilfop.be\/wp-content\/uploads\/2024\/06\/EAFC-Cadets-2048x2048.jpg 2048w\" sizes=\"auto, (max-width: 1024px) 100vw, 1024px\" \/><\/a><\/figure>\n<\/div>\n\n\n\n<div class=\"wp-block-column is-layout-flow wp-block-column-is-layout-flow\">\n<figure class=\"wp-block-image size-full\"><img loading=\"lazy\" decoding=\"async\" width=\"910\" height=\"922\" src=\"http:\/\/ilfop.be\/wp-content\/uploads\/2024\/09\/embleme_UE-couleur_vertical.jpg\" alt=\"\" class=\"wp-image-1936\" srcset=\"https:\/\/ilfop.be\/wp-content\/uploads\/2024\/09\/embleme_UE-couleur_vertical.jpg 910w, https:\/\/ilfop.be\/wp-content\/uploads\/2024\/09\/embleme_UE-couleur_vertical-296x300.jpg 296w, https:\/\/ilfop.be\/wp-content\/uploads\/2024\/09\/embleme_UE-couleur_vertical-768x778.jpg 768w\" sizes=\"auto, (max-width: 910px) 100vw, 910px\" \/><\/figure>\n<\/div>\n\n\n\n<div class=\"wp-block-column is-layout-flow wp-block-column-is-layout-flow\">\n<figure class=\"wp-block-image size-medium\"><a href=\"https:\/\/enseignement.catholique.be\/\"><img loading=\"lazy\" decoding=\"async\" width=\"300\" height=\"300\" src=\"https:\/\/ilfop.be\/wp-content\/uploads\/2021\/03\/SeGec-300x300.jpg\" alt=\"\" class=\"wp-image-401\" srcset=\"https:\/\/ilfop.be\/wp-content\/uploads\/2021\/03\/SeGec-300x300.jpg 300w, https:\/\/ilfop.be\/wp-content\/uploads\/2021\/03\/SeGec-150x150.jpg 150w, https:\/\/ilfop.be\/wp-content\/uploads\/2021\/03\/SeGec.jpg 500w\" sizes=\"auto, (max-width: 300px) 100vw, 300px\" \/><\/a><\/figure>\n<\/div>\n<\/div>\n\n\n\n<p><\/p>\n\n\n\n<p><\/p>\n","protected":false},"excerpt":{"rendered":"<p>A la recherche d&#8217;une formation? C&#8217;est ici que \u00e7a se passe! L&#8217;ILFoP, un tremplin concret vers tous tes projets! Pousser les portes de l\u2019ILFoP, ce n\u2019est pas seulement d\u00e9couvrir une \u00e9cole, des classes et des formations mais bien partir \u00e0 la d\u00e9couverte d\u2019un lieu de vie et d\u2019apprentissage o\u00f9 nous nous effor\u00e7ons au quotidien de [&hellip;]<\/p>\n","protected":false},"author":1,"featured_media":35,"parent":0,"menu_order":0,"comment_status":"closed","ping_status":"closed","template":"","meta":{"footnotes":""},"class_list":["post-33","page","type-page","status-publish","has-post-thumbnail","hentry"],"_links":{"self":[{"href":"https:\/\/ilfop.be\/index.php\/wp-json\/wp\/v2\/pages\/33","targetHints":{"allow":["GET"]}}],"collection":[{"href":"https:\/\/ilfop.be\/index.php\/wp-json\/wp\/v2\/pages"}],"about":[{"href":"https:\/\/ilfop.be\/index.php\/wp-json\/wp\/v2\/types\/page"}],"author":[{"embeddable":true,"href":"https:\/\/ilfop.be\/index.php\/wp-json\/wp\/v2\/users\/1"}],"replies":[{"embeddable":true,"href":"https:\/\/ilfop.be\/index.php\/wp-json\/wp\/v2\/comments?post=33"}],"version-history":[{"count":213,"href":"https:\/\/ilfop.be\/index.php\/wp-json\/wp\/v2\/pages\/33\/revisions"}],"predecessor-version":[{"id":2257,"href":"https:\/\/ilfop.be\/index.php\/wp-json\/wp\/v2\/pages\/33\/revisions\/2257"}],"wp:featuredmedia":[{"embeddable":true,"href":"https:\/\/ilfop.be\/index.php\/wp-json\/wp\/v2\/media\/35"}],"wp:attachment":[{"href":"https:\/\/ilfop.be\/index.php\/wp-json\/wp\/v2\/media?parent=33"}],"curies":[{"name":"wp","href":"https:\/\/api.w.org\/{rel}","templated":true}]}}