{"id":369,"date":"2021-03-02T10:57:30","date_gmt":"2021-03-02T09:57:30","guid":{"rendered":"http:\/\/ilfop.be\/?page_id=369"},"modified":"2025-04-23T12:06:14","modified_gmt":"2025-04-23T10:06:14","slug":"gestion-de-base","status":"publish","type":"page","link":"https:\/\/ilfop.be\/index.php\/76-2\/gestion-de-base\/","title":{"rendered":"Gestion de base"},"content":{"rendered":"\n<p>Imaginez et d\u00e9veloppez votre business plan pour une future activit\u00e9 d\u2019ind\u00e9pendant !<\/p>\n\n\n\n<p>Vous r\u00eavez de lancer votre entreprise, de mettre sur pied une activit\u00e9 compl\u00e9mentaire ou d\u2019aider votre conjoint ind\u00e9pendant ? Venez appr\u00e9hender vos qualit\u00e9s d\u2019entrepreneur, ma\u00eetriser les comp\u00e9tences de base dans le domaine de la cr\u00e9ation d\u2019entreprise, de la comptabilit\u00e9, de la gestion financi\u00e8re et commerciale.Toute personne qui souhaite d\u00e9marrer une activit\u00e9 commerciale ou artisanale en Belgique doit <strong>prouver des connaissances de gestion de base<\/strong>. Cette formation vous donnera acc\u00e8s au Certificat de Gestion de base.<\/p>\n\n\n\n<div style=\"height:40px\" aria-hidden=\"true\" class=\"wp-block-spacer\"><\/div>\n\n\n\n<div class=\"wp-block-columns is-layout-flex wp-container-core-columns-is-layout-9d6595d7 wp-block-columns-is-layout-flex\">\n<div class=\"wp-block-column is-layout-flow wp-block-column-is-layout-flow\">\n<h5 class=\"has-pale-pink-color has-text-color wp-block-heading\">Horaire<\/h5>\n\n\n\n<p>Non organis\u00e9 en 25-26<\/p>\n<\/div>\n\n\n\n<div class=\"wp-block-column is-layout-flow wp-block-column-is-layout-flow\">\n<h5 class=\"has-pale-pink-color has-text-color wp-block-heading\">Conditions d&#8217;admission<\/h5>\n\n\n\n<p>Test d\u2019admission en fran\u00e7ais et math\u00e9matiques de base<\/p>\n<\/div>\n\n\n\n<div class=\"wp-block-column is-layout-flow wp-block-column-is-layout-flow\"><\/div>\n<\/div>\n\n\n\n<div style=\"height:40px\" aria-hidden=\"true\" class=\"wp-block-spacer\"><\/div>\n\n\n\n<div class=\"wp-block-media-text alignwide is-stacked-on-mobile\"><figure class=\"wp-block-media-text__media\"><img loading=\"lazy\" decoding=\"async\" width=\"1024\" height=\"683\" src=\"http:\/\/ilfop.be\/wp-content\/uploads\/2021\/03\/christin-hume-Hcfwew744z4-unsplash-1024x683.jpg\" alt=\"\" class=\"wp-image-370 size-full\" srcset=\"https:\/\/ilfop.be\/wp-content\/uploads\/2021\/03\/christin-hume-Hcfwew744z4-unsplash-1024x683.jpg 1024w, https:\/\/ilfop.be\/wp-content\/uploads\/2021\/03\/christin-hume-Hcfwew744z4-unsplash-300x200.jpg 300w, https:\/\/ilfop.be\/wp-content\/uploads\/2021\/03\/christin-hume-Hcfwew744z4-unsplash-768x512.jpg 768w, https:\/\/ilfop.be\/wp-content\/uploads\/2021\/03\/christin-hume-Hcfwew744z4-unsplash-1536x1024.jpg 1536w, https:\/\/ilfop.be\/wp-content\/uploads\/2021\/03\/christin-hume-Hcfwew744z4-unsplash-2048x1365.jpg 2048w\" sizes=\"auto, (max-width: 1024px) 100vw, 1024px\" \/><\/figure><div class=\"wp-block-media-text__content\">\n<blockquote class=\"wp-block-quote is-layout-flow wp-block-quote-is-layout-flow\"><p>Le meilleur moyen de pr\u00e9voir le futur, c&#8217;est de le cr\u00e9er.<\/p><cite>Peter Drucker<\/cite><\/blockquote>\n<\/div><\/div>\n","protected":false},"excerpt":{"rendered":"<p>Imaginez et d\u00e9veloppez votre business plan pour une future activit\u00e9 d\u2019ind\u00e9pendant ! Vous r\u00eavez de lancer votre entreprise, de mettre sur pied une activit\u00e9 compl\u00e9mentaire ou d\u2019aider votre conjoint ind\u00e9pendant ? Venez appr\u00e9hender vos qualit\u00e9s d\u2019entrepreneur, ma\u00eetriser les comp\u00e9tences de base dans le domaine de la cr\u00e9ation d\u2019entreprise, de la comptabilit\u00e9, de la gestion financi\u00e8re [&hellip;]<\/p>\n","protected":false},"author":1,"featured_media":0,"parent":76,"menu_order":0,"comment_status":"closed","ping_status":"closed","template":"","meta":{"footnotes":""},"class_list":["post-369","page","type-page","status-publish","hentry"],"_links":{"self":[{"href":"https:\/\/ilfop.be\/index.php\/wp-json\/wp\/v2\/pages\/369","targetHints":{"allow":["GET"]}}],"collection":[{"href":"https:\/\/ilfop.be\/index.php\/wp-json\/wp\/v2\/pages"}],"about":[{"href":"https:\/\/ilfop.be\/index.php\/wp-json\/wp\/v2\/types\/page"}],"author":[{"embeddable":true,"href":"https:\/\/ilfop.be\/index.php\/wp-json\/wp\/v2\/users\/1"}],"replies":[{"embeddable":true,"href":"https:\/\/ilfop.be\/index.php\/wp-json\/wp\/v2\/comments?post=369"}],"version-history":[{"count":7,"href":"https:\/\/ilfop.be\/index.php\/wp-json\/wp\/v2\/pages\/369\/revisions"}],"predecessor-version":[{"id":2009,"href":"https:\/\/ilfop.be\/index.php\/wp-json\/wp\/v2\/pages\/369\/revisions\/2009"}],"up":[{"embeddable":true,"href":"https:\/\/ilfop.be\/index.php\/wp-json\/wp\/v2\/pages\/76"}],"wp:attachment":[{"href":"https:\/\/ilfop.be\/index.php\/wp-json\/wp\/v2\/media?parent=369"}],"curies":[{"name":"wp","href":"https:\/\/api.w.org\/{rel}","templated":true}]}}