{"id":372,"date":"2021-03-02T11:02:47","date_gmt":"2021-03-02T10:02:47","guid":{"rendered":"http:\/\/ilfop.be\/?page_id=372"},"modified":"2021-03-02T11:03:03","modified_gmt":"2021-03-02T10:03:03","slug":"horticulture-2","status":"publish","type":"page","link":"https:\/\/ilfop.be\/index.php\/76-2\/horticulture-2\/","title":{"rendered":"Horticulture"},"content":{"rendered":"\n<p>Vous aimez la nature ? Vous d\u00e9sirez entreprendre des travaux de jardinage avec le retour du beau temps ?<\/p>\n\n\n\n<p>Vous \u00eates conscients que ce secteur r\u00e9pond aux pr\u00e9occupations environnementales actuelles ? Nous vous proposons une formation g\u00e9n\u00e9rale de base en mati\u00e8re d\u2019environnement.<\/p>\n\n\n\n<p>Comment acclimater une plante lors des plantations ? Quels sols privil\u00e9gier et quels sont les techniques d\u2019entretien basiques ? Comment combattre les principaux parasites et maladies des plantes ? Tant de questions qui trouveront des r\u00e9ponses lors de cette formation courte, ax\u00e9e sur la th\u00e9orie horticole de base et compl\u00e9t\u00e9e par quelques travaux pratiques ainsi que des visites.<\/p>\n\n\n\n<div class=\"wp-block-media-text alignwide is-stacked-on-mobile\"><figure class=\"wp-block-media-text__media\"><img loading=\"lazy\" decoding=\"async\" width=\"675\" height=\"450\" src=\"http:\/\/ilfop.be\/wp-content\/uploads\/2021\/03\/horti-675x450-1.jpg\" alt=\"\" class=\"wp-image-373\" srcset=\"https:\/\/ilfop.be\/wp-content\/uploads\/2021\/03\/horti-675x450-1.jpg 675w, https:\/\/ilfop.be\/wp-content\/uploads\/2021\/03\/horti-675x450-1-300x200.jpg 300w\" sizes=\"auto, (max-width: 675px) 100vw, 675px\" \/><\/figure><div class=\"wp-block-media-text__content\">\n<blockquote class=\"wp-block-quote is-layout-flow wp-block-quote-is-layout-flow\"><p>Le jardin est la prolongation naturelle d\u2019une conception de la vie.<\/p><cite>Erik Orsenna<\/cite><\/blockquote>\n<\/div><\/div>\n","protected":false},"excerpt":{"rendered":"<p>Vous aimez la nature ? Vous d\u00e9sirez entreprendre des travaux de jardinage avec le retour du beau temps ? Vous \u00eates conscients que ce secteur r\u00e9pond aux pr\u00e9occupations environnementales actuelles ? Nous vous proposons une formation g\u00e9n\u00e9rale de base en mati\u00e8re d\u2019environnement. Comment acclimater une plante lors des plantations ? Quels sols privil\u00e9gier et quels [&hellip;]<\/p>\n","protected":false},"author":1,"featured_media":0,"parent":76,"menu_order":0,"comment_status":"closed","ping_status":"closed","template":"","meta":{"footnotes":""},"class_list":["post-372","page","type-page","status-publish","hentry"],"_links":{"self":[{"href":"https:\/\/ilfop.be\/index.php\/wp-json\/wp\/v2\/pages\/372","targetHints":{"allow":["GET"]}}],"collection":[{"href":"https:\/\/ilfop.be\/index.php\/wp-json\/wp\/v2\/pages"}],"about":[{"href":"https:\/\/ilfop.be\/index.php\/wp-json\/wp\/v2\/types\/page"}],"author":[{"embeddable":true,"href":"https:\/\/ilfop.be\/index.php\/wp-json\/wp\/v2\/users\/1"}],"replies":[{"embeddable":true,"href":"https:\/\/ilfop.be\/index.php\/wp-json\/wp\/v2\/comments?post=372"}],"version-history":[{"count":1,"href":"https:\/\/ilfop.be\/index.php\/wp-json\/wp\/v2\/pages\/372\/revisions"}],"predecessor-version":[{"id":374,"href":"https:\/\/ilfop.be\/index.php\/wp-json\/wp\/v2\/pages\/372\/revisions\/374"}],"up":[{"embeddable":true,"href":"https:\/\/ilfop.be\/index.php\/wp-json\/wp\/v2\/pages\/76"}],"wp:attachment":[{"href":"https:\/\/ilfop.be\/index.php\/wp-json\/wp\/v2\/media?parent=372"}],"curies":[{"name":"wp","href":"https:\/\/api.w.org\/{rel}","templated":true}]}}