{"id":539,"date":"2021-05-26T10:36:25","date_gmt":"2021-05-26T08:36:25","guid":{"rendered":"http:\/\/ilfop.be\/?page_id=539"},"modified":"2021-05-26T10:41:27","modified_gmt":"2021-05-26T08:41:27","slug":"brevet-denseignement-superieur","status":"publish","type":"page","link":"https:\/\/ilfop.be\/index.php\/76-2\/brevet-denseignement-superieur\/","title":{"rendered":"Brevet d&#8217;enseignement sup\u00e9rieur"},"content":{"rendered":"\n<p>L\u2019Institut Sup\u00e9rieur de Culture Ouvri\u00e8re organise une formation d\u2019animateur en action collective politique, culturelle et sociale. Les m\u00e9thodes sont participatives et en groupe. Brevet d\u2019Enseignement Sup\u00e9rieur reconnu par la F\u00e9d\u00e9ration Wallonie-Bruxelles (Niveau 5 europ\u00e9en).<\/p>\n\n\n\n<p><br>Formation rigoureuse qui permet de comprendre et de se positionner dans les activit\u00e9s professionnelles, priv\u00e9es et culturelles.<\/p>\n\n\n\n<p><br>Agr\u00e9\u00e9 comme formation professionnelle par le cong\u00e9-\u00e9ducation.<br>Pas d\u2019exigence de dipl\u00f4me pr\u00e9alable. Int\u00e9r\u00eat pour l\u2019action sociale. Construction de savoirs collectifs. Travail de groupe.<\/p>\n\n\n\n<div style=\"height:37px\" aria-hidden=\"true\" class=\"wp-block-spacer\"><\/div>\n\n\n\n<p>Organis\u00e9 en partenariat avec l&#8217;<a href=\"https:\/\/www.ciep.be\/index.php\/2012-11-29-08-08-12\/2012-11-29-08-08-35\/le-projet\">ISCO<\/a><\/p>\n\n\n\n<div class=\"wp-block-media-text alignwide is-stacked-on-mobile\"><figure class=\"wp-block-media-text__media\"><img loading=\"lazy\" decoding=\"async\" width=\"1024\" height=\"683\" src=\"http:\/\/ilfop.be\/wp-content\/uploads\/2021\/05\/christin-hume-Hcfwew744z4-unsplash1-1024x683.jpg\" alt=\"\" class=\"wp-image-540\" srcset=\"https:\/\/ilfop.be\/wp-content\/uploads\/2021\/05\/christin-hume-Hcfwew744z4-unsplash1-1024x683.jpg 1024w, https:\/\/ilfop.be\/wp-content\/uploads\/2021\/05\/christin-hume-Hcfwew744z4-unsplash1-300x200.jpg 300w, https:\/\/ilfop.be\/wp-content\/uploads\/2021\/05\/christin-hume-Hcfwew744z4-unsplash1-768x512.jpg 768w, https:\/\/ilfop.be\/wp-content\/uploads\/2021\/05\/christin-hume-Hcfwew744z4-unsplash1-1536x1024.jpg 1536w, https:\/\/ilfop.be\/wp-content\/uploads\/2021\/05\/christin-hume-Hcfwew744z4-unsplash1-2048x1365.jpg 2048w\" sizes=\"auto, (max-width: 1024px) 100vw, 1024px\" \/><\/figure><div class=\"wp-block-media-text__content\">\n<blockquote class=\"wp-block-quote is-layout-flow wp-block-quote-is-layout-flow\"><p>C\u2019est dans le travail d\u2019une vie que r\u00e9side la v\u00e9ritable s\u00e9duction.<\/p><cite>Pablo Picasso<\/cite><\/blockquote>\n<\/div><\/div>\n","protected":false},"excerpt":{"rendered":"<p>L\u2019Institut Sup\u00e9rieur de Culture Ouvri\u00e8re organise une formation d\u2019animateur en action collective politique, culturelle et sociale. Les m\u00e9thodes sont participatives et en groupe. Brevet d\u2019Enseignement Sup\u00e9rieur reconnu par la F\u00e9d\u00e9ration Wallonie-Bruxelles (Niveau 5 europ\u00e9en). Formation rigoureuse qui permet de comprendre et de se positionner dans les activit\u00e9s professionnelles, priv\u00e9es et culturelles. Agr\u00e9\u00e9 comme formation professionnelle [&hellip;]<\/p>\n","protected":false},"author":1,"featured_media":0,"parent":76,"menu_order":0,"comment_status":"closed","ping_status":"closed","template":"","meta":{"footnotes":""},"class_list":["post-539","page","type-page","status-publish","hentry"],"_links":{"self":[{"href":"https:\/\/ilfop.be\/index.php\/wp-json\/wp\/v2\/pages\/539","targetHints":{"allow":["GET"]}}],"collection":[{"href":"https:\/\/ilfop.be\/index.php\/wp-json\/wp\/v2\/pages"}],"about":[{"href":"https:\/\/ilfop.be\/index.php\/wp-json\/wp\/v2\/types\/page"}],"author":[{"embeddable":true,"href":"https:\/\/ilfop.be\/index.php\/wp-json\/wp\/v2\/users\/1"}],"replies":[{"embeddable":true,"href":"https:\/\/ilfop.be\/index.php\/wp-json\/wp\/v2\/comments?post=539"}],"version-history":[{"count":3,"href":"https:\/\/ilfop.be\/index.php\/wp-json\/wp\/v2\/pages\/539\/revisions"}],"predecessor-version":[{"id":546,"href":"https:\/\/ilfop.be\/index.php\/wp-json\/wp\/v2\/pages\/539\/revisions\/546"}],"up":[{"embeddable":true,"href":"https:\/\/ilfop.be\/index.php\/wp-json\/wp\/v2\/pages\/76"}],"wp:attachment":[{"href":"https:\/\/ilfop.be\/index.php\/wp-json\/wp\/v2\/media?parent=539"}],"curies":[{"name":"wp","href":"https:\/\/api.w.org\/{rel}","templated":true}]}}