{"id":583,"date":"2021-08-30T16:37:52","date_gmt":"2021-08-30T14:37:52","guid":{"rendered":"http:\/\/ilfop.be\/?page_id=583"},"modified":"2024-05-29T17:23:34","modified_gmt":"2024-05-29T15:23:34","slug":"japonais","status":"publish","type":"page","link":"https:\/\/ilfop.be\/index.php\/76-2\/japonais\/","title":{"rendered":"Japonais"},"content":{"rendered":"\n<div class=\"wp-block-columns is-layout-flex wp-container-core-columns-is-layout-9d6595d7 wp-block-columns-is-layout-flex\">\n<div class=\"wp-block-column is-layout-flow wp-block-column-is-layout-flow\" style=\"flex-basis:33.33%\">\n<figure class=\"wp-block-image size-large\"><img loading=\"lazy\" decoding=\"async\" width=\"1024\" height=\"683\" src=\"http:\/\/ilfop.be\/wp-content\/uploads\/2023\/06\/pexels-satoshi-hirayama-1325837-1024x683.jpg\" alt=\"\" class=\"wp-image-1432\" srcset=\"https:\/\/ilfop.be\/wp-content\/uploads\/2023\/06\/pexels-satoshi-hirayama-1325837-1024x683.jpg 1024w, https:\/\/ilfop.be\/wp-content\/uploads\/2023\/06\/pexels-satoshi-hirayama-1325837-300x200.jpg 300w, https:\/\/ilfop.be\/wp-content\/uploads\/2023\/06\/pexels-satoshi-hirayama-1325837-768x512.jpg 768w, https:\/\/ilfop.be\/wp-content\/uploads\/2023\/06\/pexels-satoshi-hirayama-1325837-1536x1024.jpg 1536w, https:\/\/ilfop.be\/wp-content\/uploads\/2023\/06\/pexels-satoshi-hirayama-1325837.jpg 1920w\" sizes=\"auto, (max-width: 1024px) 100vw, 1024px\" \/><\/figure>\n<\/div>\n\n\n\n<div class=\"wp-block-column is-layout-flow wp-block-column-is-layout-flow\" style=\"flex-basis:66.66%\">\n<p>Vous connaissez les mots sushi, judo, sumo, kimono, bonza\u00ef, manga, sak\u00e9, teppanyaki, zen, mikado, miso, matcha, bento, yuzu, geisha, tsunami\u2026<\/p>\n\n\n\n<p>Mais qu\u2019en est-il de ceux-ci? konbanha, furansu-jin, gomen nasai, sumimasen, densha, kuruma, biru, kanpai, futatsu, etc\u2026.<\/p>\n\n\n\n<p>C\u2019est le moment de les d\u00e9couvrir! Venez apprendre le Japonais et, plus largement, tout un monde culturel \u00e0 part enti\u00e8re!&nbsp;<\/p>\n\n\n\n<p>Possibilit\u00e9 de cong\u00e9s-\u00e9ducation sous r\u00e9serve d\u2019acceptation de votre employeur et de votre commission paritaire.<\/p>\n<\/div>\n<\/div>\n\n\n\n<div style=\"height:40px\" aria-hidden=\"true\" class=\"wp-block-spacer\"><\/div>\n\n\n\n<div class=\"wp-block-columns is-layout-flex wp-container-core-columns-is-layout-9d6595d7 wp-block-columns-is-layout-flex\">\n<div class=\"wp-block-column is-layout-flow wp-block-column-is-layout-flow\">\n<h5 class=\"has-pale-pink-color has-text-color wp-block-heading\">Horaire 2024-2025<\/h5>\n\n\n\n<p>Pas organis\u00e9 en 24-25<\/p>\n\n\n\n<p><\/p>\n<\/div>\n\n\n\n<div class=\"wp-block-column is-layout-flow wp-block-column-is-layout-flow\">\n<h5 class=\"has-pale-pink-color has-text-color wp-block-heading\">Conditions d&#8217;admission<\/h5>\n\n\n\n<p>Pour l\u2019UE 1: CEB ou test d\u2019admission.<\/p>\n\n\n\n<p>A partir de l\u2019UE 2: attestations de r\u00e9ussite des niveaux inf\u00e9rieurs ou test d\u2019admission.<\/p>\n<\/div>\n\n\n\n<div class=\"wp-block-column is-layout-flow wp-block-column-is-layout-flow\"><\/div>\n<\/div>\n\n\n\n<div style=\"height:40px\" aria-hidden=\"true\" class=\"wp-block-spacer\"><\/div>\n\n\n\n<div class=\"wp-block-media-text alignwide is-stacked-on-mobile\"><figure class=\"wp-block-media-text__media\"><img loading=\"lazy\" decoding=\"async\" width=\"1024\" height=\"683\" src=\"http:\/\/ilfop.be\/wp-content\/uploads\/2021\/08\/jeremy-zero-o3eJkl0KX3o-unsplash-1024x683.jpg\" alt=\"\" class=\"wp-image-588 size-full\" srcset=\"https:\/\/ilfop.be\/wp-content\/uploads\/2021\/08\/jeremy-zero-o3eJkl0KX3o-unsplash-1024x683.jpg 1024w, https:\/\/ilfop.be\/wp-content\/uploads\/2021\/08\/jeremy-zero-o3eJkl0KX3o-unsplash-300x200.jpg 300w, https:\/\/ilfop.be\/wp-content\/uploads\/2021\/08\/jeremy-zero-o3eJkl0KX3o-unsplash-768x512.jpg 768w, https:\/\/ilfop.be\/wp-content\/uploads\/2021\/08\/jeremy-zero-o3eJkl0KX3o-unsplash-1536x1024.jpg 1536w, https:\/\/ilfop.be\/wp-content\/uploads\/2021\/08\/jeremy-zero-o3eJkl0KX3o-unsplash-2048x1365.jpg 2048w\" sizes=\"auto, (max-width: 1024px) 100vw, 1024px\" \/><\/figure><div class=\"wp-block-media-text__content\">\n<blockquote class=\"wp-block-quote is-layout-flow wp-block-quote-is-layout-flow\"><p>Sept fois \u00e0 terre, huit fois debout<\/p><cite>Proverbe Japonais<\/cite><\/blockquote>\n<\/div><\/div>\n\n\n\n<div style=\"height:42px\" aria-hidden=\"true\" class=\"wp-block-spacer\"><\/div>\n\n\n\n<p><\/p>\n","protected":false},"excerpt":{"rendered":"<p>Vous connaissez les mots sushi, judo, sumo, kimono, bonza\u00ef, manga, sak\u00e9, teppanyaki, zen, mikado, miso, matcha, bento, yuzu, geisha, tsunami\u2026 Mais qu\u2019en est-il de ceux-ci? konbanha, furansu-jin, gomen nasai, sumimasen, densha, kuruma, biru, kanpai, futatsu, etc\u2026. C\u2019est le moment de les d\u00e9couvrir! Venez apprendre le Japonais et, plus largement, tout un monde culturel \u00e0 part [&hellip;]<\/p>\n","protected":false},"author":1,"featured_media":0,"parent":76,"menu_order":0,"comment_status":"closed","ping_status":"closed","template":"","meta":{"footnotes":""},"class_list":["post-583","page","type-page","status-publish","hentry"],"_links":{"self":[{"href":"https:\/\/ilfop.be\/index.php\/wp-json\/wp\/v2\/pages\/583","targetHints":{"allow":["GET"]}}],"collection":[{"href":"https:\/\/ilfop.be\/index.php\/wp-json\/wp\/v2\/pages"}],"about":[{"href":"https:\/\/ilfop.be\/index.php\/wp-json\/wp\/v2\/types\/page"}],"author":[{"embeddable":true,"href":"https:\/\/ilfop.be\/index.php\/wp-json\/wp\/v2\/users\/1"}],"replies":[{"embeddable":true,"href":"https:\/\/ilfop.be\/index.php\/wp-json\/wp\/v2\/comments?post=583"}],"version-history":[{"count":10,"href":"https:\/\/ilfop.be\/index.php\/wp-json\/wp\/v2\/pages\/583\/revisions"}],"predecessor-version":[{"id":1798,"href":"https:\/\/ilfop.be\/index.php\/wp-json\/wp\/v2\/pages\/583\/revisions\/1798"}],"up":[{"embeddable":true,"href":"https:\/\/ilfop.be\/index.php\/wp-json\/wp\/v2\/pages\/76"}],"wp:attachment":[{"href":"https:\/\/ilfop.be\/index.php\/wp-json\/wp\/v2\/media?parent=583"}],"curies":[{"name":"wp","href":"https:\/\/api.w.org\/{rel}","templated":true}]}}