{"id":592,"date":"2021-08-30T16:51:43","date_gmt":"2021-08-30T14:51:43","guid":{"rendered":"http:\/\/ilfop.be\/?page_id=592"},"modified":"2025-08-28T09:06:34","modified_gmt":"2025-08-28T07:06:34","slug":"art-floral","status":"publish","type":"page","link":"https:\/\/ilfop.be\/index.php\/76-2\/art-floral\/","title":{"rendered":"Fleuriste"},"content":{"rendered":"\n<div class=\"wp-block-columns is-layout-flex wp-container-core-columns-is-layout-9d6595d7 wp-block-columns-is-layout-flex\">\n<div class=\"wp-block-column is-layout-flow wp-block-column-is-layout-flow\" style=\"flex-basis:33.33%\">\n<figure class=\"wp-block-image size-large\"><img loading=\"lazy\" decoding=\"async\" width=\"1024\" height=\"683\" src=\"http:\/\/ilfop.be\/wp-content\/uploads\/2023\/06\/pexels-valeria-boltneva-1484657-1024x683.jpg\" alt=\"\" class=\"wp-image-1418\" srcset=\"https:\/\/ilfop.be\/wp-content\/uploads\/2023\/06\/pexels-valeria-boltneva-1484657-1024x683.jpg 1024w, https:\/\/ilfop.be\/wp-content\/uploads\/2023\/06\/pexels-valeria-boltneva-1484657-300x200.jpg 300w, https:\/\/ilfop.be\/wp-content\/uploads\/2023\/06\/pexels-valeria-boltneva-1484657-768x512.jpg 768w, https:\/\/ilfop.be\/wp-content\/uploads\/2023\/06\/pexels-valeria-boltneva-1484657-1536x1024.jpg 1536w, https:\/\/ilfop.be\/wp-content\/uploads\/2023\/06\/pexels-valeria-boltneva-1484657.jpg 1920w\" sizes=\"auto, (max-width: 1024px) 100vw, 1024px\" \/><\/figure>\n<\/div>\n\n\n\n<div class=\"wp-block-column is-layout-flow wp-block-column-is-layout-flow\" style=\"flex-basis:66.66%\">\n<p>Apprendre \u00e0 r\u00e9aliser diff\u00e9rentes compositions telles que des r\u00e9alisations classiques, des d\u00e9corations <\/p>\n\n\n\n<p>Vous souhaitez laisser parler votre cr\u00e9ativit\u00e9 dans une ambiance fleurie, d\u00e9contract\u00e9e et conviviale? <\/p>\n\n\n\n<p>Alors, n\u2019h\u00e9sitez pas \u00e0 vous inscrire \u00e0 notre formation!<\/p>\n\n\n\n<p>Les cours d\u2019art floral vous permettent de r\u00e9aliser des compositions de styles tr\u00e8s vari\u00e9s: r\u00e9alisations classiques, d\u00e9corations automnales, printani\u00e8res, de circonstances (f\u00eates), de diverses influences,&#8230;&nbsp;<\/p>\n\n\n\n<p>Un programme vari\u00e9, fleuri et de saison.<\/p>\n<\/div>\n<\/div>\n\n\n\n<div class=\"wp-block-columns is-layout-flex wp-container-core-columns-is-layout-9d6595d7 wp-block-columns-is-layout-flex\">\n<div class=\"wp-block-column is-layout-flow wp-block-column-is-layout-flow\">\n<h4 class=\"has-pale-pink-color has-text-color wp-block-heading\">Horaire 2025-2026<\/h4>\n\n\n\n<p>Initiation \u00e0 l&#8217;Art Floral : Jeudi de 17h30 \u00e0 21h00<\/p>\n\n\n\n<p><\/p>\n\n\n\n<p><\/p>\n\n\n\n<p><\/p>\n\n\n\n<p class=\"has-drop-cap\"><\/p>\n\n\n\n<p><\/p>\n<\/div>\n\n\n\n<div class=\"wp-block-column is-layout-flow wp-block-column-is-layout-flow\">\n<h4 class=\"has-pale-pink-color has-text-color wp-block-heading\">Conditions d&#8217;admissions<\/h4>\n\n\n\n<p>CEB ou dipl\u00f4me sup\u00e9rieur ou test d\u2019admission.<\/p>\n<\/div>\n\n\n\n<div class=\"wp-block-column is-layout-flow wp-block-column-is-layout-flow\">\n<h4 class=\"has-pale-pink-color has-text-color wp-block-heading\">Prix de la formation<\/h4>\n\n\n\n<p>88,20 \u20ac ou 32 \u20ac sous certaines conditions d&#8217;exemption<\/p>\n\n\n\n<p>Comptez \u00e9galement le co\u00fbt des fleurs et mat\u00e9riel utilis\u00e9<\/p>\n<\/div>\n<\/div>\n\n\n\n<div style=\"height:40px\" aria-hidden=\"true\" class=\"wp-block-spacer\"><\/div>\n\n\n\n<div class=\"wp-block-media-text alignwide is-stacked-on-mobile\"><figure class=\"wp-block-media-text__media\"><img loading=\"lazy\" decoding=\"async\" width=\"1024\" height=\"576\" src=\"http:\/\/ilfop.be\/wp-content\/uploads\/2021\/08\/dlanor-s-ATgfRqpFfFI-unsplash-1024x576.jpg\" alt=\"\" class=\"wp-image-593 size-full\" srcset=\"https:\/\/ilfop.be\/wp-content\/uploads\/2021\/08\/dlanor-s-ATgfRqpFfFI-unsplash-1024x576.jpg 1024w, https:\/\/ilfop.be\/wp-content\/uploads\/2021\/08\/dlanor-s-ATgfRqpFfFI-unsplash-300x169.jpg 300w, https:\/\/ilfop.be\/wp-content\/uploads\/2021\/08\/dlanor-s-ATgfRqpFfFI-unsplash-768x432.jpg 768w, https:\/\/ilfop.be\/wp-content\/uploads\/2021\/08\/dlanor-s-ATgfRqpFfFI-unsplash-1536x864.jpg 1536w, https:\/\/ilfop.be\/wp-content\/uploads\/2021\/08\/dlanor-s-ATgfRqpFfFI-unsplash-2048x1152.jpg 2048w\" sizes=\"auto, (max-width: 1024px) 100vw, 1024px\" \/><\/figure><div class=\"wp-block-media-text__content\">\n<blockquote class=\"wp-block-quote is-layout-flow wp-block-quote-is-layout-flow\"><p>Les fleurs poussent aussi parmi les ruines<\/p><cite>Marilyn French<\/cite><\/blockquote>\n<\/div><\/div>\n\n\n\n<div style=\"height:42px\" aria-hidden=\"true\" class=\"wp-block-spacer\"><\/div>\n","protected":false},"excerpt":{"rendered":"<p>Apprendre \u00e0 r\u00e9aliser diff\u00e9rentes compositions telles que des r\u00e9alisations classiques, des d\u00e9corations Vous souhaitez laisser parler votre cr\u00e9ativit\u00e9 dans une ambiance fleurie, d\u00e9contract\u00e9e et conviviale? Alors, n\u2019h\u00e9sitez pas \u00e0 vous inscrire \u00e0 notre formation! Les cours d\u2019art floral vous permettent de r\u00e9aliser des compositions de styles tr\u00e8s vari\u00e9s: r\u00e9alisations classiques, d\u00e9corations automnales, printani\u00e8res, de circonstances [&hellip;]<\/p>\n","protected":false},"author":1,"featured_media":0,"parent":76,"menu_order":0,"comment_status":"closed","ping_status":"closed","template":"","meta":{"footnotes":""},"class_list":["post-592","page","type-page","status-publish","hentry"],"_links":{"self":[{"href":"https:\/\/ilfop.be\/index.php\/wp-json\/wp\/v2\/pages\/592","targetHints":{"allow":["GET"]}}],"collection":[{"href":"https:\/\/ilfop.be\/index.php\/wp-json\/wp\/v2\/pages"}],"about":[{"href":"https:\/\/ilfop.be\/index.php\/wp-json\/wp\/v2\/types\/page"}],"author":[{"embeddable":true,"href":"https:\/\/ilfop.be\/index.php\/wp-json\/wp\/v2\/users\/1"}],"replies":[{"embeddable":true,"href":"https:\/\/ilfop.be\/index.php\/wp-json\/wp\/v2\/comments?post=592"}],"version-history":[{"count":24,"href":"https:\/\/ilfop.be\/index.php\/wp-json\/wp\/v2\/pages\/592\/revisions"}],"predecessor-version":[{"id":2215,"href":"https:\/\/ilfop.be\/index.php\/wp-json\/wp\/v2\/pages\/592\/revisions\/2215"}],"up":[{"embeddable":true,"href":"https:\/\/ilfop.be\/index.php\/wp-json\/wp\/v2\/pages\/76"}],"wp:attachment":[{"href":"https:\/\/ilfop.be\/index.php\/wp-json\/wp\/v2\/media?parent=592"}],"curies":[{"name":"wp","href":"https:\/\/api.w.org\/{rel}","templated":true}]}}