{"id":611,"date":"2021-08-31T11:04:25","date_gmt":"2021-08-31T09:04:25","guid":{"rendered":"http:\/\/ilfop.be\/?page_id=611"},"modified":"2025-04-23T12:07:59","modified_gmt":"2025-04-23T10:07:59","slug":"plantes-comestibles","status":"publish","type":"page","link":"https:\/\/ilfop.be\/index.php\/76-2\/plantes-comestibles\/","title":{"rendered":"Plantes Comestibles"},"content":{"rendered":"\n<div class=\"wp-block-columns is-layout-flex wp-container-core-columns-is-layout-9d6595d7 wp-block-columns-is-layout-flex\">\n<div class=\"wp-block-column is-layout-flow wp-block-column-is-layout-flow\" style=\"flex-basis:33.33%\">\n<figure class=\"wp-block-image size-large\"><img loading=\"lazy\" decoding=\"async\" width=\"1024\" height=\"683\" src=\"http:\/\/ilfop.be\/wp-content\/uploads\/2023\/06\/pexels-pixabay-269245-1024x683.jpg\" alt=\"\" class=\"wp-image-1437\" srcset=\"https:\/\/ilfop.be\/wp-content\/uploads\/2023\/06\/pexels-pixabay-269245-1024x683.jpg 1024w, https:\/\/ilfop.be\/wp-content\/uploads\/2023\/06\/pexels-pixabay-269245-300x200.jpg 300w, https:\/\/ilfop.be\/wp-content\/uploads\/2023\/06\/pexels-pixabay-269245-768x512.jpg 768w, https:\/\/ilfop.be\/wp-content\/uploads\/2023\/06\/pexels-pixabay-269245-1536x1024.jpg 1536w, https:\/\/ilfop.be\/wp-content\/uploads\/2023\/06\/pexels-pixabay-269245-2048x1365.jpg 2048w\" sizes=\"auto, (max-width: 1024px) 100vw, 1024px\" \/><\/figure>\n<\/div>\n\n\n\n<div class=\"wp-block-column is-layout-flow wp-block-column-is-layout-flow\" style=\"flex-basis:66.66%\">\n<p>Venez d\u00e9couvrir et identifier les diff\u00e9rentes plantes sauvages comestibles au travers de promenades dans la r\u00e9gion. Vous apprendrez \u00e0 les r\u00e9colter, les trier et les conserver de mani\u00e8re optimale pour les utiliser au quotidien, les cuisiner et s\u2019en r\u00e9galer.<\/p>\n<\/div>\n<\/div>\n\n\n\n<div style=\"height:42px\" aria-hidden=\"true\" class=\"wp-block-spacer\"><\/div>\n\n\n\n<div class=\"wp-block-columns is-layout-flex wp-container-core-columns-is-layout-9d6595d7 wp-block-columns-is-layout-flex\">\n<div class=\"wp-block-column is-layout-flow wp-block-column-is-layout-flow\">\n<h4 class=\"has-pale-pink-color has-text-color wp-block-heading\">Horaire 2025-2026<\/h4>\n\n\n\n<p>Le samedi de 09h30 \u00e0 13h30 <\/p>\n\n\n\n<p>de mars \u00e0 juin<\/p>\n<\/div>\n\n\n\n<div class=\"wp-block-column is-layout-flow wp-block-column-is-layout-flow\">\n<h4 class=\"has-pale-pink-color has-text-color wp-block-heading\">Conditions d&#8217;admission<\/h4>\n\n\n\n<p>CEB ou test d\u2019admission<\/p>\n<\/div>\n\n\n\n<div class=\"wp-block-column is-layout-flow wp-block-column-is-layout-flow\">\n<h4 class=\"has-pale-pink-color has-text-color wp-block-heading\">Prix de la formation<\/h4>\n\n\n\n<p>74,40 \u20ac ou 24 \u20ac sous certaines conditions d&#8217;exemption<\/p>\n<\/div>\n<\/div>\n\n\n\n<div class=\"wp-block-media-text alignwide is-stacked-on-mobile\"><figure class=\"wp-block-media-text__media\"><img loading=\"lazy\" decoding=\"async\" width=\"768\" height=\"1024\" src=\"http:\/\/ilfop.be\/wp-content\/uploads\/2021\/08\/tim-krisztian-VP2lo1s02Bc-unsplash-768x1024.jpg\" alt=\"\" class=\"wp-image-615 size-full\" srcset=\"https:\/\/ilfop.be\/wp-content\/uploads\/2021\/08\/tim-krisztian-VP2lo1s02Bc-unsplash-768x1024.jpg 768w, https:\/\/ilfop.be\/wp-content\/uploads\/2021\/08\/tim-krisztian-VP2lo1s02Bc-unsplash-225x300.jpg 225w, https:\/\/ilfop.be\/wp-content\/uploads\/2021\/08\/tim-krisztian-VP2lo1s02Bc-unsplash-1152x1536.jpg 1152w, https:\/\/ilfop.be\/wp-content\/uploads\/2021\/08\/tim-krisztian-VP2lo1s02Bc-unsplash-1536x2048.jpg 1536w, https:\/\/ilfop.be\/wp-content\/uploads\/2021\/08\/tim-krisztian-VP2lo1s02Bc-unsplash-scaled.jpg 1920w\" sizes=\"auto, (max-width: 768px) 100vw, 768px\" \/><\/figure><div class=\"wp-block-media-text__content\">\n<blockquote class=\"wp-block-quote is-layout-flow wp-block-quote-is-layout-flow\"><p><a href=\"https:\/\/citation-celebre.leparisien.fr\/citations\/232055\">Si tu veux des mangues, plantes un manguier.<\/a><\/p><cite>Proverbe Cr\u00e9ole<\/cite><\/blockquote>\n<\/div><\/div>\n\n\n\n<div style=\"height:42px\" aria-hidden=\"true\" class=\"wp-block-spacer\"><\/div>\n\n\n\n<p><\/p>\n","protected":false},"excerpt":{"rendered":"<p>Venez d\u00e9couvrir et identifier les diff\u00e9rentes plantes sauvages comestibles au travers de promenades dans la r\u00e9gion. Vous apprendrez \u00e0 les r\u00e9colter, les trier et les conserver de mani\u00e8re optimale pour les utiliser au quotidien, les cuisiner et s\u2019en r\u00e9galer. Horaire 2025-2026 Le samedi de 09h30 \u00e0 13h30 de mars \u00e0 juin Conditions d&#8217;admission CEB ou [&hellip;]<\/p>\n","protected":false},"author":1,"featured_media":0,"parent":76,"menu_order":0,"comment_status":"closed","ping_status":"closed","template":"","meta":{"footnotes":""},"class_list":["post-611","page","type-page","status-publish","hentry"],"_links":{"self":[{"href":"https:\/\/ilfop.be\/index.php\/wp-json\/wp\/v2\/pages\/611","targetHints":{"allow":["GET"]}}],"collection":[{"href":"https:\/\/ilfop.be\/index.php\/wp-json\/wp\/v2\/pages"}],"about":[{"href":"https:\/\/ilfop.be\/index.php\/wp-json\/wp\/v2\/types\/page"}],"author":[{"embeddable":true,"href":"https:\/\/ilfop.be\/index.php\/wp-json\/wp\/v2\/users\/1"}],"replies":[{"embeddable":true,"href":"https:\/\/ilfop.be\/index.php\/wp-json\/wp\/v2\/comments?post=611"}],"version-history":[{"count":12,"href":"https:\/\/ilfop.be\/index.php\/wp-json\/wp\/v2\/pages\/611\/revisions"}],"predecessor-version":[{"id":2011,"href":"https:\/\/ilfop.be\/index.php\/wp-json\/wp\/v2\/pages\/611\/revisions\/2011"}],"up":[{"embeddable":true,"href":"https:\/\/ilfop.be\/index.php\/wp-json\/wp\/v2\/pages\/76"}],"wp:attachment":[{"href":"https:\/\/ilfop.be\/index.php\/wp-json\/wp\/v2\/media?parent=611"}],"curies":[{"name":"wp","href":"https:\/\/api.w.org\/{rel}","templated":true}]}}