{"id":91,"date":"2021-02-24T15:25:30","date_gmt":"2021-02-24T14:25:30","guid":{"rendered":"http:\/\/ilfop.be\/?page_id=91"},"modified":"2024-01-16T10:35:56","modified_gmt":"2024-01-16T09:35:56","slug":"ameublement","status":"publish","type":"page","link":"https:\/\/ilfop.be\/index.php\/formations-namur\/ameublement\/","title":{"rendered":"Ameublement &#8211; Techniques de Base"},"content":{"rendered":"\n<p>Profitez de nos diff\u00e9rentes formations en ameublement pour habiller de renouveau vos int\u00e9rieurs ou ceux d\u2019autrui qu\u2019ils soient d\u2019\u00e9poque, vintage ou contemporain! Gr\u00e2ce \u00e0 nos professeurs, rien ne sera aussi simple que de vous mettre au go\u00fbt du jour et tout simplement faire refl\u00e9ter \u00e0 travers vos diff\u00e9rentes cr\u00e9ations les contours de votre personnalit\u00e9.<\/p>\n\n\n\n<p>Que ce soit pour perfectionnez votre savoir-faire, d\u00e9butez dans le m\u00e9tier, ou vivre pleinement une passion, notre \u00e9cole et notre formation vous garantissent un enseignement de qualit\u00e9, ouvert \u00e0 chacun et adapt\u00e9 \u00e0 vos attentes.<\/p>\n\n\n\n<p>Parez vos lits, vos tables ou vos fen\u00eatres des plus beaux tissus, cr\u00e9ez et fabriquez vos propres collections sur-mesure, apprenez \u00e0 r\u00e9aliser des petits objets de d\u00e9coration tels que bo\u00eetes de rangement, classeurs, accessoires de salle de bain, abat-jours, housses de chaise, de fauteuils, de tabouret, le gainage de tiroirs, vitrines. Confectionnez des rideaux, des voilages, des embrases, des stores et des coussins de formes, de volumes et de mati\u00e8res diff\u00e9rentes. Tout cela dans la simplicit\u00e9 ou la fantaisie, au gr\u00e9 de vos envies et fantaisies!<\/p>\n\n\n\n<p>Vous aurez tout entre les mains pour refaire enti\u00e8rement votre chez vous.<\/p>\n\n\n\n<p><strong>Un v\u00e9ritable homemade!<\/strong><\/p>\n\n\n\n<div style=\"height:42px\" aria-hidden=\"true\" class=\"wp-block-spacer\"><\/div>\n\n\n\n<div class=\"wp-block-media-text alignwide is-stacked-on-mobile\"><figure class=\"wp-block-media-text__media\"><img loading=\"lazy\" decoding=\"async\" width=\"1024\" height=\"683\" src=\"http:\/\/ilfop.be\/wp-content\/uploads\/2024\/01\/designecologist-40NvXW1VPyQ-unsplash-1024x683.jpg\" alt=\"\" class=\"wp-image-1645 size-full\" srcset=\"https:\/\/ilfop.be\/wp-content\/uploads\/2024\/01\/designecologist-40NvXW1VPyQ-unsplash-1024x683.jpg 1024w, https:\/\/ilfop.be\/wp-content\/uploads\/2024\/01\/designecologist-40NvXW1VPyQ-unsplash-300x200.jpg 300w, https:\/\/ilfop.be\/wp-content\/uploads\/2024\/01\/designecologist-40NvXW1VPyQ-unsplash-768x512.jpg 768w, https:\/\/ilfop.be\/wp-content\/uploads\/2024\/01\/designecologist-40NvXW1VPyQ-unsplash-1536x1024.jpg 1536w, https:\/\/ilfop.be\/wp-content\/uploads\/2024\/01\/designecologist-40NvXW1VPyQ-unsplash-2048x1365.jpg 2048w\" sizes=\"auto, (max-width: 1024px) 100vw, 1024px\" \/><\/figure><div class=\"wp-block-media-text__content\">\n<blockquote class=\"wp-block-quote is-layout-flow wp-block-quote-is-layout-flow\"><p>La cr\u00e9ativit\u00e9 est contagieuse, faites-la tourner<\/p><cite>Albert Einstein<\/cite><\/blockquote>\n<\/div><\/div>\n\n\n\n<div style=\"height:42px\" aria-hidden=\"true\" class=\"wp-block-spacer\"><\/div>\n\n\n\n<h4 class=\"has-vivid-red-color has-text-color wp-block-heading\"><em>Modalit\u00e9s d&#8217;inscription<\/em><\/h4>\n\n\n\n<h6 class=\"has-vivid-red-color has-text-color wp-block-heading\">Type d&#8217;enseignement<\/h6>\n\n\n\n<p>Promotion sociale<br>Enseignement secondaire de transition (\u00e9quivalent)<\/p>\n\n\n\n<h6 class=\"has-vivid-red-color has-text-color wp-block-heading\">Horaire<\/h6>\n\n\n\n<p>Vendredi de 17h \u00e0 20h30<\/p>\n\n\n\n<h6 class=\"has-vivid-red-color has-text-color wp-block-heading\">Dur\u00e9e<\/h6>\n\n\n\n<p>1 an par module<\/p>\n\n\n\n<h6 class=\"has-vivid-red-color has-text-color wp-block-heading\">Pr\u00e9-requis<\/h6>\n\n\n\n<p>CEB ou Test d&#8217;admission<\/p>\n\n\n\n<h6 class=\"has-vivid-red-color has-text-color wp-block-heading\">Conditions d&#8217;admission<\/h6>\n\n\n\n<p>Avoir au minimum 16 ans.<br>Dossier administratif complet :<\/p>\n\n\n\n<ul class=\"wp-block-list\"><li>Fiche d\u2019inscription<\/li><li>Attestation de r\u00e9ussite de l\u2019unit\u00e9 : Habillement techniques \u00e9l\u00e9mentaires ou test d\u2019admission r\u00e9ussi<\/li><li>copie d\u2019une pi\u00e8ce d\u2019identit\u00e9<\/li><li>attestation CPAS\/FOREM (pour les demandeurs d\u2019emploi ou b\u00e9n\u00e9ficiaires du RIS)<\/li><li>attestation de fr\u00e9quentation scolaire (pour les \u00e9tudiants mineurs.)<\/li><\/ul>\n\n\n\n<h6 class=\"has-vivid-red-color has-text-color wp-block-heading\">Droit d&#8217;inscription<\/h6>\n\n\n\n<p>168,60 \u20ac ou 84\u20ac \u2013 Exemption du droit d\u2019inscription de la F\u00e9d\u00e9ration Wallonie Bruxelles pour les demandeurs d\u2019emploi indemnis\u00e9s, les moins de 18 ans et les b\u00e9n\u00e9ficiaires du RIS<\/p>\n\n\n\n<h6 class=\"has-vivid-red-color has-text-color wp-block-heading\">Dossier P\u00e9dagogique<\/h6>\n\n\n\n<div class=\"wp-block-file\"><a id=\"wp-block-file--media-bbe859e2-ac12-4bab-883c-7b415e932f43\" href=\"http:\/\/ilfop.be\/wp-content\/uploads\/2021\/02\/Ameublement.pdf\"><br>Ameublement &#8211; Dossier P\u00e9dagogique<\/a><a href=\"http:\/\/ilfop.be\/wp-content\/uploads\/2021\/02\/Ameublement.pdf\" class=\"wp-block-file__button\" download aria-describedby=\"wp-block-file--media-bbe859e2-ac12-4bab-883c-7b415e932f43\">T\u00e9l\u00e9charger<\/a><\/div>\n\n\n\n<p><\/p>\n","protected":false},"excerpt":{"rendered":"<p>Profitez de nos diff\u00e9rentes formations en ameublement pour habiller de renouveau vos int\u00e9rieurs ou ceux d\u2019autrui qu\u2019ils soient d\u2019\u00e9poque, vintage ou contemporain! Gr\u00e2ce \u00e0 nos professeurs, rien ne sera aussi simple que de vous mettre au go\u00fbt du jour et tout simplement faire refl\u00e9ter \u00e0 travers vos diff\u00e9rentes cr\u00e9ations les contours de votre personnalit\u00e9. Que [&hellip;]<\/p>\n","protected":false},"author":1,"featured_media":0,"parent":722,"menu_order":0,"comment_status":"closed","ping_status":"closed","template":"","meta":{"footnotes":""},"class_list":["post-91","page","type-page","status-publish","hentry"],"_links":{"self":[{"href":"https:\/\/ilfop.be\/index.php\/wp-json\/wp\/v2\/pages\/91","targetHints":{"allow":["GET"]}}],"collection":[{"href":"https:\/\/ilfop.be\/index.php\/wp-json\/wp\/v2\/pages"}],"about":[{"href":"https:\/\/ilfop.be\/index.php\/wp-json\/wp\/v2\/types\/page"}],"author":[{"embeddable":true,"href":"https:\/\/ilfop.be\/index.php\/wp-json\/wp\/v2\/users\/1"}],"replies":[{"embeddable":true,"href":"https:\/\/ilfop.be\/index.php\/wp-json\/wp\/v2\/comments?post=91"}],"version-history":[{"count":20,"href":"https:\/\/ilfop.be\/index.php\/wp-json\/wp\/v2\/pages\/91\/revisions"}],"predecessor-version":[{"id":1654,"href":"https:\/\/ilfop.be\/index.php\/wp-json\/wp\/v2\/pages\/91\/revisions\/1654"}],"up":[{"embeddable":true,"href":"https:\/\/ilfop.be\/index.php\/wp-json\/wp\/v2\/pages\/722"}],"wp:attachment":[{"href":"https:\/\/ilfop.be\/index.php\/wp-json\/wp\/v2\/media?parent=91"}],"curies":[{"name":"wp","href":"https:\/\/api.w.org\/{rel}","templated":true}]}}