{"id":96,"date":"2021-02-24T15:29:39","date_gmt":"2021-02-24T14:29:39","guid":{"rendered":"http:\/\/ilfop.be\/?page_id=96"},"modified":"2025-04-23T11:46:13","modified_gmt":"2025-04-23T09:46:13","slug":"anglais","status":"publish","type":"page","link":"https:\/\/ilfop.be\/index.php\/76-2\/anglais\/","title":{"rendered":"Anglais"},"content":{"rendered":"\n<div class=\"wp-block-columns is-layout-flex wp-container-core-columns-is-layout-9d6595d7 wp-block-columns-is-layout-flex\">\n<div class=\"wp-block-column is-layout-flow wp-block-column-is-layout-flow\" style=\"flex-basis:33.33%\">\n<figure class=\"wp-block-gallery has-nested-images columns-default is-cropped wp-block-gallery-1 is-layout-flex wp-block-gallery-is-layout-flex\">\n<figure class=\"wp-block-image size-large\"><img loading=\"lazy\" decoding=\"async\" width=\"1024\" height=\"571\" data-id=\"1421\" src=\"http:\/\/ilfop.be\/wp-content\/uploads\/2023\/06\/pexels-pixabay-256417-1024x571.jpg\" alt=\"\" class=\"wp-image-1421\" srcset=\"https:\/\/ilfop.be\/wp-content\/uploads\/2023\/06\/pexels-pixabay-256417-1024x571.jpg 1024w, https:\/\/ilfop.be\/wp-content\/uploads\/2023\/06\/pexels-pixabay-256417-300x167.jpg 300w, https:\/\/ilfop.be\/wp-content\/uploads\/2023\/06\/pexels-pixabay-256417-768x428.jpg 768w, https:\/\/ilfop.be\/wp-content\/uploads\/2023\/06\/pexels-pixabay-256417-1536x856.jpg 1536w, https:\/\/ilfop.be\/wp-content\/uploads\/2023\/06\/pexels-pixabay-256417.jpg 1920w\" sizes=\"auto, (max-width: 1024px) 100vw, 1024px\" \/><\/figure>\n<\/figure>\n<\/div>\n\n\n\n<div class=\"wp-block-column is-layout-flow wp-block-column-is-layout-flow\" style=\"flex-basis:66.66%\">\n<p>En tant que troisi\u00e8me langue la plus parl\u00e9e \u00e0 travers le monde, l\u2019anglais est devenu incontournable dans notre quotidien. C\u2019est la langue de la science, du tourisme de l\u2019informatique, des m\u00e9dias, d\u2019internet, de la diplomatie\u2026&nbsp; La liste est longue!&nbsp;<\/p>\n\n\n\n<p>Alors, n\u2019h\u00e9sitez plus \u00e0 d\u00e9couvrir ou \u00e0 red\u00e9couvrir la langue de Shakespeare ! Le monde s\u2019ouvrira \u00e0 vous!&nbsp;<\/p>\n\n\n\n<p>Possibilit\u00e9 de cong\u00e9s-\u00e9ducation sous r\u00e9serve d\u2019acceptation de votre employeur et de votre commission paritaire.<\/p>\n<\/div>\n<\/div>\n\n\n\n<div style=\"height:40px\" aria-hidden=\"true\" class=\"wp-block-spacer\"><\/div>\n\n\n\n<div class=\"wp-block-columns is-layout-flex wp-container-core-columns-is-layout-9d6595d7 wp-block-columns-is-layout-flex\">\n<div class=\"wp-block-column is-layout-flow wp-block-column-is-layout-flow\">\n<h4 class=\"has-pale-pink-color has-text-color wp-block-heading\" style=\"font-style:normal;font-weight:700\">Horaire 2025-2026<\/h4>\n\n\n\n<p>UE 1: mardi de 18h \u00e0 20h50<\/p>\n\n\n\n<p>UE 2: mercredi de 18h \u00e0 20h50<\/p>\n\n\n\n<p>UE 3: lundi de 18h \u00e0 20h50<\/p>\n\n\n\n<p><\/p>\n\n\n\n<p><\/p>\n<\/div>\n\n\n\n<div class=\"wp-block-column is-layout-flow wp-block-column-is-layout-flow\">\n<h4 class=\"has-pale-pink-color has-text-color wp-block-heading\">Conditions d&#8217;admission<\/h4>\n\n\n\n<p>Pour l\u2019UE 1: CEB ou test d\u2019admission.<\/p>\n\n\n\n<p>A partir de l\u2019UE 2: attestations de r\u00e9ussite des niveaux inf\u00e9rieurs ou test d\u2019admission.<\/p>\n<\/div>\n\n\n\n<div class=\"wp-block-column is-layout-flow wp-block-column-is-layout-flow\">\n<h4 class=\"has-pale-pink-color has-text-color wp-block-heading\">Prix de la formation<\/h4>\n\n\n\n<p>115,80 \u20ac ou 48 \u20ac sous certaines conditions d&#8217;exemption<\/p>\n<\/div>\n<\/div>\n\n\n\n<div class=\"wp-block-columns is-layout-flex wp-container-core-columns-is-layout-9d6595d7 wp-block-columns-is-layout-flex\">\n<div class=\"wp-block-column is-layout-flow wp-block-column-is-layout-flow\"><\/div>\n\n\n\n<div class=\"wp-block-column is-layout-flow wp-block-column-is-layout-flow\"><\/div>\n<\/div>\n\n\n\n<div style=\"height:40px\" aria-hidden=\"true\" class=\"wp-block-spacer\"><\/div>\n\n\n\n<div class=\"wp-block-media-text alignwide is-stacked-on-mobile\"><figure class=\"wp-block-media-text__media\"><img loading=\"lazy\" decoding=\"async\" width=\"800\" height=\"450\" src=\"http:\/\/ilfop.be\/wp-content\/uploads\/2021\/02\/ang-1.jpg\" alt=\"\" class=\"wp-image-97 size-full\" srcset=\"https:\/\/ilfop.be\/wp-content\/uploads\/2021\/02\/ang-1.jpg 800w, https:\/\/ilfop.be\/wp-content\/uploads\/2021\/02\/ang-1-300x169.jpg 300w, https:\/\/ilfop.be\/wp-content\/uploads\/2021\/02\/ang-1-768x432.jpg 768w\" sizes=\"auto, (max-width: 800px) 100vw, 800px\" \/><\/figure><div class=\"wp-block-media-text__content\">\n<blockquote class=\"wp-block-quote is-layout-flow wp-block-quote-is-layout-flow\"><p>Nothing can come of none<\/p><cite>William Shakespeare<\/cite><\/blockquote>\n<\/div><\/div>\n\n\n\n<div style=\"height:42px\" aria-hidden=\"true\" class=\"wp-block-spacer\"><\/div>\n","protected":false},"excerpt":{"rendered":"<p>En tant que troisi\u00e8me langue la plus parl\u00e9e \u00e0 travers le monde, l\u2019anglais est devenu incontournable dans notre quotidien. C\u2019est la langue de la science, du tourisme de l\u2019informatique, des m\u00e9dias, d\u2019internet, de la diplomatie\u2026&nbsp; La liste est longue!&nbsp; Alors, n\u2019h\u00e9sitez plus \u00e0 d\u00e9couvrir ou \u00e0 red\u00e9couvrir la langue de Shakespeare ! Le monde s\u2019ouvrira [&hellip;]<\/p>\n","protected":false},"author":1,"featured_media":0,"parent":76,"menu_order":0,"comment_status":"closed","ping_status":"closed","template":"","meta":{"footnotes":""},"class_list":["post-96","page","type-page","status-publish","hentry"],"_links":{"self":[{"href":"https:\/\/ilfop.be\/index.php\/wp-json\/wp\/v2\/pages\/96","targetHints":{"allow":["GET"]}}],"collection":[{"href":"https:\/\/ilfop.be\/index.php\/wp-json\/wp\/v2\/pages"}],"about":[{"href":"https:\/\/ilfop.be\/index.php\/wp-json\/wp\/v2\/types\/page"}],"author":[{"embeddable":true,"href":"https:\/\/ilfop.be\/index.php\/wp-json\/wp\/v2\/users\/1"}],"replies":[{"embeddable":true,"href":"https:\/\/ilfop.be\/index.php\/wp-json\/wp\/v2\/comments?post=96"}],"version-history":[{"count":18,"href":"https:\/\/ilfop.be\/index.php\/wp-json\/wp\/v2\/pages\/96\/revisions"}],"predecessor-version":[{"id":2000,"href":"https:\/\/ilfop.be\/index.php\/wp-json\/wp\/v2\/pages\/96\/revisions\/2000"}],"up":[{"embeddable":true,"href":"https:\/\/ilfop.be\/index.php\/wp-json\/wp\/v2\/pages\/76"}],"wp:attachment":[{"href":"https:\/\/ilfop.be\/index.php\/wp-json\/wp\/v2\/media?parent=96"}],"curies":[{"name":"wp","href":"https:\/\/api.w.org\/{rel}","templated":true}]}}